{"id":1627,"date":"2025-10-25T14:09:34","date_gmt":"2025-10-25T12:09:34","guid":{"rendered":"https:\/\/diversityspace.de\/?post_type=product&#038;p=1627"},"modified":"2026-02-11T20:30:43","modified_gmt":"2026-02-11T19:30:43","slug":"buch-warum-muss-ich-zaehne-putzen-von-katie-daynes-marta-alvarez-miguen","status":"publish","type":"product","link":"https:\/\/diversityspace.de\/?product=buch-warum-muss-ich-zaehne-putzen-von-katie-daynes-marta-alvarez-miguen","title":{"rendered":"Buch \u2013 Warum muss ich Z\u00e4hne putzen? von Katie Daynes &#038; Marta Alvarez Miguen"},"content":{"rendered":"<p><strong>Verlagsbeschreibung<\/strong><\/p>\n<p>Wie pflegen wir unsere Z\u00e4hne richtig? Warum fallen Milchz\u00e4hne aus? Und putzen auch Tiere ihre Z\u00e4hne? Dieses Buch erkl\u00e4rt mithilfe von \u00fcber 30 Klappen spielerisch und anschaulich alles, was kleine Kinder \u00fcber das Z\u00e4hneputzen wissen sollten. \u00a9 Usborne<\/p>\n<p><strong>Diversit\u00e4tsreflexivit\u00e4t des Produktes<\/strong><\/p>\n<p>Das Bilderbuch \u201eWarum muss ich Z\u00e4hne putzen\u201c bietet einen indirekten Zugang zu Diversit\u00e4t, denn das Buch hat ein Alltagsthema, m\u00f6chte jedoch nicht selbst \u00fcber Diversit\u00e4t sprechen. Durch die Illustrationen, die PoC-Kinder zeigen, wird die Diversit\u00e4tskategorie Race* sichtbar. Dadurch entstehen Repr\u00e4sentationen, die insbesondere f\u00fcr Schwarze Kinder empowernd wirken k\u00f6nnen. Alle Kinder profitieren von diesem Zugang. In selbstverst\u00e4ndlicher Weise werden Unterschiede dargestellt und damit normalisiert. Der p\u00e4dagogische Einsatz erm\u00f6glicht ein Sprechen \u00fcber die Mundhygiene und warum diese bedeutsam f\u00fcr jedes Kind ist. Die Abbildungen k\u00f6nnten im Kindergespr\u00e4ch zu interessierten bis hin zu bewertenden Aussagen f\u00fchren. Deswegen sollten die p\u00e4dagogischen Fachkr\u00e4fte \u00fcber sichere Kenntnisse zu verschiedenen Hautfarben und m\u00f6glichen Stereotypen verf\u00fcgen. Diskriminierenden Aussagen entschieden aber aufkl\u00e4rend entgegenzutreten ist von hoher Bedeutung f\u00fcr den Einsatz des Materials.<\/p>\n","protected":false},"excerpt":{"rendered":"<p>Verlagsbeschreibung Wie pflegen wir unsere Z\u00e4hne richtig? Warum fallen Milchz\u00e4hne aus? Und putzen auch Tiere ihre Z\u00e4hne? Dieses Buch erkl\u00e4rt mithilfe von \u00fcber 30 Klappen spielerisch und anschaulich alles, was kleine Kinder \u00fcber das Z\u00e4hneputzen wissen sollten. \u00a9 Usborne Diversit\u00e4tsreflexivit\u00e4t des Produktes Das Bilderbuch \u201eWarum muss ich Z\u00e4hne putzen\u201c bietet einen indirekten Zugang zu Diversit\u00e4t, [&hellip;]<\/p>\n","protected":false},"featured_media":1628,"comment_status":"open","ping_status":"closed","template":"","meta":[],"product_brand":[],"product_cat":[282],"product_tag":[201],"class_list":{"0":"post-1627","1":"product","2":"type-product","3":"status-publish","4":"has-post-thumbnail","6":"product_cat-race","7":"product_tag-normalisierung-und-empowerment","9":"first","10":"instock","11":"shipping-taxable","12":"purchasable","13":"product-type-simple"},"_links":{"self":[{"href":"https:\/\/diversityspace.de\/index.php?rest_route=\/wp\/v2\/product\/1627","targetHints":{"allow":["GET"]}}],"collection":[{"href":"https:\/\/diversityspace.de\/index.php?rest_route=\/wp\/v2\/product"}],"about":[{"href":"https:\/\/diversityspace.de\/index.php?rest_route=\/wp\/v2\/types\/product"}],"replies":[{"embeddable":true,"href":"https:\/\/diversityspace.de\/index.php?rest_route=%2Fwp%2Fv2%2Fcomments&post=1627"}],"wp:featuredmedia":[{"embeddable":true,"href":"https:\/\/diversityspace.de\/index.php?rest_route=\/wp\/v2\/media\/1628"}],"wp:attachment":[{"href":"https:\/\/diversityspace.de\/index.php?rest_route=%2Fwp%2Fv2%2Fmedia&parent=1627"}],"wp:term":[{"taxonomy":"product_brand","embeddable":true,"href":"https:\/\/diversityspace.de\/index.php?rest_route=%2Fwp%2Fv2%2Fproduct_brand&post=1627"},{"taxonomy":"product_cat","embeddable":true,"href":"https:\/\/diversityspace.de\/index.php?rest_route=%2Fwp%2Fv2%2Fproduct_cat&post=1627"},{"taxonomy":"product_tag","embeddable":true,"href":"https:\/\/diversityspace.de\/index.php?rest_route=%2Fwp%2Fv2%2Fproduct_tag&post=1627"}],"curies":[{"name":"wp","href":"https:\/\/api.w.org\/{rel}","templated":true}]}}