{"id":1631,"date":"2025-10-25T13:47:40","date_gmt":"2025-10-25T11:47:40","guid":{"rendered":"https:\/\/diversityspace.de\/?post_type=product&#038;p=1631"},"modified":"2026-02-11T20:35:46","modified_gmt":"2026-02-11T19:35:46","slug":"puzzle-set-berufe","status":"publish","type":"product","link":"https:\/\/diversityspace.de\/?product=puzzle-set-berufe","title":{"rendered":"Puzzle-Set Berufe"},"content":{"rendered":"<p><strong>Beschreibung der Hersteller*innen<\/strong><\/p>\n<p>Hier dreht sich alles um Berufe. Was machen die \u00c4rztin, der Landwirt, der Feuerwehr, der Handwerker und die Polizistin? In diesem Zuordnungspuzzle lernen die Kinder spielerisch die Berufe und ihre Gegenst\u00e4nde zuzuordnen. Jeweils f\u00fcnf Puzzleteile werden den spannenden Berufen zugeordnet. Die Kinder lernen die einzelnen Berufe kennen und warum sie so wichtig sind. Mit praktischer Selbstkontrolle: Gegenst\u00e4nde, die ein Beruf nicht braucht, passen nicht zusammen. Au\u00dferdem gibt es ein Zusatzheft mit mehr Informationen zu den Berufen. \u00a9 beleduc<\/p>\n<p><strong>Diversit\u00e4tsreflexivit\u00e4t des Materials\u00a0<\/strong><\/p>\n<p style=\"font-weight: 400;\">Das Puzzleset \u201eBerufe\u201c beleuchtet die f\u00fcnf Berufsfelder Feuerwehr, Landwirtschaft, Polizei, Handwerk und Medizin. Dabei werden auf den einzelnen h\u00f6lzernen Puzzleteilen jeweils unterschiedliche Aspekte des Berufsfeldes dargestellt, wie Orte, T\u00e4tigkeiten oder Gegenst\u00e4nde. Durch seine Abbildungen macht das Puzzleset Vielfalt in Bezug auf Gender und Race* sichtbar. Die Illustrationen zeigen Menschen unterschiedlichen Geschlechts und mit verschiedenen Hautfarben. Die Abbildung von Diversit\u00e4t bleibt jedoch begrenzt. So ist nur eine Schwarze Person dargestellt und bestimmte Geschlechterstereotype werden nicht infrage gestellt. Beispielsweise werden Handwerk und Landwirtschaft von m\u00e4nnlich* gelesenen Personen repr\u00e4sentiert. Dennoch erm\u00f6glicht ein p\u00e4dagogischer Einsatz die Reflexion der Annahmen zu bestimmten Berufen. Zudem kann die Gespr\u00e4chsf\u00fchrung der Fachkraft mit Kenntnissen zu Geschlecht und Hautfarben sowie den einzelnen Berufsfeldern ein Bildungsangebot schaffen und an die Interessen der Kinder anschlie\u00dfen. Die Reflexion der eigenen Annahmen ist hierbei von hoher Bedeutung, um keine Stereotype zu reproduzieren.<\/p>\n","protected":false},"excerpt":{"rendered":"<p>Beschreibung der Hersteller*innen Hier dreht sich alles um Berufe. Was machen die \u00c4rztin, der Landwirt, der Feuerwehr, der Handwerker und die Polizistin? In diesem Zuordnungspuzzle lernen die Kinder spielerisch die Berufe und ihre Gegenst\u00e4nde zuzuordnen. Jeweils f\u00fcnf Puzzleteile werden den spannenden Berufen zugeordnet. Die Kinder lernen die einzelnen Berufe kennen und warum sie so wichtig [&hellip;]<\/p>\n","protected":false},"featured_media":1632,"comment_status":"open","ping_status":"closed","template":"","meta":[],"product_brand":[],"product_cat":[285,282],"product_tag":[201],"class_list":{"0":"post-1631","1":"product","2":"type-product","3":"status-publish","4":"has-post-thumbnail","6":"product_cat-gender","7":"product_cat-race","8":"product_tag-normalisierung-und-empowerment","10":"first","11":"instock","12":"shipping-taxable","13":"purchasable","14":"product-type-simple"},"_links":{"self":[{"href":"https:\/\/diversityspace.de\/index.php?rest_route=\/wp\/v2\/product\/1631","targetHints":{"allow":["GET"]}}],"collection":[{"href":"https:\/\/diversityspace.de\/index.php?rest_route=\/wp\/v2\/product"}],"about":[{"href":"https:\/\/diversityspace.de\/index.php?rest_route=\/wp\/v2\/types\/product"}],"replies":[{"embeddable":true,"href":"https:\/\/diversityspace.de\/index.php?rest_route=%2Fwp%2Fv2%2Fcomments&post=1631"}],"wp:featuredmedia":[{"embeddable":true,"href":"https:\/\/diversityspace.de\/index.php?rest_route=\/wp\/v2\/media\/1632"}],"wp:attachment":[{"href":"https:\/\/diversityspace.de\/index.php?rest_route=%2Fwp%2Fv2%2Fmedia&parent=1631"}],"wp:term":[{"taxonomy":"product_brand","embeddable":true,"href":"https:\/\/diversityspace.de\/index.php?rest_route=%2Fwp%2Fv2%2Fproduct_brand&post=1631"},{"taxonomy":"product_cat","embeddable":true,"href":"https:\/\/diversityspace.de\/index.php?rest_route=%2Fwp%2Fv2%2Fproduct_cat&post=1631"},{"taxonomy":"product_tag","embeddable":true,"href":"https:\/\/diversityspace.de\/index.php?rest_route=%2Fwp%2Fv2%2Fproduct_tag&post=1631"}],"curies":[{"name":"wp","href":"https:\/\/api.w.org\/{rel}","templated":true}]}}