{"id":1635,"date":"2025-10-25T13:45:28","date_gmt":"2025-10-25T11:45:28","guid":{"rendered":"https:\/\/diversityspace.de\/?post_type=product&#038;p=1635"},"modified":"2026-02-11T20:43:12","modified_gmt":"2026-02-11T19:43:12","slug":"a4-poster-glueckliche-kinder-vielfalt-feiern","status":"publish","type":"product","link":"https:\/\/diversityspace.de\/?product=a4-poster-glueckliche-kinder-vielfalt-feiern","title":{"rendered":"A4 Poster \u201cGl\u00fcckliche Kinder \u2013 Vielfalt feiern\u201d"},"content":{"rendered":"<p><strong>Beschreibung der Hersteller*innen<\/strong><\/p>\n<p>Hier haben wir von diversity is us selber die \u00c4rmel hochgekrempelt. Weil es kaum sch\u00f6ne Dekoration f\u00fcr Kindergarten, Wartezimmer und \u00fcberhaupt f\u00fcr von Kindern genutzte Zimmer gibt, die Vielfalt zeigt und feiert. Also haben wir zusammen mit der Illustratorin Daria Berndt dieses zaubersch\u00f6ne Poster entwickelt. Es zeigt 16 ganz unterschiedliche Kinder, einen Begleithund, einen Schmetterling und Blumen. Das Poster passt prima in den Kindergarten und die Grundschule und die kleinen Menschen sehen ganz unterschiedlich aus. Wir haben uns eine Freude daraus gemacht, so viele Diversit\u00e4tsmerkmale wie m\u00f6glich in ein Poster zu bringen. Diversit\u00e4tskriterien: Schwarze, wei\u00dfe, PoC Kinder, gendertypische wie genderuntypische Kleidung; Kinder, denen nicht auf den ersten Blick ein Geschlecht zugeordnet wird, ein Kind im Rollstuhl, eines mit Prothese, eines mit Assistenzhund, ein Kind mit Kopftuch, eines mit Glatze, und und und \u2026 Es ist fast ein Wimmelbild voll Vielfalt! \u00a9 diversity is us<\/p>\n<p><strong>Diversit\u00e4tsreflexivit\u00e4t des Materials\u00a0<\/strong><\/p>\n<div><span lang=\"DE-CH\">Das Poster bildet 16 Kinder in der Art eines Wimmelbildes ab. Es begrenzt sich in der Darstellung von Vielfalt nicht auf einzelne Diversit\u00e4tskategorien, sondern stellt die Kategorien Body, Race* <\/span>und Gender dar. Diese werden etwa durch verschiedene Hautfarben, nicht-stereotype Geschlechterbilder, Behinderungen und Verletzungen abgebildet. Das Poster tr\u00e4gt damit zur Normalisierung von Vielfalt bei. Vorherige Annahmen k\u00f6nnen dabei dekonstruiert werden. Empowerment eines einzelnen Vielfaltsaspektes leistet das Poster hingegen allein nicht. Die Bildbetrachtung kann dazu einladen, \u00fcber Unterschiede und Gemeinsamkeiten ins Gespr\u00e4ch zu kommen und eigene Positionen zu reflektieren. Zur wertsch\u00e4tzenden Thematisierung der auf dem Poster abgebildeten Vielfalt sind ein beschreibender und nicht bewertender Zugang hilfreich, Kenntnisse zu Behinderungen, Hautfarben und Geschlecht sowie ihrer Vorurteile sind von Vorteil, um<\/p>\n<div><span lang=\"DE-CH\">Kinder in ihren Beobachtungen begleiten zu k\u00f6nnen. Der Einsatz diversit\u00e4tsreflexiver Sprache sollte ber\u00fccksichtigt werden.<\/span><\/div>\n<\/div>\n","protected":false},"excerpt":{"rendered":"<p>Beschreibung der Hersteller*innen Hier haben wir von diversity is us selber die \u00c4rmel hochgekrempelt. Weil es kaum sch\u00f6ne Dekoration f\u00fcr Kindergarten, Wartezimmer und \u00fcberhaupt f\u00fcr von Kindern genutzte Zimmer gibt, die Vielfalt zeigt und feiert. Also haben wir zusammen mit der Illustratorin Daria Berndt dieses zaubersch\u00f6ne Poster entwickelt. Es zeigt 16 ganz unterschiedliche Kinder, einen [&hellip;]<\/p>\n","protected":false},"featured_media":1636,"comment_status":"open","ping_status":"closed","template":"","meta":[],"product_brand":[],"product_cat":[284,285,282],"product_tag":[160],"class_list":{"0":"post-1635","1":"product","2":"type-product","3":"status-publish","4":"has-post-thumbnail","6":"product_cat-body","7":"product_cat-gender","8":"product_cat-race","9":"product_tag-normalisierung-und-dekonstruktion","11":"first","12":"instock","13":"shipping-taxable","14":"purchasable","15":"product-type-simple"},"_links":{"self":[{"href":"https:\/\/diversityspace.de\/index.php?rest_route=\/wp\/v2\/product\/1635","targetHints":{"allow":["GET"]}}],"collection":[{"href":"https:\/\/diversityspace.de\/index.php?rest_route=\/wp\/v2\/product"}],"about":[{"href":"https:\/\/diversityspace.de\/index.php?rest_route=\/wp\/v2\/types\/product"}],"replies":[{"embeddable":true,"href":"https:\/\/diversityspace.de\/index.php?rest_route=%2Fwp%2Fv2%2Fcomments&post=1635"}],"wp:featuredmedia":[{"embeddable":true,"href":"https:\/\/diversityspace.de\/index.php?rest_route=\/wp\/v2\/media\/1636"}],"wp:attachment":[{"href":"https:\/\/diversityspace.de\/index.php?rest_route=%2Fwp%2Fv2%2Fmedia&parent=1635"}],"wp:term":[{"taxonomy":"product_brand","embeddable":true,"href":"https:\/\/diversityspace.de\/index.php?rest_route=%2Fwp%2Fv2%2Fproduct_brand&post=1635"},{"taxonomy":"product_cat","embeddable":true,"href":"https:\/\/diversityspace.de\/index.php?rest_route=%2Fwp%2Fv2%2Fproduct_cat&post=1635"},{"taxonomy":"product_tag","embeddable":true,"href":"https:\/\/diversityspace.de\/index.php?rest_route=%2Fwp%2Fv2%2Fproduct_tag&post=1635"}],"curies":[{"name":"wp","href":"https:\/\/api.w.org\/{rel}","templated":true}]}}