{"id":1646,"date":"2025-10-25T13:19:32","date_gmt":"2025-10-25T11:19:32","guid":{"rendered":"https:\/\/diversityspace.de\/?post_type=product&#038;p=1646"},"modified":"2026-04-28T18:01:51","modified_gmt":"2026-04-28T16:01:51","slug":"buch-mein-grosses-berufe-wimmelbuch-ich-kann-alles-werden","status":"publish","type":"product","link":"https:\/\/diversityspace.de\/?product=buch-mein-grosses-berufe-wimmelbuch-ich-kann-alles-werden","title":{"rendered":"Buch \u2013 Mein gro\u00dfes Berufe-Wimmelbuch \u2013 Ich kann alles werden!"},"content":{"rendered":"<p><strong>Verlagsbeschreibung<\/strong><\/p>\n<p>Am Tag und in der Nacht, in der Stadt und im Dorf \u2013 \u00fcberall gibt es viel zu tun. Folge den vielen Geschichten und entdecke eine moderne Berufswelt, die frei ist von Geschlechterklischees. Mein gro\u00dfes Berufe-Wimmelbuch l\u00e4sst dich erfahren: Ich kann alles werden, was ich m\u00f6chte! \u00a9 Initiative Klischeefrei<\/p>\n<p><strong>Diversit\u00e4tsreflexivit\u00e4t des Produkts<\/strong><\/p>\n","protected":false},"excerpt":{"rendered":"<p>Verlagsbeschreibung Am Tag und in der Nacht, in der Stadt und im Dorf \u2013 \u00fcberall gibt es viel zu tun. Folge den vielen Geschichten und entdecke eine moderne Berufswelt, die frei ist von Geschlechterklischees. Mein gro\u00dfes Berufe-Wimmelbuch l\u00e4sst dich erfahren: Ich kann alles werden, was ich m\u00f6chte! \u00a9 Initiative Klischeefrei Diversit\u00e4tsreflexivit\u00e4t des Produkts<\/p>\n","protected":false},"featured_media":1647,"comment_status":"open","ping_status":"closed","template":"","meta":[],"product_brand":[],"product_cat":[284,285,282],"product_tag":[201],"class_list":{"0":"post-1646","1":"product","2":"type-product","3":"status-publish","4":"has-post-thumbnail","6":"product_cat-body","7":"product_cat-gender","8":"product_cat-race","9":"product_tag-normalisierung-und-empowerment","11":"first","12":"instock","13":"shipping-taxable","14":"purchasable","15":"product-type-simple"},"_links":{"self":[{"href":"https:\/\/diversityspace.de\/index.php?rest_route=\/wp\/v2\/product\/1646","targetHints":{"allow":["GET"]}}],"collection":[{"href":"https:\/\/diversityspace.de\/index.php?rest_route=\/wp\/v2\/product"}],"about":[{"href":"https:\/\/diversityspace.de\/index.php?rest_route=\/wp\/v2\/types\/product"}],"replies":[{"embeddable":true,"href":"https:\/\/diversityspace.de\/index.php?rest_route=%2Fwp%2Fv2%2Fcomments&post=1646"}],"wp:featuredmedia":[{"embeddable":true,"href":"https:\/\/diversityspace.de\/index.php?rest_route=\/wp\/v2\/media\/1647"}],"wp:attachment":[{"href":"https:\/\/diversityspace.de\/index.php?rest_route=%2Fwp%2Fv2%2Fmedia&parent=1646"}],"wp:term":[{"taxonomy":"product_brand","embeddable":true,"href":"https:\/\/diversityspace.de\/index.php?rest_route=%2Fwp%2Fv2%2Fproduct_brand&post=1646"},{"taxonomy":"product_cat","embeddable":true,"href":"https:\/\/diversityspace.de\/index.php?rest_route=%2Fwp%2Fv2%2Fproduct_cat&post=1646"},{"taxonomy":"product_tag","embeddable":true,"href":"https:\/\/diversityspace.de\/index.php?rest_route=%2Fwp%2Fv2%2Fproduct_tag&post=1646"}],"curies":[{"name":"wp","href":"https:\/\/api.w.org\/{rel}","templated":true}]}}