{"id":1676,"date":"2025-10-27T10:54:21","date_gmt":"2025-10-27T09:54:21","guid":{"rendered":"https:\/\/diversityspace.de\/?post_type=product&#038;p=1676"},"modified":"2026-02-11T19:33:06","modified_gmt":"2026-02-11T18:33:06","slug":"buch-mommy-mama-and-me-von-leslea-newman-carol-thompson","status":"publish","type":"product","link":"https:\/\/diversityspace.de\/?product=buch-mommy-mama-and-me-von-leslea-newman-carol-thompson","title":{"rendered":"Buch \u2013 Mommy, Mama, and Me von Leslea Newman &#038; Carol Thompson"},"content":{"rendered":"<p><strong>Verlagsbeschreibung<\/strong><\/p>\n<p>Ein herzerw\u00e4rmendes Pappbilderbuch \u00fcber homosexuelle Eltern! Ein gro\u00dfartiger Kauf f\u00fcr frischgebackene Eltern und Neugeborene gleicherma\u00dfen und das perfekte Geschenk, um Mommy, Mama und anderen Ihre Liebe zu zeigen!<br \/>\nRhythmischer Text und Illustrationen mit universeller Anziehungskraft zeigen ein Kleinkind, das den Tag mit seinen M\u00fcttern verbringt. Von Versteckspielen \u00fcber Verkleiden bis hin zur Badezeit und einem Gutenachtkuss \u2013 einer liebevollen Familie sind keine Grenzen gesetzt.<br \/>\nTeilen Sie die liebevolle Bindung zwischen gleichgeschlechtlichen Eltern und ihren Kindern in dieser herzerw\u00e4rmenden Familiengeschichte. \u00a9 RANDOM HOUSE PUBLISHING GROUP [\u00dcbersetzung durch die Redaktion]<\/p>\n<p><strong>Diversit\u00e4tsreflexivit\u00e4t des Materials\u00a0<\/strong><\/p>\n<p style=\"font-weight: 400;\">Das Pappbilderbuch zeigt den Alltag eines Kleinkinds mit seinen beiden M\u00fcttern. Durch die gleichgeschlechtliche Beziehung der M\u00fctter wird Familienform und sexuelle Orientierung thematisiert. Das Material bietet durch englischsprachige Reime und wiederkehrende Alltagsszenen einen Zugang zu Normalisierung und Empowerment mit Kindern. F\u00fcr den Einsatz beim gemeinsamen Lesen und Betrachten ist abgesichertes Wissen zu Familienkonstellationen und den Vorurteilen gegen\u00fcber gleichgeschlechtlicher Elternschaft notwendig. So kann ein Gespr\u00e4ch angeregt werden, in dem die Beziehungen einer Familien im Mittelpunkt stehen und nicht das Geschlecht der Eltern.<\/p>\n","protected":false},"excerpt":{"rendered":"<p>Verlagsbeschreibung Ein herzerw\u00e4rmendes Pappbilderbuch \u00fcber homosexuelle Eltern! Ein gro\u00dfartiger Kauf f\u00fcr frischgebackene Eltern und Neugeborene gleicherma\u00dfen und das perfekte Geschenk, um Mommy, Mama und anderen Ihre Liebe zu zeigen! Rhythmischer Text und Illustrationen mit universeller Anziehungskraft zeigen ein Kleinkind, das den Tag mit seinen M\u00fcttern verbringt. Von Versteckspielen \u00fcber Verkleiden bis hin zur Badezeit und [&hellip;]<\/p>\n","protected":false},"featured_media":1677,"comment_status":"open","ping_status":"closed","template":"","meta":[],"product_brand":[],"product_cat":[285],"product_tag":[201],"class_list":{"0":"post-1676","1":"product","2":"type-product","3":"status-publish","4":"has-post-thumbnail","6":"product_cat-gender","7":"product_tag-normalisierung-und-empowerment","9":"first","10":"instock","11":"shipping-taxable","12":"product-type-simple"},"_links":{"self":[{"href":"https:\/\/diversityspace.de\/index.php?rest_route=\/wp\/v2\/product\/1676","targetHints":{"allow":["GET"]}}],"collection":[{"href":"https:\/\/diversityspace.de\/index.php?rest_route=\/wp\/v2\/product"}],"about":[{"href":"https:\/\/diversityspace.de\/index.php?rest_route=\/wp\/v2\/types\/product"}],"replies":[{"embeddable":true,"href":"https:\/\/diversityspace.de\/index.php?rest_route=%2Fwp%2Fv2%2Fcomments&post=1676"}],"wp:featuredmedia":[{"embeddable":true,"href":"https:\/\/diversityspace.de\/index.php?rest_route=\/wp\/v2\/media\/1677"}],"wp:attachment":[{"href":"https:\/\/diversityspace.de\/index.php?rest_route=%2Fwp%2Fv2%2Fmedia&parent=1676"}],"wp:term":[{"taxonomy":"product_brand","embeddable":true,"href":"https:\/\/diversityspace.de\/index.php?rest_route=%2Fwp%2Fv2%2Fproduct_brand&post=1676"},{"taxonomy":"product_cat","embeddable":true,"href":"https:\/\/diversityspace.de\/index.php?rest_route=%2Fwp%2Fv2%2Fproduct_cat&post=1676"},{"taxonomy":"product_tag","embeddable":true,"href":"https:\/\/diversityspace.de\/index.php?rest_route=%2Fwp%2Fv2%2Fproduct_tag&post=1676"}],"curies":[{"name":"wp","href":"https:\/\/api.w.org\/{rel}","templated":true}]}}