{"id":1679,"date":"2025-11-07T10:07:26","date_gmt":"2025-11-07T09:07:26","guid":{"rendered":"https:\/\/diversityspace.de\/?post_type=product&#038;p=1679"},"modified":"2026-02-11T20:41:55","modified_gmt":"2026-02-11T19:41:55","slug":"babypuppe-anton-wilhelm","status":"publish","type":"product","link":"https:\/\/diversityspace.de\/?product=babypuppe-anton-wilhelm","title":{"rendered":"Babypuppe Anton Wilhelm"},"content":{"rendered":"<p><strong>Beschreibung der Verk\u00e4ufer*innen<\/strong><\/p>\n<p>Eine Schwarze Babypuppe zum Verlieben<br \/>\nKennst Du Anton Wilhelm schon? Der Junge, der den Namen des Philosophen und Wissenschaftlers Anton Wilhelm Amos tr\u00e4gt, ist 34 cm gro\u00df, anatomisch korrekt und hat einen Mund zum Verlieben. Er kann alle Gliedma\u00dfen bewegen und sitzen.<br \/>\nEr tr\u00e4gt eine leichte Vanillenote.\u00a0\u00a9 tebalou.shop<\/p>\n<p><strong>Diversit\u00e4tsreflexivit\u00e4t des Produktes<\/strong><\/p>\n<p style=\"font-weight: 400;\">Die Babypuppe Anton\u202fWilhelm ist eine Schwarze Puppe mit m\u00e4nnlichen* Geschlechtsmerkmalen. Sie thematisiert somit die Diversit\u00e4tskategorien Race* und Gender. Anton Wilhelm kann im Spiel Sichtbarkeit Schwarzer Personen schaffen und Empowerment f\u00f6rdern. Die Puppe ist fein gearbeitet und ihr Einsatz l\u00e4dt zum Sprechen \u00fcber K\u00f6rper und Geschlechtsmerkmale ein. P\u00e4dagogische Fachkr\u00e4fte sollten \u00fcber ein abgesichertes Wissen zu Hautfarben und Geschlecht wie auch Stereotypen verf\u00fcgen und wie sie denen begegnen k\u00f6nnen. Weiterhin sind sexualp\u00e4dagogische Kenntnisse von Vorteil, um m\u00f6glichen Fragen zu K\u00f6rpermerkmalen von Jungen* sicher begegnen zu k\u00f6nnen. Auch ist die Reflexion der eigenen Annahmen von hoher Bedeutung, um keine Vorurteile unbeabsichtigt zu reproduzieren.<\/p>\n","protected":false},"excerpt":{"rendered":"<p>Beschreibung der Verk\u00e4ufer*innen Eine Schwarze Babypuppe zum Verlieben Kennst Du Anton Wilhelm schon? Der Junge, der den Namen des Philosophen und Wissenschaftlers Anton Wilhelm Amos tr\u00e4gt, ist 34 cm gro\u00df, anatomisch korrekt und hat einen Mund zum Verlieben. Er kann alle Gliedma\u00dfen bewegen und sitzen. Er tr\u00e4gt eine leichte Vanillenote.\u00a0\u00a9 tebalou.shop Diversit\u00e4tsreflexivit\u00e4t des Produktes Die [&hellip;]<\/p>\n","protected":false},"featured_media":1680,"comment_status":"open","ping_status":"closed","template":"","meta":[],"product_brand":[],"product_cat":[285,282],"product_tag":[201],"class_list":{"0":"post-1679","1":"product","2":"type-product","3":"status-publish","4":"has-post-thumbnail","6":"product_cat-gender","7":"product_cat-race","8":"product_tag-normalisierung-und-empowerment","10":"first","11":"instock","12":"shipping-taxable","13":"product-type-simple"},"_links":{"self":[{"href":"https:\/\/diversityspace.de\/index.php?rest_route=\/wp\/v2\/product\/1679","targetHints":{"allow":["GET"]}}],"collection":[{"href":"https:\/\/diversityspace.de\/index.php?rest_route=\/wp\/v2\/product"}],"about":[{"href":"https:\/\/diversityspace.de\/index.php?rest_route=\/wp\/v2\/types\/product"}],"replies":[{"embeddable":true,"href":"https:\/\/diversityspace.de\/index.php?rest_route=%2Fwp%2Fv2%2Fcomments&post=1679"}],"wp:featuredmedia":[{"embeddable":true,"href":"https:\/\/diversityspace.de\/index.php?rest_route=\/wp\/v2\/media\/1680"}],"wp:attachment":[{"href":"https:\/\/diversityspace.de\/index.php?rest_route=%2Fwp%2Fv2%2Fmedia&parent=1679"}],"wp:term":[{"taxonomy":"product_brand","embeddable":true,"href":"https:\/\/diversityspace.de\/index.php?rest_route=%2Fwp%2Fv2%2Fproduct_brand&post=1679"},{"taxonomy":"product_cat","embeddable":true,"href":"https:\/\/diversityspace.de\/index.php?rest_route=%2Fwp%2Fv2%2Fproduct_cat&post=1679"},{"taxonomy":"product_tag","embeddable":true,"href":"https:\/\/diversityspace.de\/index.php?rest_route=%2Fwp%2Fv2%2Fproduct_tag&post=1679"}],"curies":[{"name":"wp","href":"https:\/\/api.w.org\/{rel}","templated":true}]}}