{"id":25,"date":"2020-10-26T20:58:46","date_gmt":"2020-10-26T19:58:46","guid":{"rendered":"https:\/\/diversityspace.de\/?post_type=product&#038;p=25"},"modified":"2025-11-10T17:55:02","modified_gmt":"2025-11-10T16:55:02","slug":"der-geheimnisvolle-ritter-namenlos","status":"publish","type":"product","link":"https:\/\/diversityspace.de\/?product=der-geheimnisvolle-ritter-namenlos","title":{"rendered":"Der geheimnisvolle Ritter Namenlos"},"content":{"rendered":"<p><strong><a href=\"https:\/\/diversityspace.de\/wp-content\/uploads\/2024\/05\/2023_Burghardt_Namenlos_BDA-1.pdf\">2024_Burghardt_Namenlos_BDA<\/a><\/strong><\/p>\n<p><strong>Verlagsbeschreibung<\/strong><\/p>\n<p>&#8222;Prinzessin Violetta will auch so reiten und k\u00e4mpfen k\u00f6nnen wie ihre gro\u00dfen Br\u00fcder. Ihr Vater, K\u00f6nig Wilfried, hat allerdings ganz anderes mit ihr vor. Zur Feier ihres Geburtstages wird ein Turnier stattfinden. Dass der Sieger Violetta zur Frau bekommen soll, will sie unbedingt verhindern. Aber dann taucht ein geheimnisvoller Ritter auf &#8230;&#8220; \u00a9 FISCHER Sauerl\u00e4nder<\/p>\n<p><strong>Diversit\u00e4tsreflexivit\u00e4t des Produkts<\/strong><\/p>\n<p>Das Kinderbuch \u201eDer geheimnisvolle Ritter Namenlos\u201c thematisiert die klischeehaften Geschlechterrollen von Jungen* und M\u00e4dchen* im mittelalterlichen Rittertum \u2013 Jungen*\/ M\u00e4nner* als starke, befehlende, laute und durchsetzungsstarke Ritter und M\u00e4dchen*\/ Frauen* als schwach, gehorsam, ruhig und freundlich. Im Fokus des Buches steht somit die Differenzkategorie <em>Geschlecht<\/em>. Die Hauptfigur namens Violetta l\u00e4sst sich nicht aufgrund ihres Geschlechtes einschr\u00e4nken, sie k\u00e4mpft weiter f\u00fcr ihre Ziele und ihre Selbstbestimmung. Vor diesem Hintergrund k\u00f6nnen Kinder durch das Empowerment von Violetta ermutigt werden, geschlechtsunabh\u00e4ngig ihre individuellen Interessen und Ziele zu verfolgen.<\/p>\n<p>Des Weiteren wird im Buch die Diskriminierungsform des <em>Adultismus<\/em> fokussiert: die Macht, die Erwachsene \u00fcber Kinder haben, indem sie Entscheidungen f\u00fcr die Kinder treffen. Es geht daher auch im Wesentlichen um Selbstbestimmung des Subjekts. Im Mittelpunkt des Kinderbuches steht der Kampf der Selbstbestimmung von jungen Frauen. Die Werte Toleranz und Akzeptanz gegen\u00fcber den eigenen Entscheidungen von Kindern sollen Erwachsenen \u00fcber die Geschichte vermittelt werden. Adressierend an die Kinder soll das Buch sensibilisieren und darin best\u00e4rken, dass auch M\u00e4dchen die Rollen und Aufgaben von Jungen erf\u00fcllen k\u00f6nnen, obwohl sie von Natur aus andere Grundvoraussetzungen aufgrund des Geschlechtes mitbringen \u2013 wenn sie es denn<em> aus eigenem Willen tun<\/em>.<\/p>\n<p>Kritisch an dem Buch ist, dass grunds\u00e4tzlich eine sehr altmodische Rollenverteilung der Geschlechter vorliegt. Unteranderem bringt der K\u00f6nig den S\u00f6hnen zu Beginn des Buches bestimmte \u201em\u00e4nnliche\u201c Manieren und Verhaltensweisen bei. Beispielsweise sollen die S\u00f6hne lernen Befehle zu geben. Auf Grundlage dessen werden den Geschlechtern bestimmte Verhaltensnormen zugeschrieben, wobei die Jungen das \u00fcberlegende Geschlecht darstellen. Dadurch k\u00f6nnten sich Kinder auch schnell mit diesen veralteten Geschlechterrollen identifizieren und diese reproduzieren.<\/p>\n","protected":false},"excerpt":{"rendered":"<p>2024_Burghardt_Namenlos_BDA Verlagsbeschreibung &#8222;Prinzessin Violetta will auch so reiten und k\u00e4mpfen k\u00f6nnen wie ihre gro\u00dfen Br\u00fcder. Ihr Vater, K\u00f6nig Wilfried, hat allerdings ganz anderes mit ihr vor. Zur Feier ihres Geburtstages wird ein Turnier stattfinden. Dass der Sieger Violetta zur Frau bekommen soll, will sie unbedingt verhindern. Aber dann taucht ein geheimnisvoller Ritter auf &#8230;&#8220; \u00a9 [&hellip;]<\/p>\n","protected":false},"featured_media":26,"comment_status":"open","ping_status":"closed","template":"","meta":[],"product_brand":[],"product_cat":[285],"product_tag":[201],"class_list":{"0":"post-25","1":"product","2":"type-product","3":"status-publish","4":"has-post-thumbnail","6":"product_cat-gender","7":"product_tag-normalisierung-und-empowerment","9":"first","10":"outofstock","11":"shipping-taxable","12":"purchasable","13":"product-type-simple"},"_links":{"self":[{"href":"https:\/\/diversityspace.de\/index.php?rest_route=\/wp\/v2\/product\/25","targetHints":{"allow":["GET"]}}],"collection":[{"href":"https:\/\/diversityspace.de\/index.php?rest_route=\/wp\/v2\/product"}],"about":[{"href":"https:\/\/diversityspace.de\/index.php?rest_route=\/wp\/v2\/types\/product"}],"replies":[{"embeddable":true,"href":"https:\/\/diversityspace.de\/index.php?rest_route=%2Fwp%2Fv2%2Fcomments&post=25"}],"wp:featuredmedia":[{"embeddable":true,"href":"https:\/\/diversityspace.de\/index.php?rest_route=\/wp\/v2\/media\/26"}],"wp:attachment":[{"href":"https:\/\/diversityspace.de\/index.php?rest_route=%2Fwp%2Fv2%2Fmedia&parent=25"}],"wp:term":[{"taxonomy":"product_brand","embeddable":true,"href":"https:\/\/diversityspace.de\/index.php?rest_route=%2Fwp%2Fv2%2Fproduct_brand&post=25"},{"taxonomy":"product_cat","embeddable":true,"href":"https:\/\/diversityspace.de\/index.php?rest_route=%2Fwp%2Fv2%2Fproduct_cat&post=25"},{"taxonomy":"product_tag","embeddable":true,"href":"https:\/\/diversityspace.de\/index.php?rest_route=%2Fwp%2Fv2%2Fproduct_tag&post=25"}],"curies":[{"name":"wp","href":"https:\/\/api.w.org\/{rel}","templated":true}]}}