{"id":27,"date":"2020-10-26T21:06:18","date_gmt":"2020-10-26T20:06:18","guid":{"rendered":"https:\/\/diversityspace.de\/?post_type=product&#038;p=27"},"modified":"2026-04-23T11:29:04","modified_gmt":"2026-04-23T09:29:04","slug":"du-und-ich-sind-wir-das-grosse-buch-der-freundschaft","status":"publish","type":"product","link":"https:\/\/diversityspace.de\/?product=du-und-ich-sind-wir-das-grosse-buch-der-freundschaft","title":{"rendered":"DU und ICH sind WIR. Das gro\u00dfe Buch der Freundschaft"},"content":{"rendered":"<p><strong>Verlagsbeschreibung<\/strong><\/p>\n<p><span style=\"font-family: Calibri, sans-serif;\"><span style=\"font-size: medium;\">&#8222;Was ist ein*e Freund*in? Und wer oder was kann das alles sein?<\/span><\/span><br \/>\n<span style=\"font-family: Calibri, sans-serif;\"><span style=\"font-size: medium;\">M\u00fcssen Freund*innen genau gleich sein oder ist es besser, wenn sie total verschieden sind?<br \/>\nKann man mit einer Person befreundet sein, der*die am anderen Ende der Welt wohnt?<br \/>\nM\u00fcssen sich beste Freund*innen immer gut vertragen oder d\u00fcrfen sie auch richtig streiten?<br \/>\nUnd was ist eigentlich mit dem Haustier oder dem liebsten Kuschelhasen? Z\u00e4hlen die auch?<br \/>\nWichtig ist am Ende doch nur das Eine: Wir alle brauchen Freund*innen!&#8220; \u00a9 S. FISCHER Verlag GmbH<\/span><\/span><\/p>\n<p><span style=\"font-family: Calibri, sans-serif;\"><span style=\"font-size: medium;\">(abge\u00e4nderte Verlagsbeschreibung)<\/span><\/span><\/p>\n<p><strong><span style=\"font-family: Calibri, sans-serif;\"><span style=\"font-size: medium;\">Diversit\u00e4tsreflexivit\u00e4t des Produkts<\/span><\/span><\/strong><\/p>\n<p><span style=\"font-family: Calibri, sans-serif;\"><span style=\"font-size: medium;\">Das Kindersachbuch \u201eDu und ich sind wir. Das Gro\u00dfe Buch der Freundschaft\u201c von Mary Hoffman und Ros Asquith nimmt das Thema Freund*innenschaft von vielen verschiedenen Richtungen in den Blick. Jede Doppelseite ist einem Aspekt gewidmet und l\u00e4dt dazu ein, mit Kindern \u00fcber Freund*innenschaften ins Gespr\u00e4ch zu kommen. Es wird keine zusammenh\u00e4ngende Geschichte erz\u00e4hlt, sondern Fragen aufgeworfen und Gedankenanst\u00f6\u00dfe gegeben: Was macht eigentlich Freund*innen aus? Wer kann alles ein*e Freund*in sein? Auch Dinge, Haustiere oder Fantasiewesen? M\u00f6gen Freund*innen immer das Gleiche? Was passiert bei einem Konflikt? Mit dem Buch wird die Botschaft vermittelt, dass Freundschaften ganz unterschiedlich aussehen k\u00f6nnen, sie sich ver\u00e4ndern und es dabei kein richtig oder falsch gibt oder es auch in Ordnung ist mal keine Freunde zu haben. Die Doppelseiten illustrieren mit alltagsnahen illustrierten Beispielen und recht kurzen Texten in Form von Sprechblasen, wie Freund*innenschaften gedacht werden k\u00f6nnen. Die Antworten auf die vorangegangenen Fragen sind vielf\u00e4ltig, ernsthaft und witzig gleicherma\u00dfen.<\/span><\/span><\/p>\n<p><span style=\"font-family: Calibri, sans-serif;\"><span style=\"font-size: medium;\">Die Kinder und Erwachsenen in diesem Buch werden sehr divers dargestellt. Die angesprochenen Themen bieten Identifikationsm\u00f6glichkeiten f\u00fcr viele Kinder und k\u00f6nnen daf\u00fcr genutzt werden, Themen und Situationen aus dem Alltag der Kinder nochmal aufzugreifen und ihnen Verst\u00e4ndnis zu bieten. Dabei bleibt immer Raum, auch \u00fcber eigene Erfahrungen und Gedanken zu sprechen. Die Darstellung von verschiedensten Formen von Freund*innenschaften kann zu einer Normalisierung von Diversit\u00e4t beitragen. Durch die einfache Sprache und die detailreichen Illustrationen werden die Themen direkt sehr nachvollziehbar vermittelt.<\/span><\/span><\/p>\n<p><span style=\"font-family: Calibri, sans-serif;\"><span style=\"font-size: medium;\">Trotz der gro\u00dfen Diversit\u00e4t wird im Buch leider durchgehend auf eine genderneutrale Schreibweise verzichtet<\/span><\/span>.<\/p>\n","protected":false},"excerpt":{"rendered":"<p>Verlagsbeschreibung &#8222;Was ist ein*e Freund*in? Und wer oder was kann das alles sein? M\u00fcssen Freund*innen genau gleich sein oder ist es besser, wenn sie total verschieden sind? Kann man mit einer Person befreundet sein, der*die am anderen Ende der Welt wohnt? M\u00fcssen sich beste Freund*innen immer gut vertragen oder d\u00fcrfen sie auch richtig streiten? Und [&hellip;]<\/p>\n","protected":false},"featured_media":28,"comment_status":"open","ping_status":"closed","template":"","meta":[],"product_brand":[],"product_cat":[284,283,285,282],"product_tag":[160],"class_list":{"0":"post-27","1":"product","2":"type-product","3":"status-publish","4":"has-post-thumbnail","6":"product_cat-body","7":"product_cat-class","8":"product_cat-gender","9":"product_cat-race","10":"product_tag-normalisierung-und-dekonstruktion","12":"first","13":"instock","14":"shipping-taxable","15":"purchasable","16":"product-type-simple"},"_links":{"self":[{"href":"https:\/\/diversityspace.de\/index.php?rest_route=\/wp\/v2\/product\/27","targetHints":{"allow":["GET"]}}],"collection":[{"href":"https:\/\/diversityspace.de\/index.php?rest_route=\/wp\/v2\/product"}],"about":[{"href":"https:\/\/diversityspace.de\/index.php?rest_route=\/wp\/v2\/types\/product"}],"replies":[{"embeddable":true,"href":"https:\/\/diversityspace.de\/index.php?rest_route=%2Fwp%2Fv2%2Fcomments&post=27"}],"wp:featuredmedia":[{"embeddable":true,"href":"https:\/\/diversityspace.de\/index.php?rest_route=\/wp\/v2\/media\/28"}],"wp:attachment":[{"href":"https:\/\/diversityspace.de\/index.php?rest_route=%2Fwp%2Fv2%2Fmedia&parent=27"}],"wp:term":[{"taxonomy":"product_brand","embeddable":true,"href":"https:\/\/diversityspace.de\/index.php?rest_route=%2Fwp%2Fv2%2Fproduct_brand&post=27"},{"taxonomy":"product_cat","embeddable":true,"href":"https:\/\/diversityspace.de\/index.php?rest_route=%2Fwp%2Fv2%2Fproduct_cat&post=27"},{"taxonomy":"product_tag","embeddable":true,"href":"https:\/\/diversityspace.de\/index.php?rest_route=%2Fwp%2Fv2%2Fproduct_tag&post=27"}],"curies":[{"name":"wp","href":"https:\/\/api.w.org\/{rel}","templated":true}]}}