{"id":31,"date":"2020-10-26T21:10:53","date_gmt":"2020-10-26T20:10:53","guid":{"rendered":"https:\/\/diversityspace.de\/?post_type=product&#038;p=31"},"modified":"2025-11-10T17:45:22","modified_gmt":"2025-11-10T16:45:22","slug":"wo-ist-karlas-papa","status":"publish","type":"product","link":"https:\/\/diversityspace.de\/?product=wo-ist-karlas-papa","title":{"rendered":"Wo ist Karlas Papa?"},"content":{"rendered":"<p><strong>Verlagsbeschreibung<\/strong><\/p>\n<p>&#8222;Karla hat keinen Papa. Sie wurde mit der Hilfe eines Samenspenders geboren &#8211; das hat ihre Mama ihr erz\u00e4hlt. Karla versteht zwar nicht ganz, was ein Samenspender ist, aber er muss ein lieber Mensch sein, weil er Mama und Karla geholfen hat, zusammen zu sein.<\/p>\n<p>Und deshalb k\u00f6nnen auch Karla, Oma und Opa zusammen sein. Der Samenspender kann Karla aber nicht dabei helfen, einen Papa zu bekommen. Das ist aber kein gro\u00dfes Problem f\u00fcr Karla, weil sie damit besch\u00e4ftigt ist, mit all ihren Freundinnen und Freunden zu spielen.&#8220; \u00a9 Sprael ApS<\/p>\n<p><strong>Diversit\u00e4tsreflexivit\u00e4t des Produkts<\/strong><\/p>\n<p>Das Buch \u201cWo ist Karlas Papa?\u201c befasst sich mit dem Thema Familie und Familienformen. Dabei wird thematisiert, dass Karla, die Protagonistin des Buches \u201enur\u201c eine Mama habe und aus einer Samenspende entstanden ist. Zugleich wird erkennbar, welche erwachsenen Personen in Karlas Leben eine Rolle spielen und ihr wichtig sind und in welch unterschiedlichen Familienformen ihre Krippenfreund*innen leben. Damit tr\u00e4gt das Buch zum Empowerment von Kindern bei. Zugleich reproduziert das Buch in seinen Abbildungen und Texten gesellschaftlichen Stereotypen von Geschlecht. So weisen Personen geschlechtertypische Aktivit\u00e4ten und Eigenschaften auf \u2013 M\u00e4nner sind stark, schnell etc. und Frauen \u00fcbernehmen das Kochen und sind vermehrt durch eine ruhige Art abgebildet, was als \u201eimplicit bias\u201c (unbewusste Vorurteile) bezeichnet werden kann.<\/p>\n","protected":false},"excerpt":{"rendered":"<p>Verlagsbeschreibung &#8222;Karla hat keinen Papa. Sie wurde mit der Hilfe eines Samenspenders geboren &#8211; das hat ihre Mama ihr erz\u00e4hlt. Karla versteht zwar nicht ganz, was ein Samenspender ist, aber er muss ein lieber Mensch sein, weil er Mama und Karla geholfen hat, zusammen zu sein. Und deshalb k\u00f6nnen auch Karla, Oma und Opa zusammen [&hellip;]<\/p>\n","protected":false},"featured_media":32,"comment_status":"open","ping_status":"closed","template":"","meta":[],"product_brand":[],"product_cat":[285],"product_tag":[201],"class_list":{"0":"post-31","1":"product","2":"type-product","3":"status-publish","4":"has-post-thumbnail","6":"product_cat-gender","7":"product_tag-normalisierung-und-empowerment","9":"first","10":"instock","11":"shipping-taxable","12":"purchasable","13":"product-type-simple"},"_links":{"self":[{"href":"https:\/\/diversityspace.de\/index.php?rest_route=\/wp\/v2\/product\/31","targetHints":{"allow":["GET"]}}],"collection":[{"href":"https:\/\/diversityspace.de\/index.php?rest_route=\/wp\/v2\/product"}],"about":[{"href":"https:\/\/diversityspace.de\/index.php?rest_route=\/wp\/v2\/types\/product"}],"replies":[{"embeddable":true,"href":"https:\/\/diversityspace.de\/index.php?rest_route=%2Fwp%2Fv2%2Fcomments&post=31"}],"wp:featuredmedia":[{"embeddable":true,"href":"https:\/\/diversityspace.de\/index.php?rest_route=\/wp\/v2\/media\/32"}],"wp:attachment":[{"href":"https:\/\/diversityspace.de\/index.php?rest_route=%2Fwp%2Fv2%2Fmedia&parent=31"}],"wp:term":[{"taxonomy":"product_brand","embeddable":true,"href":"https:\/\/diversityspace.de\/index.php?rest_route=%2Fwp%2Fv2%2Fproduct_brand&post=31"},{"taxonomy":"product_cat","embeddable":true,"href":"https:\/\/diversityspace.de\/index.php?rest_route=%2Fwp%2Fv2%2Fproduct_cat&post=31"},{"taxonomy":"product_tag","embeddable":true,"href":"https:\/\/diversityspace.de\/index.php?rest_route=%2Fwp%2Fv2%2Fproduct_tag&post=31"}],"curies":[{"name":"wp","href":"https:\/\/api.w.org\/{rel}","templated":true}]}}