{"id":33,"date":"2020-10-26T21:14:17","date_gmt":"2020-10-26T20:14:17","guid":{"rendered":"https:\/\/diversityspace.de\/?post_type=product&#038;p=33"},"modified":"2025-11-11T16:45:31","modified_gmt":"2025-11-11T15:45:31","slug":"teddy-tilly","status":"publish","type":"product","link":"https:\/\/diversityspace.de\/?product=teddy-tilly","title":{"rendered":"Teddy Tilly"},"content":{"rendered":"<p><strong>Verlagsbeschreibung<\/strong><\/p>\n<p>&#8222;Eine liebevolle Bilderbuchgeschichte zum Thema Anderssein.<br \/>\nTeddy Thomas m\u00f6chte kein Teddyb\u00e4r mehr sein. Er m\u00f6chte lieber Tilly hei\u00dfen, denn schon lange f\u00fchlt er, dass er eigentlich eine Teddyb\u00e4rin ist. Er traut sich nicht, seinem besten Freund davon zu erz\u00e4hlen. Aber mit Finn kann er \u00fcber alles reden und Finn verischert ihm, dass er ihn immer lieb haben wird, ob er nun Thomas oder Tilly hei\u00dft. Tilly ist erleichtert und ihre Freundschaft ist noch viel gr\u00f6\u00dfer geworden. In diesem Bilderbuch geht es um viel mehr, als um das Thema Transgender. Es ist eine zauberhafte Bilderbuchgeschichte, in der es um den Mut zum Anderssein geht. Um Mitgef\u00fchl, Akzeptanz, Toleranz und vor allem um bedingungslose Liebe. Ein Buch, das Kinder stark macht.&#8220; \u00a9 FISCHER Sauerl\u00e4nder<\/p>\n<p><strong>Diversit\u00e4tsreflexivit\u00e4t des Produkts<\/strong><\/p>\n<p>In dem Buch \u201eTeddy Tilly\u201c werden verschiedene Differenzkategorien thematisiert. Im Fokus stehen dabei die Kategorien Transgeschlechtlichkeit, Geschlechtsidentit\u00e4t und Empowerment. Teddy Tilly stellt fest, dass sie sich nicht als Teddyb\u00e4renjunge*, sondern als Teddyb\u00e4renm\u00e4dchen* f\u00fchlt. Tilly hat den Wunsch sie selbst sein zu d\u00fcrfen und m\u00f6chte sich nicht verstecken m\u00fcssen. Jedoch hat sie Angst davor, es ihrem besten Freund Finn zu erz\u00e4hlen. Durch die Angst vor der Offenbarung zur Transgeschlechtlichkeit von Teddy Tilly, wird die derzeitige gesellschaftliche Situation widergespiegelt, in welcher Transgeschlechtlichkeit als Differenzkategorie gilt, also nicht normgerecht wahrgenommen wird.<\/p>\n<p>Im Verlaufe des Buches \u00fcberwindet sich Teddy Tilly jedoch, ihrem Freund Finn zu erz\u00e4hlen, dass Tilly sich wie ein Teddym\u00e4dchen f\u00fchlt. Finn versichert ihr, dass er immer ihr Freund sein wird, unabh\u00e4ngig davon, ob Tilly ein Teddym\u00e4dchen* oder Teddyjunge* ist. In diesem Zusammenhang wird die Toleranz und Akzeptanz gegen\u00fcber Transgeschlechtlichkeit gef\u00f6rdert, da f\u00fcr Tilly verdeutlicht wird, dass es f\u00fcr ihren besten Freund egal ist, welches Geschlecht sie hat. Nachdem Teddy Tilly Finn gesagt hat, dass sie sich wie ein Teddym\u00e4dchen f\u00fchlt, spielen die beiden mit ihrer Freundin Eva, welche gerade einen Roboter zusammenbaut. Hier wird ein geschlechterdiversit\u00e4rer Umgang mit Spielsachen verdeutlicht, da ein Roboter als Spielzeug, kein typisches M\u00e4dchenspielzeug in der Gesellschaft darstellt. Damit werden Geschlechterklischees in dem Buch aufgebrochen.<\/p>\n<p>Grunds\u00e4tzlich soll mit dem Bilderbuch ein sensibler Umgang mit dem Thema Transgeschlechtlichkeit und Geschlechteridentit\u00e4t gef\u00f6rdert werden. Durch das Empowerment von Teddy Tilly kann auch Kindern, die sich \u00e4hnlich f\u00fchlen wie Teddy Tilly, Mut gemacht werden ihre Geschlechteridentit\u00e4t offenzulegen.<\/p>\n","protected":false},"excerpt":{"rendered":"<p>Verlagsbeschreibung &#8222;Eine liebevolle Bilderbuchgeschichte zum Thema Anderssein. Teddy Thomas m\u00f6chte kein Teddyb\u00e4r mehr sein. Er m\u00f6chte lieber Tilly hei\u00dfen, denn schon lange f\u00fchlt er, dass er eigentlich eine Teddyb\u00e4rin ist. Er traut sich nicht, seinem besten Freund davon zu erz\u00e4hlen. Aber mit Finn kann er \u00fcber alles reden und Finn verischert ihm, dass er ihn [&hellip;]<\/p>\n","protected":false},"featured_media":34,"comment_status":"open","ping_status":"closed","template":"","meta":[],"product_brand":[],"product_cat":[285],"product_tag":[201],"class_list":{"0":"post-33","1":"product","2":"type-product","3":"status-publish","4":"has-post-thumbnail","6":"product_cat-gender","7":"product_tag-normalisierung-und-empowerment","8":"product_shipping_class-paket","10":"first","11":"instock","12":"shipping-taxable","13":"purchasable","14":"product-type-simple"},"_links":{"self":[{"href":"https:\/\/diversityspace.de\/index.php?rest_route=\/wp\/v2\/product\/33","targetHints":{"allow":["GET"]}}],"collection":[{"href":"https:\/\/diversityspace.de\/index.php?rest_route=\/wp\/v2\/product"}],"about":[{"href":"https:\/\/diversityspace.de\/index.php?rest_route=\/wp\/v2\/types\/product"}],"replies":[{"embeddable":true,"href":"https:\/\/diversityspace.de\/index.php?rest_route=%2Fwp%2Fv2%2Fcomments&post=33"}],"wp:featuredmedia":[{"embeddable":true,"href":"https:\/\/diversityspace.de\/index.php?rest_route=\/wp\/v2\/media\/34"}],"wp:attachment":[{"href":"https:\/\/diversityspace.de\/index.php?rest_route=%2Fwp%2Fv2%2Fmedia&parent=33"}],"wp:term":[{"taxonomy":"product_brand","embeddable":true,"href":"https:\/\/diversityspace.de\/index.php?rest_route=%2Fwp%2Fv2%2Fproduct_brand&post=33"},{"taxonomy":"product_cat","embeddable":true,"href":"https:\/\/diversityspace.de\/index.php?rest_route=%2Fwp%2Fv2%2Fproduct_cat&post=33"},{"taxonomy":"product_tag","embeddable":true,"href":"https:\/\/diversityspace.de\/index.php?rest_route=%2Fwp%2Fv2%2Fproduct_tag&post=33"}],"curies":[{"name":"wp","href":"https:\/\/api.w.org\/{rel}","templated":true}]}}