{"id":35,"date":"2020-10-26T21:15:48","date_gmt":"2020-10-26T20:15:48","guid":{"rendered":"https:\/\/diversityspace.de\/?post_type=product&#038;p=35"},"modified":"2025-11-10T17:39:59","modified_gmt":"2025-11-10T16:39:59","slug":"zusammen","status":"publish","type":"product","link":"https:\/\/diversityspace.de\/?product=zusammen","title":{"rendered":"Zusammen!"},"content":{"rendered":"<p><strong>Verlagsbeschreibung<\/strong><\/p>\n<p>&#8222;Ob klein oder gro\u00df, beiden schmeckt der Klo\u00df. Ob traurig oder froh, jeder muss aufs Klo. Ob alt oder jung, auf jeden Fall mit Schwung. Ganz egal, wie viel uns unterscheidet, es ist viel mehr, was uns verbindet. Gemeinsam essen, spielen, lachen, Unsinn machen &#8211; das alles macht zusammen viel mehr Spa\u00df!<br \/>\nDie frechen Reime und die farbenfrohen, detailreichen Bilder laden zum Vorlesen und selber Reimen, zum Schauen und Lachen ein &#8211; am besten gemeinsam! Ein Buch \u00fcber Freundschaft, Toleranz und Zusammenhalt.&#8220; \u00a9 Gerstenberg Verlag<\/p>\n<p><strong>Diversit\u00e4tsreflexivit\u00e4t des Buches<\/strong><\/p>\n<p>Das Bilderbuch &#8222;Zusammen!&#8220; von Daniela Kulot eignet sich f\u00fcr die p\u00e4dagogische Praxis, um bereits mit j\u00fcngeren Kindern Themen wie Vielfalt, Zusammenhalt und Gemeinschaft spielerisch zu erkunden. Es arbeitet mit Reimen und kontrastierenden Bildern (z.B. \u201eob klein oder gro\u00df\u201c, \u201eob traurig oder froh\u201c). Es vermittelt damit auf leichten Wegen, dass Unterschiede zwischen Menschen existieren, aber das, was verbindet, wichtiger ist. Aus diversit\u00e4tsreflektiver Perspektive ist vorteilhaft, dass das Buch ausdr\u00fccklich Aspekte wie Alter, Aussehen, Stimmung und K\u00f6rperma\u00dfe aufgreift und damit inklusiv denkt \u2013 es l\u00e4dt ein, \u00fcber das Anderssein und Gemeinsamsein zu sprechen. Kritisch betrachtet zeigt das Buch Vielfalt eher schematisch und oberfl\u00e4chlich: Tiefer gehende Fragen etwa zu Machtverh\u00e4ltnissen, Diskriminierung oder konkreten Lebenswirklichkeiten von Kindern werden nicht behandelt. Insgesamt kann \u201eZusammen!\u201c einen leichten Einstieg in das Thema &#8222;Vielfalt&#8220; darstellen und einen niedrig schwelligeren Zugang zu Gemeinschaft und Diversit\u00e4t bieten.<\/p>\n","protected":false},"excerpt":{"rendered":"<p>Verlagsbeschreibung &#8222;Ob klein oder gro\u00df, beiden schmeckt der Klo\u00df. Ob traurig oder froh, jeder muss aufs Klo. Ob alt oder jung, auf jeden Fall mit Schwung. Ganz egal, wie viel uns unterscheidet, es ist viel mehr, was uns verbindet. Gemeinsam essen, spielen, lachen, Unsinn machen &#8211; das alles macht zusammen viel mehr Spa\u00df! Die frechen [&hellip;]<\/p>\n","protected":false},"featured_media":36,"comment_status":"open","ping_status":"closed","template":"","meta":[],"product_brand":[],"product_cat":[284,282],"product_tag":[201],"class_list":{"0":"post-35","1":"product","2":"type-product","3":"status-publish","4":"has-post-thumbnail","6":"product_cat-body","7":"product_cat-race","8":"product_tag-normalisierung-und-empowerment","10":"first","11":"instock","12":"shipping-taxable","13":"purchasable","14":"product-type-simple"},"_links":{"self":[{"href":"https:\/\/diversityspace.de\/index.php?rest_route=\/wp\/v2\/product\/35","targetHints":{"allow":["GET"]}}],"collection":[{"href":"https:\/\/diversityspace.de\/index.php?rest_route=\/wp\/v2\/product"}],"about":[{"href":"https:\/\/diversityspace.de\/index.php?rest_route=\/wp\/v2\/types\/product"}],"replies":[{"embeddable":true,"href":"https:\/\/diversityspace.de\/index.php?rest_route=%2Fwp%2Fv2%2Fcomments&post=35"}],"wp:featuredmedia":[{"embeddable":true,"href":"https:\/\/diversityspace.de\/index.php?rest_route=\/wp\/v2\/media\/36"}],"wp:attachment":[{"href":"https:\/\/diversityspace.de\/index.php?rest_route=%2Fwp%2Fv2%2Fmedia&parent=35"}],"wp:term":[{"taxonomy":"product_brand","embeddable":true,"href":"https:\/\/diversityspace.de\/index.php?rest_route=%2Fwp%2Fv2%2Fproduct_brand&post=35"},{"taxonomy":"product_cat","embeddable":true,"href":"https:\/\/diversityspace.de\/index.php?rest_route=%2Fwp%2Fv2%2Fproduct_cat&post=35"},{"taxonomy":"product_tag","embeddable":true,"href":"https:\/\/diversityspace.de\/index.php?rest_route=%2Fwp%2Fv2%2Fproduct_tag&post=35"}],"curies":[{"name":"wp","href":"https:\/\/api.w.org\/{rel}","templated":true}]}}