{"id":41,"date":"2020-10-26T21:21:19","date_gmt":"2020-10-26T20:21:19","guid":{"rendered":"https:\/\/diversityspace.de\/?post_type=product&#038;p=41"},"modified":"2025-11-10T17:15:43","modified_gmt":"2025-11-10T16:15:43","slug":"mama-mamusch","status":"publish","type":"product","link":"https:\/\/diversityspace.de\/?product=mama-mamusch","title":{"rendered":"Mama und Mamusch"},"content":{"rendered":"<p><strong>Verlagsbeschreibung<\/strong><\/p>\n<p>&#8222;Eine Geschichte, die von Regenbogen-Kindern, Regenbogen-Partnerschaften und von Wunderwunsch-Kindern\/Wunderwunsch-Eltern erz\u00e4hlt. Vor allem aber auch eine, in der es um das Gl\u00fcck geht, als ein Herzenswunsch-Kind geboren worden zu sein und aufwachsen zu d\u00fcrfen. Ana erlebt ihren ersten Schultag. Als erste Hausaufgabe sollen alle ein Bild ihrer Familie malen. Sie ahnt schon die Fragen, die kommen werden. Ana kennt das schon aus dem Kindergarten. W\u00e4hrend die Erwachsenen oft nur eigenartig schauen, fragen die Kinder einfach. Warum hat Ana zwei M\u00fctter? &#8222;Welche ist denn echt?&#8220; will Tim zum Beispiel wissen, denn er meint &#8222;das geht doch nicht&#8220; . Doch Ana hat eine Antwort f\u00fcr ihn, die ihn staunen l\u00e4sst &#8230;&#8220; \u00a9 Lebensweichen-Verlag<\/p>\n<p><strong>Diversit\u00e4tsreflexivit\u00e4t des Produkts<\/strong><\/p>\n<p>Das Bilderbuch erz\u00e4hlt die Geschichte von Ana, einem Kind mit zwei M\u00fcttern, Mama und Mamusch. Offen und kindgerecht thematisiert es Familienvielfalt, Regenbogenfamilien und die Entstehung eines Wunschkindes durch Samenspende. Aus diversit\u00e4tsreflexiver Perspektive macht das Buch gleichgeschlechtliche Elternschaft sichtbar und st\u00e4rkt Kinder darin, unterschiedliche Familienformen als selbstverst\u00e4ndlich wahrzunehmen. Es l\u00e4dt zu Gespr\u00e4chen \u00fcber Zugeh\u00f6rigkeit, Liebe und Identit\u00e4t ein. Kritisch anzumerken ist, dass die Darstellung stellenweise idealisiert wirkt: Herausforderungen oder ambivalente Gef\u00fchle werden kaum thematisiert. Dennoch bietet das Buch einen wichtigen Impuls f\u00fcr Vielfalt, Anerkennung und Sichtbarkeit in fr\u00fchp\u00e4dagogischen und famili\u00e4ren Kontexten.<\/p>\n","protected":false},"excerpt":{"rendered":"<p>Verlagsbeschreibung &#8222;Eine Geschichte, die von Regenbogen-Kindern, Regenbogen-Partnerschaften und von Wunderwunsch-Kindern\/Wunderwunsch-Eltern erz\u00e4hlt. Vor allem aber auch eine, in der es um das Gl\u00fcck geht, als ein Herzenswunsch-Kind geboren worden zu sein und aufwachsen zu d\u00fcrfen. Ana erlebt ihren ersten Schultag. Als erste Hausaufgabe sollen alle ein Bild ihrer Familie malen. Sie ahnt schon die Fragen, die [&hellip;]<\/p>\n","protected":false},"featured_media":42,"comment_status":"open","ping_status":"closed","template":"","meta":[],"product_brand":[],"product_cat":[285],"product_tag":[201],"class_list":{"0":"post-41","1":"product","2":"type-product","3":"status-publish","4":"has-post-thumbnail","6":"product_cat-gender","7":"product_tag-normalisierung-und-empowerment","9":"first","10":"instock","11":"shipping-taxable","12":"purchasable","13":"product-type-simple"},"_links":{"self":[{"href":"https:\/\/diversityspace.de\/index.php?rest_route=\/wp\/v2\/product\/41","targetHints":{"allow":["GET"]}}],"collection":[{"href":"https:\/\/diversityspace.de\/index.php?rest_route=\/wp\/v2\/product"}],"about":[{"href":"https:\/\/diversityspace.de\/index.php?rest_route=\/wp\/v2\/types\/product"}],"replies":[{"embeddable":true,"href":"https:\/\/diversityspace.de\/index.php?rest_route=%2Fwp%2Fv2%2Fcomments&post=41"}],"wp:featuredmedia":[{"embeddable":true,"href":"https:\/\/diversityspace.de\/index.php?rest_route=\/wp\/v2\/media\/42"}],"wp:attachment":[{"href":"https:\/\/diversityspace.de\/index.php?rest_route=%2Fwp%2Fv2%2Fmedia&parent=41"}],"wp:term":[{"taxonomy":"product_brand","embeddable":true,"href":"https:\/\/diversityspace.de\/index.php?rest_route=%2Fwp%2Fv2%2Fproduct_brand&post=41"},{"taxonomy":"product_cat","embeddable":true,"href":"https:\/\/diversityspace.de\/index.php?rest_route=%2Fwp%2Fv2%2Fproduct_cat&post=41"},{"taxonomy":"product_tag","embeddable":true,"href":"https:\/\/diversityspace.de\/index.php?rest_route=%2Fwp%2Fv2%2Fproduct_tag&post=41"}],"curies":[{"name":"wp","href":"https:\/\/api.w.org\/{rel}","templated":true}]}}