{"id":43,"date":"2020-10-26T21:24:21","date_gmt":"2020-10-26T20:24:21","guid":{"rendered":"https:\/\/diversityspace.de\/?post_type=product&#038;p=43"},"modified":"2026-04-25T22:05:17","modified_gmt":"2026-04-25T20:05:17","slug":"die-wiese","status":"publish","type":"product","link":"https:\/\/diversityspace.de\/?product=die-wiese","title":{"rendered":"Die Wiese"},"content":{"rendered":"<p><strong>Verlagsbeschreibung<\/strong><\/p>\n<p>&#8222;Alles l\u00e4uft ruhig und gewohnheitsm\u00e4\u00dfig auf der Wiese mit den blauen Blumen. Das Gras ist leuchtend gr\u00fcn, die Blumen sind blau und alle ungef\u00e4hr gleich gro\u00df. Wenn einmal eine Blume anders aussieht trinkt sie Tinte und wird so blau wie die anderen. Aber eines Tages w\u00e4chst eine Blume heran, die einfach nicht blau werden kann. Die Neue sieht anders aus und duftet anders. Zun\u00e4chst haben die Blauen kein Verst\u00e4ndnis- aber als sie sich auf die Neue einlassen, verzaubert sich die Wiese in einen Ort voller Farben und Lebendigkeit.&#8220;<\/p>\n<p>Eine Geschichte \u00fcber die F\u00fclle und Vielfalt des Lebens, gegen Ausgrenzung und f\u00fcr den Mut zu sich selber zu stehen. Ein au\u00dfergew\u00f6hnliches Kinderbuch mit wundersch\u00f6nen Bildern, aktuell und ber\u00fchrend. \u00a9 blOOturtle publishing<\/p>\n<p><strong>Diversit\u00e4tsreflexivit\u00e4t des Produkts<\/strong><\/p>\n<p>Das Buch \u201eDie Wiese\u201c zeigt anhand einer fiktiven Gesellschaft der Blumen, welche Auswirkungen Normierung und Ausgrenzung haben k\u00f6nnen. Die Normalit\u00e4tsvorstellungen, die auf der Wiese vorherrschen, beziehen sich auf die Eigenschaften der Blumen \u2013 Farbe, Gr\u00f6\u00dfe und Duft \u2013\u00a0und werden damit sehr bedeutungsoffen dargestellt. Die \u00dcbertragung von in unserer Gesellschaft relevanten Differenzkategorien wie Race*, Class und Gender auf fiktive, nicht-menschliche Figuren erm\u00f6glicht den Lesenden vielf\u00e4ltige Interpretationsspielr\u00e4ume und \u00fcberl\u00e4sst es ihnen selbst, wie sehr sie sich mit der Geschichte identifizieren.<\/p>\n<p>Auf der Wiese gelten klare soziale Regeln: Wer dazugeh\u00f6ren will, muss klein und blau sein und darf nicht zu stark duften. Wer diesen Normen nicht entspricht, wird ausgegrenzt. \u201eDie Wiese\u201c\u00a0verdeutlicht dabei sehr anschaulich die m\u00f6glichen Folgen einer solchen Diskriminierungserfahrung. Der ausge\u00fcbte Gruppenzwang verleitet die rote Blume schlie\u00dflich dazu, sich selbst zu ver\u00e4ndern. Sie macht sich kleiner, duftet weniger und beginnt Tinte zu trinken. So viel, dass es ihr letztendlich immer schlechter geht und sie droht zu sterben. In dem Streben nach \u201eNormalit\u00e4t\u201c und Zugeh\u00f6rigkeit verliert sie sich fast selbst. Erst die Erinnerung einer alten Blume an eine wundersch\u00f6ne, bunte Wiese zeigt der roten Blume:<\/p>\n<p>\u201eDu kannst doch immer nur Du selber sein, etwas anderes ist nicht m\u00f6glich\u201c (Bagdach: 2017).<\/p>\n<p>Das Element des Empowerments erm\u00f6glicht es der Blume schlie\u00dflich, zu sich selbst zu stehen und ihre Einzigartigkeit zu akzeptieren. Es geh\u00f6rt zwar St\u00e4rke und Mut dazu, sich gegen die Mehrheit zu stellen, doch letztendlich gelingt es der Blume, die vorherrschenden Normen zu hinterfragen und zu dekonstruieren. Sie wird ein Vorbild f\u00fcr viele weitere Blumen, die ihr wahres Selbst lange Zeit versteckt hielten. So wird Vielfalt und Individualit\u00e4t schlie\u00dflich zur Normalit\u00e4t und die ehemals blaue Wiese leuchtet in den unterschiedlichsten Farben auf.<\/p>\n<p>\u201eDie Wiese\u201c veranschaulicht auf empowernde Art und Weise, wie sch\u00f6n Vielfalt und Individualit\u00e4t sind und best\u00e4rkt alle Lebewesen darin, mutig zu sein und sich selbst so zu akzeptieren wie sie sind.<\/p>\n","protected":false},"excerpt":{"rendered":"<p>Verlagsbeschreibung &#8222;Alles l\u00e4uft ruhig und gewohnheitsm\u00e4\u00dfig auf der Wiese mit den blauen Blumen. Das Gras ist leuchtend gr\u00fcn, die Blumen sind blau und alle ungef\u00e4hr gleich gro\u00df. Wenn einmal eine Blume anders aussieht trinkt sie Tinte und wird so blau wie die anderen. Aber eines Tages w\u00e4chst eine Blume heran, die einfach nicht blau werden [&hellip;]<\/p>\n","protected":false},"featured_media":44,"comment_status":"open","ping_status":"closed","template":"","meta":[],"product_brand":[],"product_cat":[284,283,285,282],"product_tag":[160],"class_list":{"0":"post-43","1":"product","2":"type-product","3":"status-publish","4":"has-post-thumbnail","6":"product_cat-body","7":"product_cat-class","8":"product_cat-gender","9":"product_cat-race","10":"product_tag-normalisierung-und-dekonstruktion","12":"first","13":"instock","14":"shipping-taxable","15":"purchasable","16":"product-type-simple"},"_links":{"self":[{"href":"https:\/\/diversityspace.de\/index.php?rest_route=\/wp\/v2\/product\/43","targetHints":{"allow":["GET"]}}],"collection":[{"href":"https:\/\/diversityspace.de\/index.php?rest_route=\/wp\/v2\/product"}],"about":[{"href":"https:\/\/diversityspace.de\/index.php?rest_route=\/wp\/v2\/types\/product"}],"replies":[{"embeddable":true,"href":"https:\/\/diversityspace.de\/index.php?rest_route=%2Fwp%2Fv2%2Fcomments&post=43"}],"wp:featuredmedia":[{"embeddable":true,"href":"https:\/\/diversityspace.de\/index.php?rest_route=\/wp\/v2\/media\/44"}],"wp:attachment":[{"href":"https:\/\/diversityspace.de\/index.php?rest_route=%2Fwp%2Fv2%2Fmedia&parent=43"}],"wp:term":[{"taxonomy":"product_brand","embeddable":true,"href":"https:\/\/diversityspace.de\/index.php?rest_route=%2Fwp%2Fv2%2Fproduct_brand&post=43"},{"taxonomy":"product_cat","embeddable":true,"href":"https:\/\/diversityspace.de\/index.php?rest_route=%2Fwp%2Fv2%2Fproduct_cat&post=43"},{"taxonomy":"product_tag","embeddable":true,"href":"https:\/\/diversityspace.de\/index.php?rest_route=%2Fwp%2Fv2%2Fproduct_tag&post=43"}],"curies":[{"name":"wp","href":"https:\/\/api.w.org\/{rel}","templated":true}]}}