{"id":47,"date":"2020-10-26T21:27:20","date_gmt":"2020-10-26T20:27:20","guid":{"rendered":"https:\/\/diversityspace.de\/?post_type=product&#038;p=47"},"modified":"2025-11-13T14:18:39","modified_gmt":"2025-11-13T13:18:39","slug":"gummiband-familien-rubberband-families","status":"publish","type":"product","link":"https:\/\/diversityspace.de\/?product=gummiband-familien-rubberband-families","title":{"rendered":"Gummiband-Familien &#8211; Rubberband Families"},"content":{"rendered":"<p><strong>Verlagsbeschreibung<\/strong><\/p>\n<p style=\"text-align: left;\">&#8222;Familie ist ein dehnbarer Begriff. Dehn- und formbar wie die Gummib\u00e4nder, mit denen WoMANt\u00eds RANDom dieses faszinierende, zweisprachige (Deutsch\/Englisch) Familienbuch erstellt hat. Gummib\u00e4nder gibt es einzeln oder gemeinsam, in unterschiedlichen Gr\u00f6\u00dfen. Sie begleiten unseren Alltag. Manchmal r\u00fccken sie in den Vordergrund, sie halten viel aus und gehen auch mal kaputt. Sie sind dynamisch, &#8211; flexibel, wieder benutzbar wie bindend &#8211; und damit wunderbar geeignet, ganz eigene Familienbilder zu gestalten.<\/p>\n<p style=\"text-align: left;\">&#8222;Gummiband-Familien &#8211; Rubberband Families&#8220; feiert das grenzenlose Spektrum von Familie und l\u00e4dt zu einem spielerischen, vorurteilssensiblen Umgang mit Sprache ein, der alle Familienangeh\u00f6rigen einbeziehen und wahrnehmbar machen m\u00f6chte. \u00dcber die Zweisprachigkeit hinaus bietet der Band zahlreiche Angebote f\u00fcr alle Teile der Familie, Begriffe und Vorstellungen selbst mit Stift, Wort und Gummiband zu ver\u00e4ndern, zu dehnen und f\u00fcr sich passend zu formen. Das Kinderbuch teilt sich in zwei Seiten auf, auf der einen Seite ist der Text in englischer Sprache und auf der anderen Seite in deutscher Sprache verfasst. Die Bilder wirken auf den ersten Blick auf beiden Seiten gleich, jedoch haben sich drei Unterschiede eingeschlichen. Am Ende des Buches kann der*die Leser*in zum Stift greifen und selbst kreativ werden.&#8220; \u00a9 w orten &amp; mehr<\/p>\n<p style=\"text-align: left;\"><strong>Diversit\u00e4tsreflexivit\u00e4t des Produkts<\/strong><\/p>\n<p style=\"text-align: left;\">Das Bilderbuch &#8222;Gummiband\u2011Familien &#8211; Rubberband Families&#8220; bietet eine hervorragende Grundlage, den Begriff \u201eFamilie\u201c diversit\u00e4tsreflexiv und spielerisch zu thematisieren. Es arbeitet mit der Metapher von dehnbaren Gummib\u00e4ndern, um aufzuzeigen, dass Familienformen flexibel, vielf\u00e4ltig und nicht starr sind. Alle Inhalte sind in deutscher und englischer Sprache enthalten. Durch eine gender\u00adbewusste Sprache werden verschiede Lebensrealit\u00e4ten sichtbar und sprachlich zug\u00e4nglich gemacht. Kritisch zu reflektieren ist, dass das Buch keine inhaltliche Tiefe aufweist \u2013 es zeigt viele Familienkonstellationen oberfl\u00e4chlich, ohne eingehend ihre Herausforderungen oder Alltagsdynamiken darzustellen. Das Buch kann als Einstieg in das Thema &#8222;Familie&#8220; genutzt werden werden und anschlie\u00dfend vertiefende Gespr\u00e4chsimpulse oder kreative Erkundung (z. B. Familienportr\u00e4ts zeichnen, eigene \u201eGummib\u00e4nder der Familie\u201c gestalten) anbieten. Gleichzeitig sollte mehr Raum gegeben werden, die eigene Familie, Erfahrungen und Erlebnisse im Kontext von Familie darzustellen.<\/p>\n","protected":false},"excerpt":{"rendered":"<p>Verlagsbeschreibung &#8222;Familie ist ein dehnbarer Begriff. Dehn- und formbar wie die Gummib\u00e4nder, mit denen WoMANt\u00eds RANDom dieses faszinierende, zweisprachige (Deutsch\/Englisch) Familienbuch erstellt hat. Gummib\u00e4nder gibt es einzeln oder gemeinsam, in unterschiedlichen Gr\u00f6\u00dfen. Sie begleiten unseren Alltag. Manchmal r\u00fccken sie in den Vordergrund, sie halten viel aus und gehen auch mal kaputt. Sie sind dynamisch, &#8211; [&hellip;]<\/p>\n","protected":false},"featured_media":48,"comment_status":"open","ping_status":"closed","template":"","meta":[],"product_brand":[],"product_cat":[284,285],"product_tag":[201],"class_list":{"0":"post-47","1":"product","2":"type-product","3":"status-publish","4":"has-post-thumbnail","6":"product_cat-body","7":"product_cat-gender","8":"product_tag-normalisierung-und-empowerment","10":"first","11":"instock","12":"shipping-taxable","13":"purchasable","14":"product-type-simple"},"_links":{"self":[{"href":"https:\/\/diversityspace.de\/index.php?rest_route=\/wp\/v2\/product\/47","targetHints":{"allow":["GET"]}}],"collection":[{"href":"https:\/\/diversityspace.de\/index.php?rest_route=\/wp\/v2\/product"}],"about":[{"href":"https:\/\/diversityspace.de\/index.php?rest_route=\/wp\/v2\/types\/product"}],"replies":[{"embeddable":true,"href":"https:\/\/diversityspace.de\/index.php?rest_route=%2Fwp%2Fv2%2Fcomments&post=47"}],"wp:featuredmedia":[{"embeddable":true,"href":"https:\/\/diversityspace.de\/index.php?rest_route=\/wp\/v2\/media\/48"}],"wp:attachment":[{"href":"https:\/\/diversityspace.de\/index.php?rest_route=%2Fwp%2Fv2%2Fmedia&parent=47"}],"wp:term":[{"taxonomy":"product_brand","embeddable":true,"href":"https:\/\/diversityspace.de\/index.php?rest_route=%2Fwp%2Fv2%2Fproduct_brand&post=47"},{"taxonomy":"product_cat","embeddable":true,"href":"https:\/\/diversityspace.de\/index.php?rest_route=%2Fwp%2Fv2%2Fproduct_cat&post=47"},{"taxonomy":"product_tag","embeddable":true,"href":"https:\/\/diversityspace.de\/index.php?rest_route=%2Fwp%2Fv2%2Fproduct_tag&post=47"}],"curies":[{"name":"wp","href":"https:\/\/api.w.org\/{rel}","templated":true}]}}