{"id":55,"date":"2020-10-26T21:37:09","date_gmt":"2020-10-26T20:37:09","guid":{"rendered":"https:\/\/diversityspace.de\/?post_type=product&#038;p=55"},"modified":"2025-11-10T14:21:27","modified_gmt":"2025-11-10T13:21:27","slug":"little-feminist-board-book-set","status":"publish","type":"product","link":"https:\/\/diversityspace.de\/?product=little-feminist-board-book-set","title":{"rendered":"Little Feminist: Board Book Set"},"content":{"rendered":"<p><strong>Verlagsbeschreibung<\/strong><\/p>\n<p>&#8222;Das Little Feminist Board Book Set von Mudpuppy besteht aus farbenfrohen, illustrierten Portr\u00e4ts von realen Frauen, die die Weltgeschichte gepr\u00e4gt haben. Illustrationen von Lydia Ortiz und Texte von Emily Kleinman stellen Kindern diese wichtigen Pers\u00f6nlichkeiten der Geschichte mit Bildern vor, die f\u00fcr Kinder unterhaltsam und gleichzeitig realistisch sind. Das Board Book Set umfasst 4 Mini-Pappbilderb\u00fccher (Pionierinnen, K\u00fcnstlerinnen, F\u00fchrungsfrauen und Aktivistinnen).&#8220; [\u00dcbersetzung durch die Redaktion] \u00a9 Abrams &amp; Chronicle Books<\/p>\n<p><strong>Diversit\u00e4tsreflexivit\u00e4t des Produkts<\/strong><\/p>\n<p>In den vier kleinen B\u00fcchern des B\u00fcchersets \u201eLittle Feminst\u201c werden auf sehr vereinfachte und kindliche Weise die Themen Empowerment, Feminismus, Solidarit\u00e4t und Intersektionalit\u00e4t behandelt. Zu jeder bedeuteten Frau gibt es einen kleinen Satz (auf Englisch), welcher die Geschichte hinter der Frau minimal erz\u00e4hlt. Durch die vereinfachte und minimalistische Darstellung sind die B\u00fccher gut daf\u00fcr geeignet, schon mit den Kleinsten \u00fcber Diversit\u00e4t zu sprechen. Des Weiteren bieten die Darstellungen verschiedene Ans\u00e4tze, Geschichten und Erfahrungen von realen Personen. Das Buch eignet sich, um Kindern einen sensiblen Einstieg und gleichzeitig einfachen Umgang mit dem Thema Feminismus zu erm\u00f6glichen.<\/p>\n<p>&nbsp;<\/p>\n","protected":false},"excerpt":{"rendered":"<p>Verlagsbeschreibung &#8222;Das Little Feminist Board Book Set von Mudpuppy besteht aus farbenfrohen, illustrierten Portr\u00e4ts von realen Frauen, die die Weltgeschichte gepr\u00e4gt haben. Illustrationen von Lydia Ortiz und Texte von Emily Kleinman stellen Kindern diese wichtigen Pers\u00f6nlichkeiten der Geschichte mit Bildern vor, die f\u00fcr Kinder unterhaltsam und gleichzeitig realistisch sind. Das Board Book Set umfasst 4 [&hellip;]<\/p>\n","protected":false},"featured_media":56,"comment_status":"open","ping_status":"closed","template":"","meta":[],"product_brand":[],"product_cat":[285],"product_tag":[201],"class_list":{"0":"post-55","1":"product","2":"type-product","3":"status-publish","4":"has-post-thumbnail","6":"product_cat-gender","7":"product_tag-normalisierung-und-empowerment","8":"product_shipping_class-paket","10":"first","11":"outofstock","12":"shipping-taxable","13":"purchasable","14":"product-type-simple"},"_links":{"self":[{"href":"https:\/\/diversityspace.de\/index.php?rest_route=\/wp\/v2\/product\/55","targetHints":{"allow":["GET"]}}],"collection":[{"href":"https:\/\/diversityspace.de\/index.php?rest_route=\/wp\/v2\/product"}],"about":[{"href":"https:\/\/diversityspace.de\/index.php?rest_route=\/wp\/v2\/types\/product"}],"replies":[{"embeddable":true,"href":"https:\/\/diversityspace.de\/index.php?rest_route=%2Fwp%2Fv2%2Fcomments&post=55"}],"wp:featuredmedia":[{"embeddable":true,"href":"https:\/\/diversityspace.de\/index.php?rest_route=\/wp\/v2\/media\/56"}],"wp:attachment":[{"href":"https:\/\/diversityspace.de\/index.php?rest_route=%2Fwp%2Fv2%2Fmedia&parent=55"}],"wp:term":[{"taxonomy":"product_brand","embeddable":true,"href":"https:\/\/diversityspace.de\/index.php?rest_route=%2Fwp%2Fv2%2Fproduct_brand&post=55"},{"taxonomy":"product_cat","embeddable":true,"href":"https:\/\/diversityspace.de\/index.php?rest_route=%2Fwp%2Fv2%2Fproduct_cat&post=55"},{"taxonomy":"product_tag","embeddable":true,"href":"https:\/\/diversityspace.de\/index.php?rest_route=%2Fwp%2Fv2%2Fproduct_tag&post=55"}],"curies":[{"name":"wp","href":"https:\/\/api.w.org\/{rel}","templated":true}]}}