{"id":63,"date":"2020-10-26T21:43:52","date_gmt":"2020-10-26T20:43:52","guid":{"rendered":"https:\/\/diversityspace.de\/?post_type=product&#038;p=63"},"modified":"2025-11-13T14:18:06","modified_gmt":"2025-11-13T13:18:06","slug":"wir-haben-rechte-die-kinderrechte-kennenlernen-und-verstehen-bilderbuchgeschichten-fuer-unser-erzaehltheater","status":"publish","type":"product","link":"https:\/\/diversityspace.de\/?product=wir-haben-rechte-die-kinderrechte-kennenlernen-und-verstehen-bilderbuchgeschichten-fuer-unser-erzaehltheater","title":{"rendered":"Wir haben Rechte! Die Kinderrechte kennenlernen und verstehen &#8211; Bilderbuchgeschichten f\u00fcr unser Erz\u00e4hltheater."},"content":{"rendered":"<p><strong>Verlagsbeschreibung<\/strong><\/p>\n<p>&#8222;Mit dieser 10-teiligen DIN-A3-Bildfolge lernen die Kinder die Kinderrechte kennen: Die einzelnen Bilder erz\u00e4hlen Szenen mitten aus dem Kinderleben, die eine Einladung zum Gespr\u00e4ch bilden und anhand derer die Kinder ihre Rechte situativ und konkret erkennen k\u00f6nnen. Empfohlen wird die Nutzung f\u00fcr die Altersspanne von drei bis zehn Jahren.\u00a0 Mit einem \u00dcberblick der Kinderrechte auf einem Poster zum Aush\u00e4ngen. Nicht vergessen:20. September 2014: Weltkindertag mit dem Motto &#8222;Jedes Kind hat Rechte!&#8220; # 20. November 2014: bundesweiter Aktionstag f\u00fcr Kinderrechte! ## Information zur Reihe: Die gewohnt liebevollen und farbenfrohen Illustrationen von Petra Lefin lassen sich selbst vor gr\u00f6\u00dferen Kindergruppen als &#8222;Geschichten an der Leine&#8220;, anstelle eines Kniebuchs oder am besten mit unserem Erz\u00e4hltheater Kamishibai (EAN 4260179510397) ohne technischen Aufwand pr\u00e4sentieren. Die extragro\u00dfen DIN-A3-Bildfolgen erhalten Sie in brillianten Farben, auf hochwertigem 300g-Karton gedruckt. Ein kindgerechter Erz\u00e4hlvorschlag ist inklusive.&#8220; \u00a9 Don Bosco Medien Gmbh<\/p>\n<p>&nbsp;<\/p>\n<p><strong>Diversit\u00e4tsreflexivit\u00e4t des Produkt<\/strong><\/p>\n<p>\u201eWir haben Rechte!\u201c ist ein Erz\u00e4hltheater-Material, das Kinder auf spielerische Weise an die Kinderrechte heranf\u00fchrt. \u00dcber Bilderbuchgeschichten werden zentrale Rechte \u2013 wie das Recht auf Schutz, Bildung, Mitbestimmung und Partizipation \u2013 kindgerecht vermittelt und in erlebbaren Szenen greifbar gemacht. Die Geschichten regen Kinder dazu an, \u00fcber eigene Bed\u00fcrfnisse, W\u00fcnsche und Rechte nachzudenken und diese in Gespr\u00e4chen, Rollenspielen oder kreativen Aktivit\u00e4ten zu reflektieren. Das Material f\u00f6rdert sprachliche, soziale und emotionale Kompetenzen und erm\u00f6glicht es Kindern, sich aktiv mitzuteilen. Aus diversit\u00e4tsreflexiver Perspektive ber\u00fccksichtigt das Erz\u00e4hltheater die Vielfalt von Familien, Kulturen, Lebenswelten und F\u00e4higkeiten. Jede:r kann sich in den Geschichten wiederfinden, und Unterschiede werden als Bereicherung und Lernchance verstanden. So werden Kinder ermutigt, Respekt und Empathie f\u00fcr alle Menschen zu entwickeln \u2013 unabh\u00e4ngig von Herkunft, Sprache oder individuellen Lebensumst\u00e4nden. \u201eWir haben Rechte!\u201c eignet sich f\u00fcr den Einsatz in Kita, Grundschule oder kultureller Bildung, um Kinder f\u00fcr ihre Rechte zu sensibilisieren und sie in ihrer aktiven Mitgestaltung von Gemeinschaft zu st\u00e4rken.<\/p>\n","protected":false},"excerpt":{"rendered":"<p>Verlagsbeschreibung &#8222;Mit dieser 10-teiligen DIN-A3-Bildfolge lernen die Kinder die Kinderrechte kennen: Die einzelnen Bilder erz\u00e4hlen Szenen mitten aus dem Kinderleben, die eine Einladung zum Gespr\u00e4ch bilden und anhand derer die Kinder ihre Rechte situativ und konkret erkennen k\u00f6nnen. Empfohlen wird die Nutzung f\u00fcr die Altersspanne von drei bis zehn Jahren.\u00a0 Mit einem \u00dcberblick der Kinderrechte [&hellip;]<\/p>\n","protected":false},"featured_media":64,"comment_status":"open","ping_status":"closed","template":"","meta":[],"product_brand":[],"product_cat":[284,283,285,282],"product_tag":[201],"class_list":{"0":"post-63","1":"product","2":"type-product","3":"status-publish","4":"has-post-thumbnail","6":"product_cat-body","7":"product_cat-class","8":"product_cat-gender","9":"product_cat-race","10":"product_tag-normalisierung-und-empowerment","11":"product_shipping_class-paket","13":"first","14":"instock","15":"shipping-taxable","16":"purchasable","17":"product-type-simple"},"_links":{"self":[{"href":"https:\/\/diversityspace.de\/index.php?rest_route=\/wp\/v2\/product\/63","targetHints":{"allow":["GET"]}}],"collection":[{"href":"https:\/\/diversityspace.de\/index.php?rest_route=\/wp\/v2\/product"}],"about":[{"href":"https:\/\/diversityspace.de\/index.php?rest_route=\/wp\/v2\/types\/product"}],"replies":[{"embeddable":true,"href":"https:\/\/diversityspace.de\/index.php?rest_route=%2Fwp%2Fv2%2Fcomments&post=63"}],"wp:featuredmedia":[{"embeddable":true,"href":"https:\/\/diversityspace.de\/index.php?rest_route=\/wp\/v2\/media\/64"}],"wp:attachment":[{"href":"https:\/\/diversityspace.de\/index.php?rest_route=%2Fwp%2Fv2%2Fmedia&parent=63"}],"wp:term":[{"taxonomy":"product_brand","embeddable":true,"href":"https:\/\/diversityspace.de\/index.php?rest_route=%2Fwp%2Fv2%2Fproduct_brand&post=63"},{"taxonomy":"product_cat","embeddable":true,"href":"https:\/\/diversityspace.de\/index.php?rest_route=%2Fwp%2Fv2%2Fproduct_cat&post=63"},{"taxonomy":"product_tag","embeddable":true,"href":"https:\/\/diversityspace.de\/index.php?rest_route=%2Fwp%2Fv2%2Fproduct_tag&post=63"}],"curies":[{"name":"wp","href":"https:\/\/api.w.org\/{rel}","templated":true}]}}