{"id":67,"date":"2020-10-26T21:47:25","date_gmt":"2020-10-26T20:47:25","guid":{"rendered":"https:\/\/diversityspace.de\/?post_type=product&#038;p=67"},"modified":"2025-11-11T17:30:17","modified_gmt":"2025-11-11T16:30:17","slug":"rosa-monster","status":"publish","type":"product","link":"https:\/\/diversityspace.de\/?product=rosa-monster","title":{"rendered":"Rosa Monster"},"content":{"rendered":"<p><strong>Verlagsbeschreibung<\/strong><\/p>\n<div class=\"\">\n<p>&#8222;In dem Buch \u201aRosa Monster\u2018 wird gezeigt, wie wichtig Vielfalt f\u00fcr unsere Gesellschaft ist. Gleichzeitig handelt es von der Freiheit.&#8220; \u00a9\u00a0\u00e1bac i lletres<\/p>\n<p><strong>Diversit\u00e4tsreflexivit\u00e4t des Produkts<\/strong><\/p>\n<p>Das Kinderbuch \u201eRosa Monster\u201c behandelt Prozesse des Otherings und thematisiert die M\u00f6glichkeit, dass Lebewesen selbstbestimmt aus einem f\u00fcr sie nicht wertsch\u00e4tzenden, diskriminierenden Umfeld ausbrechen k\u00f6nnen. Auch unterschiedliche Lebensrealit\u00e4ten k\u00f6nnen einen Anreiz darstellen, einen neuen Lebensort zu suchen. Die Hauptfigur Rosa Monster w\u00e4hlt einen Lebensort f\u00fcr sich, an dem es sich wohlf\u00fchlt und mit seiner individuellen Pers\u00f6nlichkeit angenommen wird. Das Buch Rosa Monster eignet sich unter anderem f\u00fcr Kinder, die bereits Erfahrungen mit dem Gef\u00fchl des Anderseins gemacht haben und ebenfalls f\u00fcr die Sensibilisierung und Aufarbeitung in Bezug auf Akzeptanz- und Ausgrenzungsprozesse. Das Buch kann die Adressaten*innen ebenfalls dazu ermutigen, sich auf eine eigene Reise zu begeben und dabei zu sich selbst zu finden.<\/p>\n<p>In dem Buch wird die Geschichte vom Rosa Monster erz\u00e4hlt, das schon immer anders als die Anderen war. Die Anderen werden in dem Buch als eine sehr homogene Personengruppe dargestellt, nur Rosa Monster ist anderes. Rosa Monster begibt sich daraufhin auf eine lange Reise und gelangt an einen\u00a0\u00a0neuen Ort, an dem alle Lebewesen unterschiedlich sind und an dem alles bunt, vielf\u00e4ltig und fr\u00f6hlich ist. Der verwendete sprachliche Ausdruck und die Illustrationen stellen sich dabei als sehr diversit\u00e4tssensibel dar. In dem Buch wird nicht explizit eine Differenzkategorie thematisiert, es ist sehr bedeutungsoffen und erm\u00f6glicht auf diese Weise eine vielf\u00e4ltige Lesart, die auf verschiedene Differenzkategorien wie race*, class, gender und body verweisen kann. \u00dcbertr\u00e4gt man die Geschichte des Monsters auf Menschen, macht das Kinderbuch Mut, Andersheit und Vielfalt als Bereicherung zu begreifen und kann zu einer Sensibilisierung f\u00fcr eine vielf\u00e4ltige Gesellschaft f\u00fchren. Schlussendlich hei\u00dft Rosa Monster auch die Anderen in seinem neuen Zuhause willkommen.<\/p>\n<p>Als Kritik kann erw\u00e4hnt werden, dass es so wirkt, als w\u00fcrde das Rosa Monster fliehen, anstatt offen \u00fcber seine Gef\u00fchle zu sprechen und sich Hilfe zu suchen. Dies k\u00f6nnte bei einer falschen Interpretation dazu f\u00fchren, dass Kinder glauben, aus ihrem derzeitigen Leben bzw. sozialen Umfeld entkommen zu m\u00fcsse. Demnach w\u00e4re es wichtig aufzuzeigen, dass es dem Rosa Monster auch helfen k\u00f6nnte, in seiner derzeitigen Umgebung \u00fcber seine Gef\u00fchle zu sprechen. Hierbei k\u00f6nnte es entdecken, dass die homogen wirkenden Gruppe gar nicht so homogen ist, sondern wohlm\u00f6glich ebenfalls divers. Allerdings kann hier auch angemerkt werden, dass durch die Illustrationen nicht der Eindruck erweckt wird, dass sich das Rosa Monster in dem bisherigen Umfeld unwohl f\u00fchlt bzw. ungl\u00fccklich ist.<\/p>\n<\/div>\n","protected":false},"excerpt":{"rendered":"<p>Verlagsbeschreibung &#8222;In dem Buch \u201aRosa Monster\u2018 wird gezeigt, wie wichtig Vielfalt f\u00fcr unsere Gesellschaft ist. Gleichzeitig handelt es von der Freiheit.&#8220; \u00a9\u00a0\u00e1bac i lletres Diversit\u00e4tsreflexivit\u00e4t des Produkts Das Kinderbuch \u201eRosa Monster\u201c behandelt Prozesse des Otherings und thematisiert die M\u00f6glichkeit, dass Lebewesen selbstbestimmt aus einem f\u00fcr sie nicht wertsch\u00e4tzenden, diskriminierenden Umfeld ausbrechen k\u00f6nnen. Auch unterschiedliche Lebensrealit\u00e4ten [&hellip;]<\/p>\n","protected":false},"featured_media":68,"comment_status":"open","ping_status":"closed","template":"","meta":[],"product_brand":[],"product_cat":[284,283,285,282],"product_tag":[128],"class_list":{"0":"post-67","1":"product","2":"type-product","3":"status-publish","4":"has-post-thumbnail","6":"product_cat-body","7":"product_cat-class","8":"product_cat-gender","9":"product_cat-race","10":"product_tag-dekonstruktion-und-empowerment","12":"first","13":"instock","14":"shipping-taxable","15":"purchasable","16":"product-type-simple"},"_links":{"self":[{"href":"https:\/\/diversityspace.de\/index.php?rest_route=\/wp\/v2\/product\/67","targetHints":{"allow":["GET"]}}],"collection":[{"href":"https:\/\/diversityspace.de\/index.php?rest_route=\/wp\/v2\/product"}],"about":[{"href":"https:\/\/diversityspace.de\/index.php?rest_route=\/wp\/v2\/types\/product"}],"replies":[{"embeddable":true,"href":"https:\/\/diversityspace.de\/index.php?rest_route=%2Fwp%2Fv2%2Fcomments&post=67"}],"wp:featuredmedia":[{"embeddable":true,"href":"https:\/\/diversityspace.de\/index.php?rest_route=\/wp\/v2\/media\/68"}],"wp:attachment":[{"href":"https:\/\/diversityspace.de\/index.php?rest_route=%2Fwp%2Fv2%2Fmedia&parent=67"}],"wp:term":[{"taxonomy":"product_brand","embeddable":true,"href":"https:\/\/diversityspace.de\/index.php?rest_route=%2Fwp%2Fv2%2Fproduct_brand&post=67"},{"taxonomy":"product_cat","embeddable":true,"href":"https:\/\/diversityspace.de\/index.php?rest_route=%2Fwp%2Fv2%2Fproduct_cat&post=67"},{"taxonomy":"product_tag","embeddable":true,"href":"https:\/\/diversityspace.de\/index.php?rest_route=%2Fwp%2Fv2%2Fproduct_tag&post=67"}],"curies":[{"name":"wp","href":"https:\/\/api.w.org\/{rel}","templated":true}]}}