{"id":69,"date":"2020-10-26T21:48:54","date_gmt":"2020-10-26T20:48:54","guid":{"rendered":"https:\/\/diversityspace.de\/?post_type=product&#038;p=69"},"modified":"2025-11-11T17:32:32","modified_gmt":"2025-11-11T16:32:32","slug":"hier-sind-wir","status":"publish","type":"product","link":"https:\/\/diversityspace.de\/?product=hier-sind-wir","title":{"rendered":"Hier sind wir"},"content":{"rendered":"<p><strong>Verlagsbeschreibung<\/strong><\/p>\n<p>&#8222;Wie erkl\u00e4re ich einem Kind die Welt in ihrer ganzen Vielfalt? Dass es Berge und Seen gibt, aber auch W\u00fcste? Dass kein Mensch wie der andere ist, und dass wir doch alle die gleichen Bed\u00fcrfnisse haben.<br \/>\nOliver Jeffers macht seinem Sohn mit wenigen, pr\u00e4zis gew\u00e4hlten Worten und eindr\u00fccklichen Bildern die Welt begreifbar. Denn letztlich ist unser Fortbestehen in unserer Verantwortung. \u00bbAchte gut auf die Erde, denn es ist die einzige, die wir haben.\u00ab&#8220; \u00a9 Nords\u00fcd Verlag<\/p>\n<p>&nbsp;<\/p>\n<p><strong>Diversit\u00e4tsreflexivit\u00e4t des Produkts:<\/strong><\/p>\n<p>In diesem Buch versucht Oliver Jeffers seinem Sohn die Vielfalt des Lebens zu erkl\u00e4ren. Angefangen mit der Komplexit\u00e4t des Sonnensystems, \u00fcber die zahlreichen Unterschiedlichkeiten in der Landschaft und Tierwelt, bis hin zur Heterogenit\u00e4t der Menschen. Ganz nach dem Motto \u201aWir sehen zwar alle unterschiedlich aus, verhalten uns anders und klingen verschieden&#8230; aber Wir alle sind Menschen\u2018 werden die Aspekte der Vielfalt und Gleichheit angesprochen. Dieses Buch, welches eine Anleitung zum Leben auf der Erde darstellen soll, stellt einen respektvollen und wertsch\u00e4tzenden Umgang gegen\u00fcber allen Lebewesen in der Vordergrund. Jedes Leben ist einzigartig und lebenswert. Dabei appeliert der Text immer wieder mit Themen wie\u00a0 Achtsamkeit, Solidarit\u00e4t, Toleranz sowie Respekt gegen\u00fcber der Umwelt an die Lesenden.<\/p>\n<p>Es ist bereits f\u00fcr junge Kinder geeignet, da es mehr auf Zeichnungen, als auf Text basiert. Allerdings bietet dieses Buch auch die M\u00f6glichkeit mit den Kindern &#8222;mit zu wachsen&#8220;, da die Text-Bild-Schere es an viele Stellen erm\u00f6glicht, \u00fcber das Dargestellte hinaus in den Austausch zu treten. Die farbenfrohen und detailgenauen Zeichnungen verdeutlichen die darin enthaltenen Diversit\u00e4tsaspekte anschaulich.<span class=\"Apple-converted-space\"> Demnach k\u00f6nnen sich Kinder das Medium auch alleine, als Bilderbuch, anschauen: besonders die Doppelseiten auf denen die unterschiedlichsten Menschen dargestellt werden laden zum Nachdenken und Philosophieren ein. <\/span><\/p>\n<p>kritische Auseinandersetzung:<br \/>\nAn einzelnen Stellen werden Begriffe vereinfacht und Ausdr\u00fccke wie <em>\u00e4h<\/em> oder <em>Dingsbums<\/em> in Beschreibungen genutzt. Dies zeigt einigerseits die N\u00e4he zu dem Sprachgebrauch im Alltag, f\u00f6rdert jedoch eher weniger den Spracherwerb im direkt Zusammenhang mit ersten Worten die Kinder lernen. Zudem gibt es Doppelseiten, auf dem der Autor seinem Sohn erkl\u00e4rt, dass es Dinge gibt die er noch nicht kann (z.B. schwimmen, sprechen). Hier stellt sich die Frage inwieweit diese Aussagen in p\u00e4dagogischer Praxen mit Kindern thematisiert und hinterfragt werden k\u00f6nnen: eine geh\u00f6rlose Person wird evtl. nie sprechen k\u00f6nnen und eine Person mit einer L\u00e4hmung oder anderweitig k\u00f6rperlichen Beeintr\u00e4chtigung vielleicht nie schwimmen k\u00f6nnen. Diese Aussagen k\u00f6nnen ebenfalls dazu f\u00fchren, dass Kinder welche schon sprechen und schwimmen k\u00f6nnen, sich an diesen Stellen nicht angesprochen f\u00fchlen. Allerdings laden diese Textpassagen dazu ein \u00fcber unterschiedliche Lebensrealit\u00e4ten zu sprechen. Unterschiede k\u00f6nnen wahrgenommen werden bei gleichzeitiger Wahrnehmung\u00a0 von Gemeinsamkeiten. Insgesamt wird die Welt in diesem Buch sehr positiv dargestellt, was nicht immer der Realit\u00e4t entspricht. Dadurch k\u00f6nnen jedoch noch weitere Anhaltspunkte zum Austausch geboten werden.<\/p>\n","protected":false},"excerpt":{"rendered":"<p>Verlagsbeschreibung &#8222;Wie erkl\u00e4re ich einem Kind die Welt in ihrer ganzen Vielfalt? Dass es Berge und Seen gibt, aber auch W\u00fcste? Dass kein Mensch wie der andere ist, und dass wir doch alle die gleichen Bed\u00fcrfnisse haben. Oliver Jeffers macht seinem Sohn mit wenigen, pr\u00e4zis gew\u00e4hlten Worten und eindr\u00fccklichen Bildern die Welt begreifbar. Denn letztlich [&hellip;]<\/p>\n","protected":false},"featured_media":70,"comment_status":"open","ping_status":"closed","template":"","meta":[],"product_brand":[],"product_cat":[15],"product_tag":[160],"class_list":{"0":"post-69","1":"product","2":"type-product","3":"status-publish","4":"has-post-thumbnail","6":"product_cat-unkategorisiert","7":"product_tag-normalisierung-und-dekonstruktion","8":"product_shipping_class-paket","10":"first","11":"instock","12":"shipping-taxable","13":"purchasable","14":"product-type-simple"},"_links":{"self":[{"href":"https:\/\/diversityspace.de\/index.php?rest_route=\/wp\/v2\/product\/69","targetHints":{"allow":["GET"]}}],"collection":[{"href":"https:\/\/diversityspace.de\/index.php?rest_route=\/wp\/v2\/product"}],"about":[{"href":"https:\/\/diversityspace.de\/index.php?rest_route=\/wp\/v2\/types\/product"}],"replies":[{"embeddable":true,"href":"https:\/\/diversityspace.de\/index.php?rest_route=%2Fwp%2Fv2%2Fcomments&post=69"}],"wp:featuredmedia":[{"embeddable":true,"href":"https:\/\/diversityspace.de\/index.php?rest_route=\/wp\/v2\/media\/70"}],"wp:attachment":[{"href":"https:\/\/diversityspace.de\/index.php?rest_route=%2Fwp%2Fv2%2Fmedia&parent=69"}],"wp:term":[{"taxonomy":"product_brand","embeddable":true,"href":"https:\/\/diversityspace.de\/index.php?rest_route=%2Fwp%2Fv2%2Fproduct_brand&post=69"},{"taxonomy":"product_cat","embeddable":true,"href":"https:\/\/diversityspace.de\/index.php?rest_route=%2Fwp%2Fv2%2Fproduct_cat&post=69"},{"taxonomy":"product_tag","embeddable":true,"href":"https:\/\/diversityspace.de\/index.php?rest_route=%2Fwp%2Fv2%2Fproduct_tag&post=69"}],"curies":[{"name":"wp","href":"https:\/\/api.w.org\/{rel}","templated":true}]}}