{"id":71,"date":"2020-10-26T21:49:58","date_gmt":"2020-10-26T20:49:58","guid":{"rendered":"https:\/\/diversityspace.de\/?post_type=product&#038;p=71"},"modified":"2025-11-10T13:39:16","modified_gmt":"2025-11-10T12:39:16","slug":"prinz_essin","status":"publish","type":"product","link":"https:\/\/diversityspace.de\/?product=prinz_essin","title":{"rendered":"Prinz_essin?"},"content":{"rendered":"<p><strong>Verlagsbeschreibung<\/strong><\/p>\n<p>&#8222;Mit dem Text von Rabea Jasmin Usling und Illustrationen von Linette Wei\u00df wird das Thema Transidentit\u00e4t in diesem Kinderbuch bearbeitet. Es handelt von einem Prinzen, von dem alle anderen glauben, er sei eine Prinzessin. Dies macht ihn ungl\u00fccklich. Eine zuf\u00e4llige Begegnung mit einem\/einer mysteri\u00f6sen Zauberer\/Zauberin \u00e4ndert seine Sichtweise und hilft ihm dabei, offen mit seinen W\u00fcnschen und Bed\u00fcrfnissen umgehen zu k\u00f6nnen. Ein Buch \u00fcber Geschlechterkonstruktion, Empowerment und Mut, um seine Identit\u00e4t frei entfalten zu k\u00f6nnen.&#8220; \u00a9 Chiliverlag<\/p>\n<p><strong>Diversit\u00e4tsreflexivit\u00e4t des Produkts<\/strong><\/p>\n<p>In der Geschichte geht es um einen Transjungen*, der von seiner Familie aufgrund von \u00e4u\u00dferen Merkmalen als M\u00e4dchen* gesehen wird. Die Geschichte erz\u00e4hlt den Prozess der Familie. Thematisiert wird, dass die \u00e4u\u00dfere Form nicht entscheidend ist, sondern die innere, denn die Identit\u00e4t ergibt sich nicht aufgrund \u00e4u\u00dferer Zuschreibungen. Die Geschichte kann helfen, offen \u00fcber eigene W\u00fcnsche und Bed\u00fcrfnisse zu sprechen, sogar, wenn sie so wie das eigene Geschlecht als Selbstverst\u00e4ndlichkeit weniger hinterfragt werden d\u00fcrfen. Die Kinder k\u00f6nnen damit lernen, sich selbst anzunehmen. Dennoch werden im Buch aufgrund \u00e4u\u00dferer Merkmale Geschlechternormen und Stereotype vermittelt, die entlang von Binarit\u00e4t (Zweigeschlechtlichkeit) hergestellt werden. Eine Fachkraft sollte deswegen diese Stereotype reflektieren k\u00f6nnen.<\/p>\n","protected":false},"excerpt":{"rendered":"<p>Verlagsbeschreibung &#8222;Mit dem Text von Rabea Jasmin Usling und Illustrationen von Linette Wei\u00df wird das Thema Transidentit\u00e4t in diesem Kinderbuch bearbeitet. Es handelt von einem Prinzen, von dem alle anderen glauben, er sei eine Prinzessin. Dies macht ihn ungl\u00fccklich. Eine zuf\u00e4llige Begegnung mit einem\/einer mysteri\u00f6sen Zauberer\/Zauberin \u00e4ndert seine Sichtweise und hilft ihm dabei, offen mit [&hellip;]<\/p>\n","protected":false},"featured_media":72,"comment_status":"open","ping_status":"closed","template":"","meta":[],"product_brand":[],"product_cat":[285],"product_tag":[201],"class_list":{"0":"post-71","1":"product","2":"type-product","3":"status-publish","4":"has-post-thumbnail","6":"product_cat-gender","7":"product_tag-normalisierung-und-empowerment","9":"first","10":"instock","11":"shipping-taxable","12":"purchasable","13":"product-type-simple"},"_links":{"self":[{"href":"https:\/\/diversityspace.de\/index.php?rest_route=\/wp\/v2\/product\/71","targetHints":{"allow":["GET"]}}],"collection":[{"href":"https:\/\/diversityspace.de\/index.php?rest_route=\/wp\/v2\/product"}],"about":[{"href":"https:\/\/diversityspace.de\/index.php?rest_route=\/wp\/v2\/types\/product"}],"replies":[{"embeddable":true,"href":"https:\/\/diversityspace.de\/index.php?rest_route=%2Fwp%2Fv2%2Fcomments&post=71"}],"wp:featuredmedia":[{"embeddable":true,"href":"https:\/\/diversityspace.de\/index.php?rest_route=\/wp\/v2\/media\/72"}],"wp:attachment":[{"href":"https:\/\/diversityspace.de\/index.php?rest_route=%2Fwp%2Fv2%2Fmedia&parent=71"}],"wp:term":[{"taxonomy":"product_brand","embeddable":true,"href":"https:\/\/diversityspace.de\/index.php?rest_route=%2Fwp%2Fv2%2Fproduct_brand&post=71"},{"taxonomy":"product_cat","embeddable":true,"href":"https:\/\/diversityspace.de\/index.php?rest_route=%2Fwp%2Fv2%2Fproduct_cat&post=71"},{"taxonomy":"product_tag","embeddable":true,"href":"https:\/\/diversityspace.de\/index.php?rest_route=%2Fwp%2Fv2%2Fproduct_tag&post=71"}],"curies":[{"name":"wp","href":"https:\/\/api.w.org\/{rel}","templated":true}]}}