{"id":740,"date":"2022-09-09T18:38:20","date_gmt":"2022-09-09T16:38:20","guid":{"rendered":"https:\/\/diversityspace.de\/?post_type=product&#038;p=740"},"modified":"2026-01-14T12:51:40","modified_gmt":"2026-01-14T11:51:40","slug":"gebaerden-zahlen-1-bis-10-und-arabische-ziffern","status":"publish","type":"product","link":"https:\/\/diversityspace.de\/?product=gebaerden-zahlen-1-bis-10-und-arabische-ziffern","title":{"rendered":"Geb\u00e4rden Zahlen 1 bis 10 und Arabische Ziffern"},"content":{"rendered":"<p><a href=\"https:\/\/diversityspace.de\/wp-content\/uploads\/2024\/07\/15_DivSpace_Panske_Satz3_doi.pdf\">2024_Panske_Legespiel_Geb\u00e4rden_Numbers_AFA<\/a><\/p>\n<p><strong>Beschreibung der Hersteller*innen<\/strong><\/p>\n<p>Dieses nachhaltige 10-teilige Zahlen-Set kann 2-seitig bespielt werden. Auf der einen sind die Ziffern und Punkte, auf der anderen das entsprechende Handzeichen. So wird das Z\u00e4hlenlernen leicht gemacht.<br \/>\nOptimal zum Erlernen der Zahlen und der F\u00f6rderung sensomotorischer F\u00e4higkeiten. Es zeigt die Vielfalt von Schriften und Sprachen. Damit ist es ideal f\u00fcr Kindertageseinrichtungen, F\u00f6rdereinrichtungen und allen, denen Vielfalt am Herzen liegt. Hergestellt wird das Spiel aus nachhaltigem Kautschukbaum-Vollholz.<br \/>\nDie Ziffern sind dreidimensional und k\u00f6nnen leicht mit Papier und Bleistift abgepaust werden \u2013 f\u00fcr ein zus\u00e4tzliches Lernspiel. \u00a9 plantoys<\/p>\n<p><strong>Diversit\u00e4tsreflexivit\u00e4t des Produkts<\/strong><\/p>\n<p>Das Zahlenset zeigt die Zahlen von 1 bis 10 in arabischen Ziffern, Geb\u00e4rden und visuellen Punktzeichen und unterst\u00fctzt so ein ganzheitliches, multisensorisches Lernen. Kinder k\u00f6nnen Zahlen sehen, f\u00fchlen und geb\u00e4rden \u2013 und sie dadurch \u00fcber verschiedene Wahrnehmungskan\u00e4le aktiv erfahren. Das Material f\u00f6rdert insbesondere die Verkn\u00fcpfung von Bewegung, Wahrnehmung und Symbolverst\u00e4ndnis und ist durch seine vielf\u00e4ltigen Zug\u00e4nge besonders inklusiv. Es eignet sich f\u00fcr Kinder mit unterschiedlichen Lernstilen, Sprachen und Vorerfahrungen und erm\u00f6glicht gemeinsames Lernen. Durch das haptische Nachzeichnen von Geb\u00e4rden und Ziffern werden Feinmotorik, Konzentration und Zahlverst\u00e4ndnis geschult. Zugleich st\u00e4rkt das Set das Bewusstsein f\u00fcr sprachliche und kulturelle Vielfalt, indem es zeigt, dass Zahlen und Zeichen in verschiedenen Ausdrucksformen vorkommen und dennoch miteinander verbunden sind. So kann das Zahlenset in Kita, Schule oder zu Hause spielerisch mathematische Grundlagen und Diversit\u00e4t zugleich vermitteln.<\/p>\n<p>&nbsp;<\/p>\n<p>&nbsp;<\/p>\n","protected":false},"excerpt":{"rendered":"<p>2024_Panske_Legespiel_Geb\u00e4rden_Numbers_AFA Beschreibung der Hersteller*innen Dieses nachhaltige 10-teilige Zahlen-Set kann 2-seitig bespielt werden. Auf der einen sind die Ziffern und Punkte, auf der anderen das entsprechende Handzeichen. So wird das Z\u00e4hlenlernen leicht gemacht. Optimal zum Erlernen der Zahlen und der F\u00f6rderung sensomotorischer F\u00e4higkeiten. Es zeigt die Vielfalt von Schriften und Sprachen. Damit ist es ideal f\u00fcr [&hellip;]<\/p>\n","protected":false},"featured_media":741,"comment_status":"open","ping_status":"closed","template":"","meta":[],"product_brand":[],"product_cat":[284],"product_tag":[201],"class_list":{"0":"post-740","1":"product","2":"type-product","3":"status-publish","4":"has-post-thumbnail","6":"product_cat-body","7":"product_tag-normalisierung-und-empowerment","9":"first","10":"instock","11":"shipping-taxable","12":"purchasable","13":"product-type-simple"},"_links":{"self":[{"href":"https:\/\/diversityspace.de\/index.php?rest_route=\/wp\/v2\/product\/740","targetHints":{"allow":["GET"]}}],"collection":[{"href":"https:\/\/diversityspace.de\/index.php?rest_route=\/wp\/v2\/product"}],"about":[{"href":"https:\/\/diversityspace.de\/index.php?rest_route=\/wp\/v2\/types\/product"}],"replies":[{"embeddable":true,"href":"https:\/\/diversityspace.de\/index.php?rest_route=%2Fwp%2Fv2%2Fcomments&post=740"}],"wp:featuredmedia":[{"embeddable":true,"href":"https:\/\/diversityspace.de\/index.php?rest_route=\/wp\/v2\/media\/741"}],"wp:attachment":[{"href":"https:\/\/diversityspace.de\/index.php?rest_route=%2Fwp%2Fv2%2Fmedia&parent=740"}],"wp:term":[{"taxonomy":"product_brand","embeddable":true,"href":"https:\/\/diversityspace.de\/index.php?rest_route=%2Fwp%2Fv2%2Fproduct_brand&post=740"},{"taxonomy":"product_cat","embeddable":true,"href":"https:\/\/diversityspace.de\/index.php?rest_route=%2Fwp%2Fv2%2Fproduct_cat&post=740"},{"taxonomy":"product_tag","embeddable":true,"href":"https:\/\/diversityspace.de\/index.php?rest_route=%2Fwp%2Fv2%2Fproduct_tag&post=740"}],"curies":[{"name":"wp","href":"https:\/\/api.w.org\/{rel}","templated":true}]}}