{"id":745,"date":"2022-09-09T18:37:21","date_gmt":"2022-09-09T16:37:21","guid":{"rendered":"https:\/\/diversityspace.de\/?post_type=product&#038;p=745"},"modified":"2025-11-10T12:55:42","modified_gmt":"2025-11-10T11:55:42","slug":"gendergerechtes-kartenspiel-feminismus-52-karten","status":"publish","type":"product","link":"https:\/\/diversityspace.de\/?product=gendergerechtes-kartenspiel-feminismus-52-karten","title":{"rendered":"Gendergerechtes Kartenspiel &#8222;Feminismus&#8220; (52 Karten)"},"content":{"rendered":"<p><strong>Beschreibung des Herstellers<\/strong><\/p>\n<p>Das gendergerechte Kartenspiel, bringt nicht nur Spielspa\u00df, sondern weicht Stereotype auf<\/p>\n<p>K\u00f6nig schl\u00e4gt K\u00f6nigin? Von wegen \u2013 hier schl\u00e4gt nicht der K\u00f6nig die K\u00f6nigin, sondern sie sind gleichberechtigt die h\u00f6chsten Karten im Spiel. Sie schlagen Herzog oder Herzogin, w\u00e4hrend diese wiederum Baron oder Baronin schlagen. Geschlechterhierarchien werden hier nicht st\u00e4ndig verfestigt, sondern aufgehoben. Und mit jedem Spiel sorgst Du, daf\u00fcr, dass sich die klassischen Rollenverh\u00e4ltnisse nicht weiter verfestigen. Spielen mit diesen Karten ist also aktiv gelebter Feminismus. Gegen Gender-Pay-Gap und Ungerechtigkeit.<\/p>\n<p>Die Spielregeln sind in Franz\u00f6sisch, Englisch, Spanisch, Portugiesisch, Deutsch und Niederl\u00e4ndisch. \u00a9 topla<\/p>\n<p><strong>Diversit\u00e4tsreflexivit\u00e4t des Produkts<\/strong><\/p>\n<p>Das Kartenspiel \u201eFeminismus\u201c bricht mit traditionellen Rollenbildern klassischer Spielkarten und stellt alle Figuren in gendergerechten Paaren dar \u2013 K\u00f6nig und K\u00f6nigin, Herzog und Herzogin, Vicomte und Vicomtesse. Auf diese Weise wird Gleichstellung spielerisch sichtbar gemacht und Geschlechtervielfalt selbstverst\u00e4ndlich repr\u00e4sentiert. Entwickelt vom Moon Project, setzt sich das Spiel f\u00fcr Gleichberechtigung und Vielfalt ein. Die dargestellten Personen zeigen unterschiedliche Hautfarben, tragen verschiedene Frisuren und Accessoires und spiegeln so die Vielfalt menschlicher Erscheinungsformen wider. Das Spiel ist in sechs Sprachen spielbar \u2013 Franz\u00f6sisch, Englisch, Spanisch, Portugiesisch, Deutsch und Niederl\u00e4ndisch \u2013 und eignet sich f\u00fcr Kinder ab 6 Jahren. Es bietet einen niedrigschwelligen Zugang, um \u00fcber Geschlechterrollen, Diversit\u00e4t und Gleichberechtigung ins Gespr\u00e4ch zu kommen \u2013 in Schule, Familie oder kultureller Bildung.<\/p>\n<p>&nbsp;<\/p>\n","protected":false},"excerpt":{"rendered":"<p>Beschreibung des Herstellers Das gendergerechte Kartenspiel, bringt nicht nur Spielspa\u00df, sondern weicht Stereotype auf K\u00f6nig schl\u00e4gt K\u00f6nigin? Von wegen \u2013 hier schl\u00e4gt nicht der K\u00f6nig die K\u00f6nigin, sondern sie sind gleichberechtigt die h\u00f6chsten Karten im Spiel. Sie schlagen Herzog oder Herzogin, w\u00e4hrend diese wiederum Baron oder Baronin schlagen. Geschlechterhierarchien werden hier nicht st\u00e4ndig verfestigt, sondern [&hellip;]<\/p>\n","protected":false},"featured_media":746,"comment_status":"open","ping_status":"closed","template":"","meta":[],"product_brand":[],"product_cat":[285,282],"product_tag":[201],"class_list":{"0":"post-745","1":"product","2":"type-product","3":"status-publish","4":"has-post-thumbnail","6":"product_cat-gender","7":"product_cat-race","8":"product_tag-normalisierung-und-empowerment","10":"first","11":"instock","12":"shipping-taxable","13":"purchasable","14":"product-type-simple"},"_links":{"self":[{"href":"https:\/\/diversityspace.de\/index.php?rest_route=\/wp\/v2\/product\/745","targetHints":{"allow":["GET"]}}],"collection":[{"href":"https:\/\/diversityspace.de\/index.php?rest_route=\/wp\/v2\/product"}],"about":[{"href":"https:\/\/diversityspace.de\/index.php?rest_route=\/wp\/v2\/types\/product"}],"replies":[{"embeddable":true,"href":"https:\/\/diversityspace.de\/index.php?rest_route=%2Fwp%2Fv2%2Fcomments&post=745"}],"wp:featuredmedia":[{"embeddable":true,"href":"https:\/\/diversityspace.de\/index.php?rest_route=\/wp\/v2\/media\/746"}],"wp:attachment":[{"href":"https:\/\/diversityspace.de\/index.php?rest_route=%2Fwp%2Fv2%2Fmedia&parent=745"}],"wp:term":[{"taxonomy":"product_brand","embeddable":true,"href":"https:\/\/diversityspace.de\/index.php?rest_route=%2Fwp%2Fv2%2Fproduct_brand&post=745"},{"taxonomy":"product_cat","embeddable":true,"href":"https:\/\/diversityspace.de\/index.php?rest_route=%2Fwp%2Fv2%2Fproduct_cat&post=745"},{"taxonomy":"product_tag","embeddable":true,"href":"https:\/\/diversityspace.de\/index.php?rest_route=%2Fwp%2Fv2%2Fproduct_tag&post=745"}],"curies":[{"name":"wp","href":"https:\/\/api.w.org\/{rel}","templated":true}]}}