{"id":748,"date":"2022-09-09T18:37:32","date_gmt":"2022-09-09T16:37:32","guid":{"rendered":"https:\/\/diversityspace.de\/?post_type=product&#038;p=748"},"modified":"2025-11-10T12:55:16","modified_gmt":"2025-11-10T11:55:16","slug":"gendergerechtes-kartenspiel-das-komplette-deck-52-karten","status":"publish","type":"product","link":"https:\/\/diversityspace.de\/?product=gendergerechtes-kartenspiel-das-komplette-deck-52-karten","title":{"rendered":"Gendergerechtes Kartenspiel &#8222;das komplette Deck&#8220; (52 Karten)"},"content":{"rendered":"<p><strong>Beschreibung des Herstellers<\/strong><\/p>\n<p>Das gendergerechte Kartenspiel, bringt nicht nur Spielspa\u00df, sondern weicht Stereotype auf<\/p>\n<p>K\u00f6nig schl\u00e4gt K\u00f6nigin?\u00a0Von wegen \u2013 hier schl\u00e4gt nicht der K\u00f6nig die K\u00f6nigin, sondern sie sind gleichberechtigt die h\u00f6chsten Karten im Spiel. Geschlechterhierarchien werden hier nicht st\u00e4ndig verfestigt, sondern aufgehoben. Und mit jedem Spiel sorgst Du, daf\u00fcr, dass sich die klassischen Rollenverh\u00e4ltnisse nicht weiter verfestigen. Spielen mit diesen Karten ist also aktiv gelebter Feminismus.<\/p>\n<p>Gegen Gender-Pay-Gap und Ungerechtigkeit. \u00a9 Spielk\u00f6pfe<\/p>\n<p><strong>Diversit\u00e4tsreflexivit\u00e4t des Produkts<\/strong><\/p>\n<p>Das Kartenspiel \u201eklassisches Deck\u201c wurde aus einer genderfluiden Perspektive neugestaltet, d. h. die abgebildeten Personen haben u .a. B\u00e4rte, lackierte Fingern\u00e4gel, langes (geflochtenes) Haar, erscheinen geschminkt etc. Zudem sind Menschen unterschiedlicher Hautfarbe abgebildet. Damit dekonstruiert das Spiel starre, heteronormative Geschlechter- und Rollenbilder. Beim Spielen mit den Karten kann ein Abbau bin\u00e4rer Bilder auf eine selbstverst\u00e4ndliche Weise erfolgen.<\/p>\n","protected":false},"excerpt":{"rendered":"<p>Beschreibung des Herstellers Das gendergerechte Kartenspiel, bringt nicht nur Spielspa\u00df, sondern weicht Stereotype auf K\u00f6nig schl\u00e4gt K\u00f6nigin?\u00a0Von wegen \u2013 hier schl\u00e4gt nicht der K\u00f6nig die K\u00f6nigin, sondern sie sind gleichberechtigt die h\u00f6chsten Karten im Spiel. Geschlechterhierarchien werden hier nicht st\u00e4ndig verfestigt, sondern aufgehoben. Und mit jedem Spiel sorgst Du, daf\u00fcr, dass sich die klassischen Rollenverh\u00e4ltnisse [&hellip;]<\/p>\n","protected":false},"featured_media":749,"comment_status":"open","ping_status":"closed","template":"","meta":[],"product_brand":[],"product_cat":[285,282],"product_tag":[160],"class_list":{"0":"post-748","1":"product","2":"type-product","3":"status-publish","4":"has-post-thumbnail","6":"product_cat-gender","7":"product_cat-race","8":"product_tag-normalisierung-und-dekonstruktion","10":"first","11":"instock","12":"shipping-taxable","13":"purchasable","14":"product-type-simple"},"_links":{"self":[{"href":"https:\/\/diversityspace.de\/index.php?rest_route=\/wp\/v2\/product\/748","targetHints":{"allow":["GET"]}}],"collection":[{"href":"https:\/\/diversityspace.de\/index.php?rest_route=\/wp\/v2\/product"}],"about":[{"href":"https:\/\/diversityspace.de\/index.php?rest_route=\/wp\/v2\/types\/product"}],"replies":[{"embeddable":true,"href":"https:\/\/diversityspace.de\/index.php?rest_route=%2Fwp%2Fv2%2Fcomments&post=748"}],"wp:featuredmedia":[{"embeddable":true,"href":"https:\/\/diversityspace.de\/index.php?rest_route=\/wp\/v2\/media\/749"}],"wp:attachment":[{"href":"https:\/\/diversityspace.de\/index.php?rest_route=%2Fwp%2Fv2%2Fmedia&parent=748"}],"wp:term":[{"taxonomy":"product_brand","embeddable":true,"href":"https:\/\/diversityspace.de\/index.php?rest_route=%2Fwp%2Fv2%2Fproduct_brand&post=748"},{"taxonomy":"product_cat","embeddable":true,"href":"https:\/\/diversityspace.de\/index.php?rest_route=%2Fwp%2Fv2%2Fproduct_cat&post=748"},{"taxonomy":"product_tag","embeddable":true,"href":"https:\/\/diversityspace.de\/index.php?rest_route=%2Fwp%2Fv2%2Fproduct_tag&post=748"}],"curies":[{"name":"wp","href":"https:\/\/api.w.org\/{rel}","templated":true}]}}