{"id":75,"date":"2020-10-26T21:53:50","date_gmt":"2020-10-26T20:53:50","guid":{"rendered":"https:\/\/diversityspace.de\/?post_type=product&#038;p=75"},"modified":"2025-11-11T17:37:44","modified_gmt":"2025-11-11T16:37:44","slug":"wer-hat-mein-eis-gegessen-englisch-deutsch","status":"publish","type":"product","link":"https:\/\/diversityspace.de\/?product=wer-hat-mein-eis-gegessen-englisch-deutsch","title":{"rendered":"Wer hat mein Eis gegessen? (T\u00fcrkisch-Deutsch)"},"content":{"rendered":"<p><strong>Verlagsbeschreibung<\/strong><\/p>\n<p>&#8222;Ein Eis ist eine wunderbare Sache. Aber wie esse ich es, ohne mich zu bekleckern? Alle wollen mir zeigen, wie es geht, aber was passiert dabei mit meinem Eis? Eine schwungvolle Geschichte aus dem Libanon zu einer Frage, die alle Kinder besch\u00e4ftigt &#8230;&#8220; \u00a9 Edition Orient<\/p>\n<p><strong>Diversit\u00e4tsreflexivit\u00e4t des Produkts<\/strong><\/p>\n<p>In dem Kinderbuch\u00a0<em>Wer hat mein Eis gegessen? &#8211; Dondurmam\u0131 kim yedi?\u00a0<\/em>geht es um ein M\u00e4dchen, das auf einer Parkbank sitzt und sein Eis essen m\u00f6chte, ohne sich zu bekleckern. Im Laufe der Geschichte kommen unterschiedliche Fabelwesen vorbei, um dem M\u00e4dchen zu zeigen, wie es das Eis essen soll, ohne sich zu bekleckern. Am Ende bleibt dem M\u00e4dchen jedoch nur noch die Eiswaffel \u00fcbrig. Bei dem M\u00e4dchen handelt es sich um eine selbstbewusste starke M\u00e4dchenfigur, die sich beim n\u00e4chsten Mal nicht mehr reinreden l\u00e4sst, was es zu tun oder zu lassen hat. Die unterschiedlichen Fabelwesen machen es Kindern m\u00f6glich, sich mit der Geschichte zu identifizieren.<\/p>\n<p>Das besondere an dem Buch <em>Wer hat mein Eis gegessen? &#8211; Dondurmam\u0131 kim yedi?<\/em> ist, dass es zweisprachig in arabisch und in deutsch geschrieben ist und sich somit an viele unterschiedliche Kinder richtet. Auch ohne Sprache ist das Buch verst\u00e4ndlich und vermittelt die Botschaft, sich nicht alles gefallen zu lassen, durch die Zeichnungen.<\/p>\n","protected":false},"excerpt":{"rendered":"<p>Verlagsbeschreibung &#8222;Ein Eis ist eine wunderbare Sache. Aber wie esse ich es, ohne mich zu bekleckern? Alle wollen mir zeigen, wie es geht, aber was passiert dabei mit meinem Eis? Eine schwungvolle Geschichte aus dem Libanon zu einer Frage, die alle Kinder besch\u00e4ftigt &#8230;&#8220; \u00a9 Edition Orient Diversit\u00e4tsreflexivit\u00e4t des Produkts In dem Kinderbuch\u00a0Wer hat mein [&hellip;]<\/p>\n","protected":false},"featured_media":545,"comment_status":"open","ping_status":"closed","template":"","meta":[],"product_brand":[],"product_cat":[285,282],"product_tag":[201],"class_list":{"0":"post-75","1":"product","2":"type-product","3":"status-publish","4":"has-post-thumbnail","6":"product_cat-gender","7":"product_cat-race","8":"product_tag-normalisierung-und-empowerment","10":"first","11":"instock","12":"shipping-taxable","13":"purchasable","14":"product-type-simple"},"_links":{"self":[{"href":"https:\/\/diversityspace.de\/index.php?rest_route=\/wp\/v2\/product\/75","targetHints":{"allow":["GET"]}}],"collection":[{"href":"https:\/\/diversityspace.de\/index.php?rest_route=\/wp\/v2\/product"}],"about":[{"href":"https:\/\/diversityspace.de\/index.php?rest_route=\/wp\/v2\/types\/product"}],"replies":[{"embeddable":true,"href":"https:\/\/diversityspace.de\/index.php?rest_route=%2Fwp%2Fv2%2Fcomments&post=75"}],"wp:featuredmedia":[{"embeddable":true,"href":"https:\/\/diversityspace.de\/index.php?rest_route=\/wp\/v2\/media\/545"}],"wp:attachment":[{"href":"https:\/\/diversityspace.de\/index.php?rest_route=%2Fwp%2Fv2%2Fmedia&parent=75"}],"wp:term":[{"taxonomy":"product_brand","embeddable":true,"href":"https:\/\/diversityspace.de\/index.php?rest_route=%2Fwp%2Fv2%2Fproduct_brand&post=75"},{"taxonomy":"product_cat","embeddable":true,"href":"https:\/\/diversityspace.de\/index.php?rest_route=%2Fwp%2Fv2%2Fproduct_cat&post=75"},{"taxonomy":"product_tag","embeddable":true,"href":"https:\/\/diversityspace.de\/index.php?rest_route=%2Fwp%2Fv2%2Fproduct_tag&post=75"}],"curies":[{"name":"wp","href":"https:\/\/api.w.org\/{rel}","templated":true}]}}