{"id":754,"date":"2022-09-19T23:40:20","date_gmt":"2022-09-19T21:40:20","guid":{"rendered":"https:\/\/diversityspace.de\/?post_type=product&#038;p=754"},"modified":"2025-11-10T12:44:46","modified_gmt":"2025-11-10T11:44:46","slug":"so-viele-liebe-lachgesichter-von-dawn-mcniff-und-zoe-waring","status":"publish","type":"product","link":"https:\/\/diversityspace.de\/?product=so-viele-liebe-lachgesichter-von-dawn-mcniff-und-zoe-waring","title":{"rendered":"So viele liebe Lachgesichter! von Dawn McNiff und Zoe Waring"},"content":{"rendered":"<p><strong><a href=\"https:\/\/diversityspace.de\/wp-content\/uploads\/2024\/07\/09_DivSpace_Cloos_Remmers_Satz4.pdf\">2024_Cloos_Fischer_Lachgesichter_BDA<\/a> <\/strong><\/p>\n<p><strong>Verlagsbeschreibung<\/strong><\/p>\n<p>\u201eEin Lachen hilft in schwierigen Zeiten: Ein fr\u00f6hliches Pappbilderbuch, das Kinder unterst\u00fctzt. In der Stadt, in den L\u00e4den und beim Kinderarzt \u2013 \u00fcberall tragen die Leute Masken, deshalb kannst du ihre M\u00fcnder nicht sehen. Aber schau mal genau, die Augen von Busfahrerin, Arzt und Verk\u00e4uferin lachen dich an! Und wenn du die Maske aufklappst, erkennst du gleich: Alle zeigen dir ihr nettes Lachgesicht! Denn auch mit Maske kann man lachen und fr\u00f6hlich sein.&#8220; \u00a9 Penguin Junior<\/p>\n<p><strong>Diversit\u00e4tsreflexivit\u00e4t des Produkts<\/strong><\/p>\n<p>Dieses farbenfrohe Bilderbuch &#8222;So viele liebe Lachgesichter!&#8220; feiert die Vielfalt menschlicher Gesichter, Gef\u00fchle und Begegnungen. Es zeigt Kinder und Erwachsene mit unterschiedlichen Hautfarben, Frisuren, Kleidungsstilen und Ausdrucksformen \u2013 verbunden durch allt\u00e4gliche Momente beim Einkaufen oder Bus fahren. Das Buch besteht aus f\u00fcnf Doppelseiten, enth\u00e4lt dicke, feste Seiten, gro\u00dfe Klappkarten und Spiegelfolie. Aus diversit\u00e4tsreflexiver Perspektive st\u00e4rkt das Buch das Bewusstsein f\u00fcr Vielfalt und Zugeh\u00f6rigkeit. Es vermittelt, dass Freude und Gemeinschaft universelle Erfahrungen sind \u2013 unabh\u00e4ngig von Herkunft, Aussehen oder Lebensweise. Kritisch l\u00e4sst sich anmerken, dass Diversit\u00e4t hier eher visuell dargestellt und nicht inhaltlich vertieft wird. Dennoch bietet das Buch einen positiven Zugang zu emotionaler Verbundenheit \u2013 ideal f\u00fcr Kita, Grundschule oder famili\u00e4res Anschauen und Vorlesen.<\/p>\n<p>&nbsp;<\/p>\n","protected":false},"excerpt":{"rendered":"<p>2024_Cloos_Fischer_Lachgesichter_BDA Verlagsbeschreibung \u201eEin Lachen hilft in schwierigen Zeiten: Ein fr\u00f6hliches Pappbilderbuch, das Kinder unterst\u00fctzt. In der Stadt, in den L\u00e4den und beim Kinderarzt \u2013 \u00fcberall tragen die Leute Masken, deshalb kannst du ihre M\u00fcnder nicht sehen. Aber schau mal genau, die Augen von Busfahrerin, Arzt und Verk\u00e4uferin lachen dich an! Und wenn du die Maske [&hellip;]<\/p>\n","protected":false},"featured_media":755,"comment_status":"open","ping_status":"closed","template":"","meta":[],"product_brand":[],"product_cat":[284,285,282],"product_tag":[201],"class_list":{"0":"post-754","1":"product","2":"type-product","3":"status-publish","4":"has-post-thumbnail","6":"product_cat-body","7":"product_cat-gender","8":"product_cat-race","9":"product_tag-normalisierung-und-empowerment","11":"first","12":"instock","13":"shipping-taxable","14":"purchasable","15":"product-type-simple"},"_links":{"self":[{"href":"https:\/\/diversityspace.de\/index.php?rest_route=\/wp\/v2\/product\/754","targetHints":{"allow":["GET"]}}],"collection":[{"href":"https:\/\/diversityspace.de\/index.php?rest_route=\/wp\/v2\/product"}],"about":[{"href":"https:\/\/diversityspace.de\/index.php?rest_route=\/wp\/v2\/types\/product"}],"replies":[{"embeddable":true,"href":"https:\/\/diversityspace.de\/index.php?rest_route=%2Fwp%2Fv2%2Fcomments&post=754"}],"wp:featuredmedia":[{"embeddable":true,"href":"https:\/\/diversityspace.de\/index.php?rest_route=\/wp\/v2\/media\/755"}],"wp:attachment":[{"href":"https:\/\/diversityspace.de\/index.php?rest_route=%2Fwp%2Fv2%2Fmedia&parent=754"}],"wp:term":[{"taxonomy":"product_brand","embeddable":true,"href":"https:\/\/diversityspace.de\/index.php?rest_route=%2Fwp%2Fv2%2Fproduct_brand&post=754"},{"taxonomy":"product_cat","embeddable":true,"href":"https:\/\/diversityspace.de\/index.php?rest_route=%2Fwp%2Fv2%2Fproduct_cat&post=754"},{"taxonomy":"product_tag","embeddable":true,"href":"https:\/\/diversityspace.de\/index.php?rest_route=%2Fwp%2Fv2%2Fproduct_tag&post=754"}],"curies":[{"name":"wp","href":"https:\/\/api.w.org\/{rel}","templated":true}]}}