{"id":761,"date":"2022-09-22T22:16:40","date_gmt":"2022-09-22T20:16:40","guid":{"rendered":"https:\/\/diversityspace.de\/?post_type=product&#038;p=761"},"modified":"2025-11-08T17:19:42","modified_gmt":"2025-11-08T16:19:42","slug":"maxi-memory-hygiene-und-gesundheit","status":"publish","type":"product","link":"https:\/\/diversityspace.de\/?product=maxi-memory-hygiene-und-gesundheit","title":{"rendered":"Maxi Memory \u201cHygiene und Gesundheit\u201d"},"content":{"rendered":"<p><strong>Beschreibung des Herstellers<\/strong><\/p>\n<p>Ein Spieleklassiker im Gro\u00dfformat.<br \/>\nWo war noch gleich das Bild? Bei diesem Spiel hei\u00dft es: Merke Dir gut, wo welches Bild liegt, denn nur wer die richtigen Paare findet, kann gewinnen. Die Paare bilden sich hier aus Bildk\u00e4rtchen rund um das Thema Hygiene und Gesundheit. So k\u00f6nnen zum Beispiel die AHA-Regeln spielerisch im Kinderzimmer oder Kindergarten Einzug finden. Aber ebenso wichtige Themen wie Schlaf und Ern\u00e4hrung. Weil die Karten mit 9\u00d79 cm recht gro\u00df sind, eignen sie sich f\u00fcr manche Menschen mit Sehbehinderung. Es sind\u00a0<strong>Fotos<\/strong> von Menschen. \u00a9 akros<\/p>\n<p><strong>Diversit\u00e4tsreflexivit\u00e4t des Produkts<\/strong><\/p>\n<p>Das Memory-Spiel \u201eHygiene und Gesundheit\u201c zeigt allt\u00e4gliche Situationen rund um das Thema der K\u00f6rperhygiene und Gesundheit. Auf den Karten werden Menschen unterschiedlichen Geschlechts, unterschiedlicher Hautfarbe sowie Herkunft gezeigt. Menschen mit einer Beeintr\u00e4chtigung werden ebenso abgebildet. Durch das Spiel lernen Kinder allt\u00e4gliche Praktiken kennen, in denen Klischees aufgebrochen werden. Zudem hat das Spiel mit den Maxi-Karten einen inklusiven Zugang, denn Menschen mit einer leichten Sehbehinderung k\u00f6nnen das Spiel ebenfalls spielen. Dennoch f\u00e4llt auf, dass mehrheitlich wei\u00dfe Kinder gezeigt werden.<\/p>\n","protected":false},"excerpt":{"rendered":"<p>Beschreibung des Herstellers Ein Spieleklassiker im Gro\u00dfformat. Wo war noch gleich das Bild? Bei diesem Spiel hei\u00dft es: Merke Dir gut, wo welches Bild liegt, denn nur wer die richtigen Paare findet, kann gewinnen. Die Paare bilden sich hier aus Bildk\u00e4rtchen rund um das Thema Hygiene und Gesundheit. So k\u00f6nnen zum Beispiel die AHA-Regeln spielerisch [&hellip;]<\/p>\n","protected":false},"featured_media":762,"comment_status":"open","ping_status":"closed","template":"","meta":[],"product_brand":[],"product_cat":[284,282],"product_tag":[201],"class_list":{"0":"post-761","1":"product","2":"type-product","3":"status-publish","4":"has-post-thumbnail","6":"product_cat-body","7":"product_cat-race","8":"product_tag-normalisierung-und-empowerment","10":"first","11":"instock","12":"shipping-taxable","13":"purchasable","14":"product-type-simple"},"_links":{"self":[{"href":"https:\/\/diversityspace.de\/index.php?rest_route=\/wp\/v2\/product\/761","targetHints":{"allow":["GET"]}}],"collection":[{"href":"https:\/\/diversityspace.de\/index.php?rest_route=\/wp\/v2\/product"}],"about":[{"href":"https:\/\/diversityspace.de\/index.php?rest_route=\/wp\/v2\/types\/product"}],"replies":[{"embeddable":true,"href":"https:\/\/diversityspace.de\/index.php?rest_route=%2Fwp%2Fv2%2Fcomments&post=761"}],"wp:featuredmedia":[{"embeddable":true,"href":"https:\/\/diversityspace.de\/index.php?rest_route=\/wp\/v2\/media\/762"}],"wp:attachment":[{"href":"https:\/\/diversityspace.de\/index.php?rest_route=%2Fwp%2Fv2%2Fmedia&parent=761"}],"wp:term":[{"taxonomy":"product_brand","embeddable":true,"href":"https:\/\/diversityspace.de\/index.php?rest_route=%2Fwp%2Fv2%2Fproduct_brand&post=761"},{"taxonomy":"product_cat","embeddable":true,"href":"https:\/\/diversityspace.de\/index.php?rest_route=%2Fwp%2Fv2%2Fproduct_cat&post=761"},{"taxonomy":"product_tag","embeddable":true,"href":"https:\/\/diversityspace.de\/index.php?rest_route=%2Fwp%2Fv2%2Fproduct_tag&post=761"}],"curies":[{"name":"wp","href":"https:\/\/api.w.org\/{rel}","templated":true}]}}