{"id":767,"date":"2022-09-27T23:32:54","date_gmt":"2022-09-27T21:32:54","guid":{"rendered":"https:\/\/diversityspace.de\/?post_type=product&#038;p=767"},"modified":"2025-11-08T17:14:37","modified_gmt":"2025-11-08T16:14:37","slug":"memory-berufe-ich-kann-werden-was-ich-will","status":"publish","type":"product","link":"https:\/\/diversityspace.de\/?product=memory-berufe-ich-kann-werden-was-ich-will","title":{"rendered":"Memory Berufe: Ich kann werden, was ich will"},"content":{"rendered":"<p><a href=\"https:\/\/diversityspace.de\/wp-content\/uploads\/2024\/07\/17_DivSpace_Nothwehr_Berufe-Memory_Satz2_doi.pdf\">2024_Notwehr_Berufe_Memo_AFA<\/a><\/p>\n<p><strong>Beschreibung des Herstellers<\/strong><\/p>\n<p>Text von Elsa och Sam:<br \/>\n\u201cEndlich ist unser Inklusiv-Memory da! Wir haben unser Bestes getan, damit sich so viele Kinder wie m\u00f6glich in diesem Spiel wiedererkennen. Indem wir Normen in Bezug auf Hautfarbe, K\u00f6rperform, Geschlecht und den Status von Berufen in Frage stellen. Trainieren Sie Ihr Ged\u00e4chtnis, indem Sie nach Paaren suchen. Und nutzen Sie die Gelegenheit, um den Beruf auf dem Bild zu erraten \u2013 Falsch oder Richtig gibt es dabei nicht. Es ist vielmehr eine lustige Gelegenheit um dar\u00fcber zu diskutieren, was die verschiedenen Berufe bedeuten. Eine Liste der Berufe und Vorschl\u00e4ge f\u00fcr verschiedene Spiele mit den K\u00e4rtchen ist enthalten. Beispiele f\u00fcr einige Berufe, die bei der Spielentwicklung ber\u00fccksichtigt wurden sind: Krankenschwester\/Krankenpfleger, Fu\u00dfballspieler*in, Tierarzt\/Tier\u00e4rztin, Prigrammierer*in, Astronaut*in.<br \/>\nViele Spiele produzierende Firmen konzentrieren sich bei der Entwicklung nur auf von M\u00e4nnern dominierte hochrangige Berufe. Daher haben wir bewusst verschiedene Berufe aufgenommen, um Kindern die M\u00f6glichkeit zu geben ihren Horizont zu erweitern.\u201d \u00a9 Kouhi<\/p>\n<p><strong>Diversit\u00e4tsreflexivit\u00e4t des Produkts<\/strong><\/p>\n<p>Das Memory koppelt die Vielfaltskategorien Geschlecht, Hautfarbe und Gesundheit mit unterschiedlichen Berufsbildern. So werden Kinder nicht mit der heteronormativen Vorstellung von Berufen konfrontiert,\u00a0 sondern erfahren, wie vielf\u00e4ltig Berufe sein und aussehen k\u00f6nnen. Es werden Schwarze, PoC und <em>wei\u00dfe,\u00a0<\/em>sowie Menschen mit einer Behinderung abgebildet auf den P\u00e4rchen. Berufe, die in der Dominanzkultur als m\u00e4nnlich* konnotiert sind, werden in diesem Spiel bewusst von weiblich* gelesenen Personen repr\u00e4sentiert. Kinder begegnen Berufen aus einer antistereotypierenden Perspektive und weichen verinnerlichte Vorurteile und Klischees gegen\u00fcber Berufs- und Geschlechterrollen auf.<\/p>\n","protected":false},"excerpt":{"rendered":"<p>2024_Notwehr_Berufe_Memo_AFA Beschreibung des Herstellers Text von Elsa och Sam: \u201cEndlich ist unser Inklusiv-Memory da! Wir haben unser Bestes getan, damit sich so viele Kinder wie m\u00f6glich in diesem Spiel wiedererkennen. Indem wir Normen in Bezug auf Hautfarbe, K\u00f6rperform, Geschlecht und den Status von Berufen in Frage stellen. Trainieren Sie Ihr Ged\u00e4chtnis, indem Sie nach Paaren [&hellip;]<\/p>\n","protected":false},"featured_media":768,"comment_status":"open","ping_status":"closed","template":"","meta":[],"product_brand":[],"product_cat":[284,285,282],"product_tag":[201],"class_list":{"0":"post-767","1":"product","2":"type-product","3":"status-publish","4":"has-post-thumbnail","6":"product_cat-body","7":"product_cat-gender","8":"product_cat-race","9":"product_tag-normalisierung-und-empowerment","11":"first","12":"instock","13":"shipping-taxable","14":"purchasable","15":"product-type-simple"},"_links":{"self":[{"href":"https:\/\/diversityspace.de\/index.php?rest_route=\/wp\/v2\/product\/767","targetHints":{"allow":["GET"]}}],"collection":[{"href":"https:\/\/diversityspace.de\/index.php?rest_route=\/wp\/v2\/product"}],"about":[{"href":"https:\/\/diversityspace.de\/index.php?rest_route=\/wp\/v2\/types\/product"}],"replies":[{"embeddable":true,"href":"https:\/\/diversityspace.de\/index.php?rest_route=%2Fwp%2Fv2%2Fcomments&post=767"}],"wp:featuredmedia":[{"embeddable":true,"href":"https:\/\/diversityspace.de\/index.php?rest_route=\/wp\/v2\/media\/768"}],"wp:attachment":[{"href":"https:\/\/diversityspace.de\/index.php?rest_route=%2Fwp%2Fv2%2Fmedia&parent=767"}],"wp:term":[{"taxonomy":"product_brand","embeddable":true,"href":"https:\/\/diversityspace.de\/index.php?rest_route=%2Fwp%2Fv2%2Fproduct_brand&post=767"},{"taxonomy":"product_cat","embeddable":true,"href":"https:\/\/diversityspace.de\/index.php?rest_route=%2Fwp%2Fv2%2Fproduct_cat&post=767"},{"taxonomy":"product_tag","embeddable":true,"href":"https:\/\/diversityspace.de\/index.php?rest_route=%2Fwp%2Fv2%2Fproduct_tag&post=767"}],"curies":[{"name":"wp","href":"https:\/\/api.w.org\/{rel}","templated":true}]}}