{"id":769,"date":"2022-10-03T13:35:49","date_gmt":"2022-10-03T11:35:49","guid":{"rendered":"https:\/\/diversityspace.de\/?post_type=product&#038;p=769"},"modified":"2025-11-11T22:23:05","modified_gmt":"2025-11-11T21:23:05","slug":"taktiles-memory-alltag","status":"publish","type":"product","link":"https:\/\/diversityspace.de\/?product=taktiles-memory-alltag","title":{"rendered":"Taktiles Memory \u201cAlltag\u201d"},"content":{"rendered":"<p><strong>Beschreibung des Herstellers<\/strong><\/p>\n<p>Ein taktiles Memory erm\u00f6glicht es unterschiedlichen Bed\u00fcrfnissen beim Spielen gerecht zu werden. Dadurch k\u00f6nnen Menschen mit und ohne Sehbehinderung dieses vergn\u00fcgliche Spiel spielen. Wegen des gro\u00dfen Formats ist es auch gut f\u00fcr Menschen geeignet, denen das Greifen kleiner Dinge schwer f\u00e4llt. Und alle k\u00f6nnen sich auf die Sinnesebene des F\u00fchlens beim Memory freuen. \u00a9 akros<\/p>\n<p><strong>Diversit\u00e4tsreflexivit\u00e4t des Produkts<\/strong><\/p>\n<p>Das taktile Memory \u201eAlltag\u201c besteht aus stabilen Karten, die Alltagsgegenst\u00e4nde sowohl bildlich als auch mit f\u00fchlbaren Oberfl\u00e4chen darstellen. Durch das Ertasten und Vergleichen der unterschiedlichen Strukturen werden Wahrnehmung, Feinmotorik und Merkf\u00e4higkeit gef\u00f6rdert. Das Spiel eignet sich f\u00fcr Kinder ab etwa drei Jahren und erm\u00f6glicht ein inklusives Spielerlebnis, da es visuelle und haptische Zug\u00e4nge kombiniert und so besonders f\u00fcr Kinder mit unterschiedlichen Lernvoraussetzungen oder Sehbeeintr\u00e4chtigungen geeignet ist. Aus diversit\u00e4tsreflexiver Perspektive kann das Material dazu beitragen, unterschiedliche Lebenswelten und Wahrnehmungsformen anzuerkennen. Es er\u00f6ffnet Gespr\u00e4che dar\u00fcber, was \u201eAlltag\u201c bedeutet und wie vielf\u00e4ltig dieser sein kann \u2013 je nach Herkunft, Kultur oder famili\u00e4rem Umfeld. Kritisch l\u00e4sst sich anmerken, dass die Auswahl der abgebildeten Gegenst\u00e4nde meist von westlich-europ\u00e4ischen Alltagsrealit\u00e4ten gepr\u00e4gt ist und somit nicht alle Lebenskontexte repr\u00e4sentiert. Auch bleibt die taktile Vielfalt begrenzt. Dennoch bietet das Spiel einen wertvollen Ansatz, um \u00fcber Unterschiede und Gemeinsamkeiten ins Gespr\u00e4ch zu kommen und Inklusion im Spielalltag erlebbar zu machen.<\/p>\n","protected":false},"excerpt":{"rendered":"<p>Beschreibung des Herstellers Ein taktiles Memory erm\u00f6glicht es unterschiedlichen Bed\u00fcrfnissen beim Spielen gerecht zu werden. Dadurch k\u00f6nnen Menschen mit und ohne Sehbehinderung dieses vergn\u00fcgliche Spiel spielen. Wegen des gro\u00dfen Formats ist es auch gut f\u00fcr Menschen geeignet, denen das Greifen kleiner Dinge schwer f\u00e4llt. Und alle k\u00f6nnen sich auf die Sinnesebene des F\u00fchlens beim Memory [&hellip;]<\/p>\n","protected":false},"featured_media":770,"comment_status":"open","ping_status":"closed","template":"","meta":[],"product_brand":[],"product_cat":[284],"product_tag":[201],"class_list":{"0":"post-769","1":"product","2":"type-product","3":"status-publish","4":"has-post-thumbnail","6":"product_cat-body","7":"product_tag-normalisierung-und-empowerment","9":"first","10":"instock","11":"shipping-taxable","12":"purchasable","13":"product-type-simple"},"_links":{"self":[{"href":"https:\/\/diversityspace.de\/index.php?rest_route=\/wp\/v2\/product\/769","targetHints":{"allow":["GET"]}}],"collection":[{"href":"https:\/\/diversityspace.de\/index.php?rest_route=\/wp\/v2\/product"}],"about":[{"href":"https:\/\/diversityspace.de\/index.php?rest_route=\/wp\/v2\/types\/product"}],"replies":[{"embeddable":true,"href":"https:\/\/diversityspace.de\/index.php?rest_route=%2Fwp%2Fv2%2Fcomments&post=769"}],"wp:featuredmedia":[{"embeddable":true,"href":"https:\/\/diversityspace.de\/index.php?rest_route=\/wp\/v2\/media\/770"}],"wp:attachment":[{"href":"https:\/\/diversityspace.de\/index.php?rest_route=%2Fwp%2Fv2%2Fmedia&parent=769"}],"wp:term":[{"taxonomy":"product_brand","embeddable":true,"href":"https:\/\/diversityspace.de\/index.php?rest_route=%2Fwp%2Fv2%2Fproduct_brand&post=769"},{"taxonomy":"product_cat","embeddable":true,"href":"https:\/\/diversityspace.de\/index.php?rest_route=%2Fwp%2Fv2%2Fproduct_cat&post=769"},{"taxonomy":"product_tag","embeddable":true,"href":"https:\/\/diversityspace.de\/index.php?rest_route=%2Fwp%2Fv2%2Fproduct_tag&post=769"}],"curies":[{"name":"wp","href":"https:\/\/api.w.org\/{rel}","templated":true}]}}