{"id":77,"date":"2020-10-26T21:54:46","date_gmt":"2020-10-26T20:54:46","guid":{"rendered":"https:\/\/diversityspace.de\/?post_type=product&#038;p=77"},"modified":"2026-04-27T13:18:40","modified_gmt":"2026-04-27T11:18:40","slug":"auf-keinen-fall-prinzessin","status":"publish","type":"product","link":"https:\/\/diversityspace.de\/?product=auf-keinen-fall-prinzessin","title":{"rendered":"Auf keinen Fall Prinzessin"},"content":{"rendered":"<p><strong>Verlagsbeschreibung<\/strong><\/p>\n<p>&#8222;Nicht alle M\u00e4dchen wollen Prinzessin sein.<br \/>\nMarie ist ein schrecklicher Drache! Dabei denken Mama und Papa, Marie sei eine s\u00fc\u00dfe Prinzessin. Pustekuchen. Marie ist wirklich ein schrecklicher Drache. Und die spielen auch ganz andere Sachen als s\u00fc\u00dfe Prinzessinnen. Also muss Mama die Prinzessin sein, Papa ein Ritter in R\u00fcstung und Oma und Opa verspeiste Ritter, die als Skelette auf dem Teppich liegen. F\u00fcnf Tage hintereinander spielen sie das! Marie findet das toll. Mama, Papa, Oma und Opa finden das langweilig. Oma will auch endlich mal was anderes spielen.<br \/>\nEine herzerfrischende Bilderbuchgeschichte von einem selbstbewussten M\u00e4dchen, das ihre Familie fest im Griff hat. Die farbenfrohen und humorvollen Illustrationen unterstreichen den Witz und sind ein gro\u00dfer Spa\u00df f\u00fcr die ganze Familie. Das kann man wirklich immer wieder anschauen.&#8220; \u00a9 FISCHER Sauerl\u00e4nder<\/p>\n<p><strong>Diversit\u00e4tsreflexivit\u00e4t des Produkts<\/strong><\/p>\n<p>In dem Kinderbuch <em>Auf keinen Fall Prinzessin!<\/em> werden geschlechterstereotype Vorstellungen dekonstruiert. Ein M\u00e4dchen* namens Marie spielt zusammen mit ihren Gro\u00dfeltern und Eltern ein Ritter-Drachen-Prinzessin Rollenspiel, wobei sie die Rolle der Prinzessin ablehnt und die Rollen des schrecklichen Drachens und sp\u00e4ter des Wehrturms favorisiert. Marie zeigt in dieser Geschichte ein Verhalten, welches mit den bin\u00e4ren gesellschaftlichen Rollenzuschreibung (m\u00e4nnlich* und weiblich*) nicht \u00fcbereinstimmt. Dar\u00fcber hinaus schl\u00e4gt Marie bei einem Rollenwechsel ebenfalls eine Rollenzuweisung entgegen stereotyper Vorstellungen vor: Oma ist der Drache, Opa die Prinzessin, Mama der Ritter und Papa das Skelett.<\/p>\n<p>Weiterhin verweist dieses Kinderbuch auf unterschiedliche Reaktionen des Umfeldes, wenn es zu einem abweichenden Verhalten von den gesellschaftlich konstruierten Geschlechterrollen kommt. Hierbei repr\u00e4sentiert ihre Oma die kritische und verst\u00e4ndnislose Haltung der Gesellschaft, w\u00e4hrend ihr Opa sie in ihrem Handeln empowert.<\/p>\n<p>Das Kinderbuch dekonstruiert implizit das stereotype Denken in Bezug auf die Geschlechterkategorien m\u00e4nnlich* und weiblich*. Allerdings werden die bin\u00e4ren Geschlechterdifferenzierungen nur so weit dekonstruiert, dass Stigmatisierungen aufgehoben werden, aber dennoch ausschlie\u00dflich die Geschlechterkategorien \u2013 m\u00e4nnlich* und weiblich* dargeboten werden. Zudem zeigt sich beispielsweise in der Illustration der Mutter Geschlechterstereotype \u2013 sprich: Kleid, rosa Kleidung.<\/p>\n","protected":false},"excerpt":{"rendered":"<p>Verlagsbeschreibung &#8222;Nicht alle M\u00e4dchen wollen Prinzessin sein. Marie ist ein schrecklicher Drache! Dabei denken Mama und Papa, Marie sei eine s\u00fc\u00dfe Prinzessin. Pustekuchen. Marie ist wirklich ein schrecklicher Drache. Und die spielen auch ganz andere Sachen als s\u00fc\u00dfe Prinzessinnen. Also muss Mama die Prinzessin sein, Papa ein Ritter in R\u00fcstung und Oma und Opa verspeiste [&hellip;]<\/p>\n","protected":false},"featured_media":78,"comment_status":"open","ping_status":"closed","template":"","meta":[],"product_brand":[],"product_cat":[284,285],"product_tag":[128],"class_list":{"0":"post-77","1":"product","2":"type-product","3":"status-publish","4":"has-post-thumbnail","6":"product_cat-body","7":"product_cat-gender","8":"product_tag-dekonstruktion-und-empowerment","10":"first","11":"instock","12":"shipping-taxable","13":"purchasable","14":"product-type-simple"},"_links":{"self":[{"href":"https:\/\/diversityspace.de\/index.php?rest_route=\/wp\/v2\/product\/77","targetHints":{"allow":["GET"]}}],"collection":[{"href":"https:\/\/diversityspace.de\/index.php?rest_route=\/wp\/v2\/product"}],"about":[{"href":"https:\/\/diversityspace.de\/index.php?rest_route=\/wp\/v2\/types\/product"}],"replies":[{"embeddable":true,"href":"https:\/\/diversityspace.de\/index.php?rest_route=%2Fwp%2Fv2%2Fcomments&post=77"}],"wp:featuredmedia":[{"embeddable":true,"href":"https:\/\/diversityspace.de\/index.php?rest_route=\/wp\/v2\/media\/78"}],"wp:attachment":[{"href":"https:\/\/diversityspace.de\/index.php?rest_route=%2Fwp%2Fv2%2Fmedia&parent=77"}],"wp:term":[{"taxonomy":"product_brand","embeddable":true,"href":"https:\/\/diversityspace.de\/index.php?rest_route=%2Fwp%2Fv2%2Fproduct_brand&post=77"},{"taxonomy":"product_cat","embeddable":true,"href":"https:\/\/diversityspace.de\/index.php?rest_route=%2Fwp%2Fv2%2Fproduct_cat&post=77"},{"taxonomy":"product_tag","embeddable":true,"href":"https:\/\/diversityspace.de\/index.php?rest_route=%2Fwp%2Fv2%2Fproduct_tag&post=77"}],"curies":[{"name":"wp","href":"https:\/\/api.w.org\/{rel}","templated":true}]}}