{"id":772,"date":"2022-10-03T13:59:25","date_gmt":"2022-10-03T11:59:25","guid":{"rendered":"https:\/\/diversityspace.de\/?post_type=product&#038;p=772"},"modified":"2025-11-13T14:13:37","modified_gmt":"2025-11-13T13:13:37","slug":"anti-mobbing-poster-fuer-die-grundschule-und-schule","status":"publish","type":"product","link":"https:\/\/diversityspace.de\/?product=anti-mobbing-poster-fuer-die-grundschule-und-schule","title":{"rendered":"Anti-Mobbing Poster f\u00fcr die Grundschule und Schule"},"content":{"rendered":"<p><strong>Beschreibung der Hersteller*innen<\/strong><\/p>\n<p>Mobbing kommt vor und dar\u00fcber zu reden kann man erlernen. Diese Anti-Mobbing Poster helfen dabei. Das ist besonders wichtig, wenn es eine Null-Toleranz-Grenze f\u00fcr Mobbing gibt. Denn nur wenn Mobbing erkannt wird, kann man ihm vorbeugen.<br \/>\nWeil die Poster besonders gro\u00df sind, eignen sie sich hervorragend gut als Gespr\u00e4chsanl\u00e4sse. Auf den Postern sind f\u00fcnf typische Mobbing-Situationen in Schulen gezeigt. Beispielsweise zeigen sie physisches wie psychisches Mobbing. Ebenso werden soziale Ausgrenzung und Cyber Mobbing thematisiert. Auf jeder Karte sind mehrere Kinder zu sehen, meist auch unbeteiligte. Dadurch ist es m\u00f6glich, Handlungsoptionen zu besprechen und \u00fcber die Gef\u00fchle in den unterschiedlichen Positionen. Da die Poster verschiedene Blickwinkel zulassen und erm\u00f6glichen, passen sie zu vielen verschiedenen Sensibilisierungskonzepten. Zum Beispiel zum \u201ctut mir gut\u201d-Konzept.<\/p>\n<p>Es sind Schwarze Menschen und Menschen mit Behinderung gezeigt. Die Bilder sind liebevoll gezeichnet. \u00a9 akros<\/p>\n<p><strong>Diversit\u00e4tsreflexivit\u00e4t des Produkts<\/strong><\/p>\n<p>Dieses Produkt thematisiert Mobbing im Schulkontext, sodass Kinder durch die abgebildeten Situationen lernen was Mobbing ist und dem entgegenwirken k\u00f6nnen. In f\u00fcnf unterschiedlichen Alltagsituationen werden Sch\u00fcler*innen unterschiedlichen Geschlechts, unterschiedlicher Hautfarbe und k\u00f6rperlicher Verfasstheit gezeigt, sodass Adressat*innen direkt angesprochen werden. Die Poster erm\u00f6glichen eine Sensibilisierung der Kinder hinsichtlich Mobbing.\u00a0 Diversit\u00e4t wird aus einer anti-diskriminierenden Perspektive behandelt, sodass Kinder eine wertsch\u00e4tzende und anerkennende Haltung verinnerlichen sollen, indem sie die Grenzen von Mobbing und demokratisch-solidarische Verhaltensregeln kennenlernen.<\/p>\n<p>&nbsp;<\/p>\n","protected":false},"excerpt":{"rendered":"<p>Beschreibung der Hersteller*innen Mobbing kommt vor und dar\u00fcber zu reden kann man erlernen. Diese Anti-Mobbing Poster helfen dabei. Das ist besonders wichtig, wenn es eine Null-Toleranz-Grenze f\u00fcr Mobbing gibt. Denn nur wenn Mobbing erkannt wird, kann man ihm vorbeugen. Weil die Poster besonders gro\u00df sind, eignen sie sich hervorragend gut als Gespr\u00e4chsanl\u00e4sse. Auf den Postern [&hellip;]<\/p>\n","protected":false},"featured_media":773,"comment_status":"open","ping_status":"closed","template":"","meta":[],"product_brand":[],"product_cat":[284,283,285,282],"product_tag":[201],"class_list":{"0":"post-772","1":"product","2":"type-product","3":"status-publish","4":"has-post-thumbnail","6":"product_cat-body","7":"product_cat-class","8":"product_cat-gender","9":"product_cat-race","10":"product_tag-normalisierung-und-empowerment","12":"first","13":"instock","14":"shipping-taxable","15":"purchasable","16":"product-type-simple"},"_links":{"self":[{"href":"https:\/\/diversityspace.de\/index.php?rest_route=\/wp\/v2\/product\/772","targetHints":{"allow":["GET"]}}],"collection":[{"href":"https:\/\/diversityspace.de\/index.php?rest_route=\/wp\/v2\/product"}],"about":[{"href":"https:\/\/diversityspace.de\/index.php?rest_route=\/wp\/v2\/types\/product"}],"replies":[{"embeddable":true,"href":"https:\/\/diversityspace.de\/index.php?rest_route=%2Fwp%2Fv2%2Fcomments&post=772"}],"wp:featuredmedia":[{"embeddable":true,"href":"https:\/\/diversityspace.de\/index.php?rest_route=\/wp\/v2\/media\/773"}],"wp:attachment":[{"href":"https:\/\/diversityspace.de\/index.php?rest_route=%2Fwp%2Fv2%2Fmedia&parent=772"}],"wp:term":[{"taxonomy":"product_brand","embeddable":true,"href":"https:\/\/diversityspace.de\/index.php?rest_route=%2Fwp%2Fv2%2Fproduct_brand&post=772"},{"taxonomy":"product_cat","embeddable":true,"href":"https:\/\/diversityspace.de\/index.php?rest_route=%2Fwp%2Fv2%2Fproduct_cat&post=772"},{"taxonomy":"product_tag","embeddable":true,"href":"https:\/\/diversityspace.de\/index.php?rest_route=%2Fwp%2Fv2%2Fproduct_tag&post=772"}],"curies":[{"name":"wp","href":"https:\/\/api.w.org\/{rel}","templated":true}]}}