{"id":774,"date":"2022-10-03T14:32:08","date_gmt":"2022-10-03T12:32:08","guid":{"rendered":"https:\/\/diversityspace.de\/?post_type=product&#038;p=774"},"modified":"2025-11-08T17:09:34","modified_gmt":"2025-11-08T16:09:34","slug":"xxl-suedafrika-puzzle-von-very-puzzled-100-teile","status":"publish","type":"product","link":"https:\/\/diversityspace.de\/?product=xxl-suedafrika-puzzle-von-very-puzzled-100-teile","title":{"rendered":"XXL S\u00fcdafrika Puzzle von very puzzled, 100 Teile"},"content":{"rendered":"<p><strong>Beschreibung der Hersteller*innen<\/strong><\/p>\n<p>Mit diesem S\u00fcdafrika-Puzzle von very puzzled spielerisch das Land erkundet.<br \/>\nIch empfehle das Puzzle in der Familie gemeinsam zu puzzeln. So kann zum Beispiel die Geschichte S\u00fcdafrikas besprochen werden. \u00a9 very puzzled<\/p>\n<p><strong>Diversit\u00e4tsreflexivit\u00e4t des Produkts<\/strong><\/p>\n<p>Das Puzzle bildet S\u00fcdafrika samt Ber\u00fchmtheiten und unterschiedlichen Lebensweisen ab. Bemerkenswert ist, dass das Land nicht auf eine stereotypierende Art und Weise dargestellt wird und so keine Klischees reproduziert. Die Provinzen S\u00fcdafrikas werden mit ihren unterschiedlichen Kulturen und Charakteristika gekennzeichnet. Auf diese Weise wird ein eindimensionales Verst\u00e4ndnis \u00fcber S\u00fcdafrika abgebaut. Kinder, die s\u00fcdafrikanische Wurzeln haben, werden erm\u00e4chtigt und ermutigt \u00fcber ihre Herkunft zu sprechen. Zudem wurden bekannte Pers\u00f6nlichkeiten in das Puzzle integriert, hierbei handelt es sich sowohl um Schwarze, PoC, als auch <em>wei\u00dfe<\/em> Menschen. Zus\u00e4tzlich zur Landkarte wird den Spielenden ein Schaubild mit geografischen Informationen zur Verf\u00fcgung gestellt, sodass ihr Wissen erweitert werden kann.<\/p>\n<p>&nbsp;<\/p>\n","protected":false},"excerpt":{"rendered":"<p>Beschreibung der Hersteller*innen Mit diesem S\u00fcdafrika-Puzzle von very puzzled spielerisch das Land erkundet. Ich empfehle das Puzzle in der Familie gemeinsam zu puzzeln. So kann zum Beispiel die Geschichte S\u00fcdafrikas besprochen werden. \u00a9 very puzzled Diversit\u00e4tsreflexivit\u00e4t des Produkts Das Puzzle bildet S\u00fcdafrika samt Ber\u00fchmtheiten und unterschiedlichen Lebensweisen ab. Bemerkenswert ist, dass das Land nicht auf [&hellip;]<\/p>\n","protected":false},"featured_media":775,"comment_status":"open","ping_status":"closed","template":"","meta":[],"product_brand":[],"product_cat":[282],"product_tag":[201],"class_list":{"0":"post-774","1":"product","2":"type-product","3":"status-publish","4":"has-post-thumbnail","6":"product_cat-race","7":"product_tag-normalisierung-und-empowerment","9":"first","10":"instock","11":"shipping-taxable","12":"purchasable","13":"product-type-simple"},"_links":{"self":[{"href":"https:\/\/diversityspace.de\/index.php?rest_route=\/wp\/v2\/product\/774","targetHints":{"allow":["GET"]}}],"collection":[{"href":"https:\/\/diversityspace.de\/index.php?rest_route=\/wp\/v2\/product"}],"about":[{"href":"https:\/\/diversityspace.de\/index.php?rest_route=\/wp\/v2\/types\/product"}],"replies":[{"embeddable":true,"href":"https:\/\/diversityspace.de\/index.php?rest_route=%2Fwp%2Fv2%2Fcomments&post=774"}],"wp:featuredmedia":[{"embeddable":true,"href":"https:\/\/diversityspace.de\/index.php?rest_route=\/wp\/v2\/media\/775"}],"wp:attachment":[{"href":"https:\/\/diversityspace.de\/index.php?rest_route=%2Fwp%2Fv2%2Fmedia&parent=774"}],"wp:term":[{"taxonomy":"product_brand","embeddable":true,"href":"https:\/\/diversityspace.de\/index.php?rest_route=%2Fwp%2Fv2%2Fproduct_brand&post=774"},{"taxonomy":"product_cat","embeddable":true,"href":"https:\/\/diversityspace.de\/index.php?rest_route=%2Fwp%2Fv2%2Fproduct_cat&post=774"},{"taxonomy":"product_tag","embeddable":true,"href":"https:\/\/diversityspace.de\/index.php?rest_route=%2Fwp%2Fv2%2Fproduct_tag&post=774"}],"curies":[{"name":"wp","href":"https:\/\/api.w.org\/{rel}","templated":true}]}}