{"id":782,"date":"2022-10-06T09:24:55","date_gmt":"2022-10-06T07:24:55","guid":{"rendered":"https:\/\/diversityspace.de\/?post_type=product&#038;p=782"},"modified":"2026-04-27T13:04:57","modified_gmt":"2026-04-27T11:04:57","slug":"schwarze-puppe-brandy","status":"publish","type":"product","link":"https:\/\/diversityspace.de\/?product=schwarze-puppe-brandy","title":{"rendered":"Schwarze Puppe Brandy"},"content":{"rendered":"<p><strong><a href=\"https:\/\/diversityspace.de\/wp-content\/uploads\/2024\/07\/05_DivSpace_Garbade_Kaya_Satz4.pdf\">2024_Garbade_Kaya_PuppeBrandy_SPA<\/a> <\/strong><\/p>\n<p><strong><a href=\"https:\/\/diversityspace.de\/wp-content\/uploads\/2024\/07\/08_DivSpace_Kaya_Satz4.pdf\">2024_Kaya_Puppe Brandy_DKA<\/a><\/strong><\/p>\n<p><strong>Beschreibung des Herstellers<\/strong><\/p>\n<p>Die neue Begleitung Brandy ist einfach ein Schatz.<br \/>\nDiese Schwarze Puppe ist voll aus Vinyl gefertigt und dadurch eine robuste Freundin.<br \/>\nWeil Brandy so lieb aussieht werden wir bestimmt verzeihen, dass die Puppe nicht immer dort liegen wird, wo sie hin geh\u00f6rt. Oder nicht?<br \/>\nSelbst mit stolzen\u00a0<strong>28\u00a0cm gro\u00df<\/strong>.<br \/>\nBrandy hat einen festen K\u00f6rper aus Vinyl. Sie kann selbst\u00e4ndig stehen und sitzen. \u00a9 Vestida de Azul<\/p>\n<p><strong>Diversit\u00e4tsreflexivit\u00e4t des Produkts<\/strong><\/p>\n<p>Die Schwarze Puppe aus der Brandy-Reihe steht f\u00fcr ethnische Vielfalt und kann Schwarze Kinder repr\u00e4sentieren. Gender und Race* werden als Diversit\u00e4tsdimensionen sichtbar. Die Puppe verf\u00fcgt \u00fcber keine eindeutigen Geschlechtsmerkmale. Sie kann so Schwarze Kinder empowern und sie sichtbar machen. Puppen sind bedeutungsoffen konzipiert. Daher ist der p\u00e4dagogische Einsatz und die didaktische Gestaltung entscheidend, um der Reproduktion von Stereotypen entgegen zu wirken.<\/p>\n","protected":false},"excerpt":{"rendered":"<p>2024_Garbade_Kaya_PuppeBrandy_SPA 2024_Kaya_Puppe Brandy_DKA Beschreibung des Herstellers Die neue Begleitung Brandy ist einfach ein Schatz. Diese Schwarze Puppe ist voll aus Vinyl gefertigt und dadurch eine robuste Freundin. Weil Brandy so lieb aussieht werden wir bestimmt verzeihen, dass die Puppe nicht immer dort liegen wird, wo sie hin geh\u00f6rt. Oder nicht? Selbst mit stolzen\u00a028\u00a0cm gro\u00df. Brandy [&hellip;]<\/p>\n","protected":false},"featured_media":783,"comment_status":"open","ping_status":"closed","template":"","meta":[],"product_brand":[],"product_cat":[282],"product_tag":[201],"class_list":{"0":"post-782","1":"product","2":"type-product","3":"status-publish","4":"has-post-thumbnail","6":"product_cat-race","7":"product_tag-normalisierung-und-empowerment","9":"first","10":"instock","11":"shipping-taxable","12":"purchasable","13":"product-type-simple"},"_links":{"self":[{"href":"https:\/\/diversityspace.de\/index.php?rest_route=\/wp\/v2\/product\/782","targetHints":{"allow":["GET"]}}],"collection":[{"href":"https:\/\/diversityspace.de\/index.php?rest_route=\/wp\/v2\/product"}],"about":[{"href":"https:\/\/diversityspace.de\/index.php?rest_route=\/wp\/v2\/types\/product"}],"replies":[{"embeddable":true,"href":"https:\/\/diversityspace.de\/index.php?rest_route=%2Fwp%2Fv2%2Fcomments&post=782"}],"wp:featuredmedia":[{"embeddable":true,"href":"https:\/\/diversityspace.de\/index.php?rest_route=\/wp\/v2\/media\/783"}],"wp:attachment":[{"href":"https:\/\/diversityspace.de\/index.php?rest_route=%2Fwp%2Fv2%2Fmedia&parent=782"}],"wp:term":[{"taxonomy":"product_brand","embeddable":true,"href":"https:\/\/diversityspace.de\/index.php?rest_route=%2Fwp%2Fv2%2Fproduct_brand&post=782"},{"taxonomy":"product_cat","embeddable":true,"href":"https:\/\/diversityspace.de\/index.php?rest_route=%2Fwp%2Fv2%2Fproduct_cat&post=782"},{"taxonomy":"product_tag","embeddable":true,"href":"https:\/\/diversityspace.de\/index.php?rest_route=%2Fwp%2Fv2%2Fproduct_tag&post=782"}],"curies":[{"name":"wp","href":"https:\/\/api.w.org\/{rel}","templated":true}]}}