{"id":784,"date":"2022-10-06T09:38:15","date_gmt":"2022-10-06T07:38:15","guid":{"rendered":"https:\/\/diversityspace.de\/?post_type=product&#038;p=784"},"modified":"2025-11-08T17:01:38","modified_gmt":"2025-11-08T16:01:38","slug":"schwarze-maennliche-babypuppe-puppe-mit-down-sydnrom","status":"publish","type":"product","link":"https:\/\/diversityspace.de\/?product=schwarze-maennliche-babypuppe-puppe-mit-down-sydnrom","title":{"rendered":"Schwarze \u201cm\u00e4nnliche\u201d Babypuppe \/ Puppe mit Down \u2013 Sydnrom"},"content":{"rendered":"<p><strong>Beschreibung des Herstellers<\/strong><\/p>\n<p>Diese Puppe mit Down-Syndrom ist einfach zum Knuddeln niedlich und wird bestimmt bald die Lieblingspuppe. \u00a9 miniland<\/p>\n<p><strong>Diversit\u00e4tsreflexivit\u00e4t des Produkts<\/strong><\/p>\n<p>Die Schwarze, m\u00e4nnliche Puppe mit Downsyndrom markiert die Kategorien Hautfarbe, Geschlecht und Behinderung und greift Vielfalt aus einer intersektionalen und inklusiven Perspektive auf. Das Material wertet nicht nur Schwarze Kinder auf, sondern auch Kinder, die eine \u00e4hnliche Behinderung aufweisen. Die Puppe ist gekennzeichnet mit m\u00e4nnlichen* Geschlechtsmerkmalen. Das Empowern von Schwarzen Menschen oder Menschen mit Behinderung kann nur gew\u00e4hrleistet werden, wenn die p\u00e4dagogische Gestaltung und Nutzung der Puppe keine Stereotype und Klischees entlang der dominanzkulturellen Vorstellung reproduziert.<\/p>\n","protected":false},"excerpt":{"rendered":"<p>Beschreibung des Herstellers Diese Puppe mit Down-Syndrom ist einfach zum Knuddeln niedlich und wird bestimmt bald die Lieblingspuppe. \u00a9 miniland Diversit\u00e4tsreflexivit\u00e4t des Produkts Die Schwarze, m\u00e4nnliche Puppe mit Downsyndrom markiert die Kategorien Hautfarbe, Geschlecht und Behinderung und greift Vielfalt aus einer intersektionalen und inklusiven Perspektive auf. Das Material wertet nicht nur Schwarze Kinder auf, sondern [&hellip;]<\/p>\n","protected":false},"featured_media":797,"comment_status":"open","ping_status":"closed","template":"","meta":[],"product_brand":[],"product_cat":[284,282],"product_tag":[117,201],"class_list":{"0":"post-784","1":"product","2":"type-product","3":"status-publish","4":"has-post-thumbnail","6":"product_cat-body","7":"product_cat-race","8":"product_tag-bedeutungsoffen","9":"product_tag-normalisierung-und-empowerment","11":"first","12":"instock","13":"shipping-taxable","14":"purchasable","15":"product-type-simple"},"_links":{"self":[{"href":"https:\/\/diversityspace.de\/index.php?rest_route=\/wp\/v2\/product\/784","targetHints":{"allow":["GET"]}}],"collection":[{"href":"https:\/\/diversityspace.de\/index.php?rest_route=\/wp\/v2\/product"}],"about":[{"href":"https:\/\/diversityspace.de\/index.php?rest_route=\/wp\/v2\/types\/product"}],"replies":[{"embeddable":true,"href":"https:\/\/diversityspace.de\/index.php?rest_route=%2Fwp%2Fv2%2Fcomments&post=784"}],"wp:featuredmedia":[{"embeddable":true,"href":"https:\/\/diversityspace.de\/index.php?rest_route=\/wp\/v2\/media\/797"}],"wp:attachment":[{"href":"https:\/\/diversityspace.de\/index.php?rest_route=%2Fwp%2Fv2%2Fmedia&parent=784"}],"wp:term":[{"taxonomy":"product_brand","embeddable":true,"href":"https:\/\/diversityspace.de\/index.php?rest_route=%2Fwp%2Fv2%2Fproduct_brand&post=784"},{"taxonomy":"product_cat","embeddable":true,"href":"https:\/\/diversityspace.de\/index.php?rest_route=%2Fwp%2Fv2%2Fproduct_cat&post=784"},{"taxonomy":"product_tag","embeddable":true,"href":"https:\/\/diversityspace.de\/index.php?rest_route=%2Fwp%2Fv2%2Fproduct_tag&post=784"}],"curies":[{"name":"wp","href":"https:\/\/api.w.org\/{rel}","templated":true}]}}