{"id":789,"date":"2022-10-06T10:20:52","date_gmt":"2022-10-06T08:20:52","guid":{"rendered":"https:\/\/diversityspace.de\/?post_type=product&#038;p=789"},"modified":"2026-04-27T13:02:42","modified_gmt":"2026-04-27T11:02:42","slug":"elfenkind-babyrassel-greifling-pixie-daffodil-von-pebble-handgehaekelt","status":"publish","type":"product","link":"https:\/\/diversityspace.de\/?product=elfenkind-babyrassel-greifling-pixie-daffodil-von-pebble-handgehaekelt","title":{"rendered":"Elfenkind Babyrassel \/ Greifling \u201cPixie Daffodil\u201d von Pebble, handgeh\u00e4kelt"},"content":{"rendered":"<p><strong>Beschreibung des Herstellers<\/strong><\/p>\n<p>Fr\u00f6hlich glucksende Laute werden Eltern wie Kindern mit dieser Rassel entlockt. Einfach, weil sie so niedlich ist. Der Greifling mit Rassel eignet sich hervorragend f\u00fcr kleine Babyh\u00e4nde. So kann das Elfenkind immer mit dabei sein. Das fr\u00f6hliche Design macht sie zu einem zauberhaften Geschenk zur Geburt, zum Geburtstag oder jedem anderen Tag, der besonders sein darf. \u00a9 Pebble<\/p>\n<p><strong>Diversit\u00e4tsreflexivit\u00e4t des Produkts<\/strong><\/p>\n<p>Die Babyrassel &#8222;Pixie Daffodil&#8220; stellt eine Schwarze Puppe dar und thematisiert so die Kategorie Race*. Die Puppe ist geschlechtsneutral gestaltet. Durch die weiche Form kann der Greifling ab sehr fr\u00fcher Kindheit verwendet werden. Auf Grund des einfach gehaltenen Designs der Puppe werden keine Klischees oder Stereotype reproduziert.<\/p>\n","protected":false},"excerpt":{"rendered":"<p>Beschreibung des Herstellers Fr\u00f6hlich glucksende Laute werden Eltern wie Kindern mit dieser Rassel entlockt. Einfach, weil sie so niedlich ist. Der Greifling mit Rassel eignet sich hervorragend f\u00fcr kleine Babyh\u00e4nde. So kann das Elfenkind immer mit dabei sein. Das fr\u00f6hliche Design macht sie zu einem zauberhaften Geschenk zur Geburt, zum Geburtstag oder jedem anderen Tag, [&hellip;]<\/p>\n","protected":false},"featured_media":790,"comment_status":"open","ping_status":"closed","template":"","meta":[],"product_brand":[],"product_cat":[282],"product_tag":[201],"class_list":{"0":"post-789","1":"product","2":"type-product","3":"status-publish","4":"has-post-thumbnail","6":"product_cat-race","7":"product_tag-normalisierung-und-empowerment","9":"first","10":"instock","11":"shipping-taxable","12":"purchasable","13":"product-type-simple"},"_links":{"self":[{"href":"https:\/\/diversityspace.de\/index.php?rest_route=\/wp\/v2\/product\/789","targetHints":{"allow":["GET"]}}],"collection":[{"href":"https:\/\/diversityspace.de\/index.php?rest_route=\/wp\/v2\/product"}],"about":[{"href":"https:\/\/diversityspace.de\/index.php?rest_route=\/wp\/v2\/types\/product"}],"replies":[{"embeddable":true,"href":"https:\/\/diversityspace.de\/index.php?rest_route=%2Fwp%2Fv2%2Fcomments&post=789"}],"wp:featuredmedia":[{"embeddable":true,"href":"https:\/\/diversityspace.de\/index.php?rest_route=\/wp\/v2\/media\/790"}],"wp:attachment":[{"href":"https:\/\/diversityspace.de\/index.php?rest_route=%2Fwp%2Fv2%2Fmedia&parent=789"}],"wp:term":[{"taxonomy":"product_brand","embeddable":true,"href":"https:\/\/diversityspace.de\/index.php?rest_route=%2Fwp%2Fv2%2Fproduct_brand&post=789"},{"taxonomy":"product_cat","embeddable":true,"href":"https:\/\/diversityspace.de\/index.php?rest_route=%2Fwp%2Fv2%2Fproduct_cat&post=789"},{"taxonomy":"product_tag","embeddable":true,"href":"https:\/\/diversityspace.de\/index.php?rest_route=%2Fwp%2Fv2%2Fproduct_tag&post=789"}],"curies":[{"name":"wp","href":"https:\/\/api.w.org\/{rel}","templated":true}]}}