{"id":79,"date":"2020-10-26T21:55:40","date_gmt":"2020-10-26T20:55:40","guid":{"rendered":"https:\/\/diversityspace.de\/?post_type=product&#038;p=79"},"modified":"2025-11-10T13:15:44","modified_gmt":"2025-11-10T12:15:44","slug":"und-ausserdem-sind-borsten-schoen","status":"publish","type":"product","link":"https:\/\/diversityspace.de\/?product=und-ausserdem-sind-borsten-schoen","title":{"rendered":"Und au\u00dferdem sind Borsten sch\u00f6n"},"content":{"rendered":"<p><strong>Verlagsbeschreibung<\/strong><\/p>\n<p>&#8222;Wir w\u00e4ren doch alle gern ein bisschen sch\u00f6ner! Blonder, muskul\u00f6ser, um die H\u00fcften eine Spur schlanker. Kein Grund zur Scham, mit diesen eitlen Tr\u00e4umen sind wir nicht allein!<\/p>\n<p>Nadia Budde holt die ganze schr\u00e4ge Verwandtschaft \u2013 von Onkel Waldemar bis Opa Archibald \u2013 jede Menge guter Freunde und illustre Nachbarn auf die Seiten dieses Bilderbuches und wir sehen gleich, wo es hapert: \u201cUnser Nachbar Thilo Schramm hat zu viele Kilogramm\u201c. Die Schwester h\u00e4tte gerne einen kleineren Mund, Waldemar tr\u00e4umt von glattem Haar, die kleinen Jungs im Nachbarhaus w\u00e4ren gern wie Supermann und sind \u2013 wenn wir ehrlich sind \u2013 davon so weit entfernt wie ihre Schwestern in Rosa von wahren Elfen. Und weil sie alle ganz hinrei\u00dfend (und so lustig!) sind, wie sie dastehen, hadernd mit dem, was fehlt oder zu viel ist, spricht uns am Ende einer aus der Seele, den der ganze Firlefanz um die Sch\u00f6nheit nicht juckt. Es ist Onkel Parzival, dem ist sein \u00c4u\u00dferes egal. Und der findet: \u201eEins ist wichtig, wie du bist, so bist du richtig!\u201c Und wenigstens kurzzeitig sind Onkel Waldemar, Thilo Schramm und unsere Elfen doch ziemlich erleichtert!&#8220; \u00a9 Peter Hammer Verlag<\/p>\n<p><strong>Diversit\u00e4tsreflexivit\u00e4t des Produkts:<\/strong><\/p>\n<p>In dem Buch \u201eUnd au\u00dferdem sind Borsten sch\u00f6n\u201c werden die Themen eigene K\u00f6rperideale und Sch\u00f6nheit in Reimform aufgegriffen. Dabei stellt das Buch unterschiedliche W\u00fcnsche in Bezug auf K\u00f6rper (K\u00f6rperformen, K\u00f6rperteile, K\u00f6rpergr\u00f6\u00dfen) vor und mischt Tier- und Menschenwelt. Zum Teil werden dadurch bestehende Ideale reproduziert \u2013 ebenso heteronormative Geschlechterbilde eingestreut. Dennoch bietet das Buch einen Anlass, eigene Vorstellungen zu hinterfragen und sich und andere anzunehmen, so wie sie sind. Da es zentral entlang von Unsicherheit und Unzufriedenheit argumentiert, kann es wichtig sein, dies p\u00e4dagogisch zu begleiten und damit besprechbar zu machen, damit Kinder bez\u00fcglich ihrer Selbstwahrnehmung und ihres Selbstbewusstseins gest\u00e4rkt werden.<\/p>\n","protected":false},"excerpt":{"rendered":"<p>Verlagsbeschreibung &#8222;Wir w\u00e4ren doch alle gern ein bisschen sch\u00f6ner! Blonder, muskul\u00f6ser, um die H\u00fcften eine Spur schlanker. Kein Grund zur Scham, mit diesen eitlen Tr\u00e4umen sind wir nicht allein! Nadia Budde holt die ganze schr\u00e4ge Verwandtschaft \u2013 von Onkel Waldemar bis Opa Archibald \u2013 jede Menge guter Freunde und illustre Nachbarn auf die Seiten dieses [&hellip;]<\/p>\n","protected":false},"featured_media":80,"comment_status":"open","ping_status":"closed","template":"","meta":[],"product_brand":[],"product_cat":[284],"product_tag":[201],"class_list":{"0":"post-79","1":"product","2":"type-product","3":"status-publish","4":"has-post-thumbnail","6":"product_cat-body","7":"product_tag-normalisierung-und-empowerment","9":"first","10":"instock","11":"shipping-taxable","12":"purchasable","13":"product-type-simple"},"_links":{"self":[{"href":"https:\/\/diversityspace.de\/index.php?rest_route=\/wp\/v2\/product\/79","targetHints":{"allow":["GET"]}}],"collection":[{"href":"https:\/\/diversityspace.de\/index.php?rest_route=\/wp\/v2\/product"}],"about":[{"href":"https:\/\/diversityspace.de\/index.php?rest_route=\/wp\/v2\/types\/product"}],"replies":[{"embeddable":true,"href":"https:\/\/diversityspace.de\/index.php?rest_route=%2Fwp%2Fv2%2Fcomments&post=79"}],"wp:featuredmedia":[{"embeddable":true,"href":"https:\/\/diversityspace.de\/index.php?rest_route=\/wp\/v2\/media\/80"}],"wp:attachment":[{"href":"https:\/\/diversityspace.de\/index.php?rest_route=%2Fwp%2Fv2%2Fmedia&parent=79"}],"wp:term":[{"taxonomy":"product_brand","embeddable":true,"href":"https:\/\/diversityspace.de\/index.php?rest_route=%2Fwp%2Fv2%2Fproduct_brand&post=79"},{"taxonomy":"product_cat","embeddable":true,"href":"https:\/\/diversityspace.de\/index.php?rest_route=%2Fwp%2Fv2%2Fproduct_cat&post=79"},{"taxonomy":"product_tag","embeddable":true,"href":"https:\/\/diversityspace.de\/index.php?rest_route=%2Fwp%2Fv2%2Fproduct_tag&post=79"}],"curies":[{"name":"wp","href":"https:\/\/api.w.org\/{rel}","templated":true}]}}