{"id":793,"date":"2022-10-06T10:41:45","date_gmt":"2022-10-06T08:41:45","guid":{"rendered":"https:\/\/diversityspace.de\/?post_type=product&#038;p=793"},"modified":"2025-11-08T16:40:46","modified_gmt":"2025-11-08T15:40:46","slug":"family-coloring-book-malbuch","status":"publish","type":"product","link":"https:\/\/diversityspace.de\/?product=family-coloring-book-malbuch","title":{"rendered":"Family Coloring Book &#8211; Malbuch"},"content":{"rendered":"<p><strong>Beschreibung des Herstellers<\/strong><\/p>\n<p>\u201cFamilien in ihrer ganzen Sch\u00f6nheit und Vielfalt! Unser Malbuch zeigt ein breites Spektrum des Zusammenlebens und erm\u00f6glicht, sich w\u00e4hrend dem Ausmalen ganz achtsam \u00fcber Gemeinsamkeiten auszutauschen. \u00a9 Leona Games<\/p>\n<p><strong>Diversit\u00e4tsreflexivit\u00e4t des Produkts<\/strong><\/p>\n<p>Das Malbuch zeigt verschiedene Familienformen und -konstellationen und greift Vielfalt aus einer heterogenen und inklusiven Perspektive auf. Kinder k\u00f6nnen ihrer Kreativit\u00e4t freien Lauf lassen und werden gleichzeitig mit Diversit\u00e4t bez\u00fcglich Familien konfrontiert. Das Malbuch unterst\u00fctzt den Abbau von Stereotypen malerisch.<\/p>\n","protected":false},"excerpt":{"rendered":"<p>Beschreibung des Herstellers \u201cFamilien in ihrer ganzen Sch\u00f6nheit und Vielfalt! Unser Malbuch zeigt ein breites Spektrum des Zusammenlebens und erm\u00f6glicht, sich w\u00e4hrend dem Ausmalen ganz achtsam \u00fcber Gemeinsamkeiten auszutauschen. \u00a9 Leona Games Diversit\u00e4tsreflexivit\u00e4t des Produkts Das Malbuch zeigt verschiedene Familienformen und -konstellationen und greift Vielfalt aus einer heterogenen und inklusiven Perspektive auf. Kinder k\u00f6nnen ihrer [&hellip;]<\/p>\n","protected":false},"featured_media":794,"comment_status":"open","ping_status":"closed","template":"","meta":[],"product_brand":[],"product_cat":[285,282],"product_tag":[201],"class_list":{"0":"post-793","1":"product","2":"type-product","3":"status-publish","4":"has-post-thumbnail","6":"product_cat-gender","7":"product_cat-race","8":"product_tag-normalisierung-und-empowerment","10":"first","11":"instock","12":"shipping-taxable","13":"purchasable","14":"product-type-simple"},"_links":{"self":[{"href":"https:\/\/diversityspace.de\/index.php?rest_route=\/wp\/v2\/product\/793","targetHints":{"allow":["GET"]}}],"collection":[{"href":"https:\/\/diversityspace.de\/index.php?rest_route=\/wp\/v2\/product"}],"about":[{"href":"https:\/\/diversityspace.de\/index.php?rest_route=\/wp\/v2\/types\/product"}],"replies":[{"embeddable":true,"href":"https:\/\/diversityspace.de\/index.php?rest_route=%2Fwp%2Fv2%2Fcomments&post=793"}],"wp:featuredmedia":[{"embeddable":true,"href":"https:\/\/diversityspace.de\/index.php?rest_route=\/wp\/v2\/media\/794"}],"wp:attachment":[{"href":"https:\/\/diversityspace.de\/index.php?rest_route=%2Fwp%2Fv2%2Fmedia&parent=793"}],"wp:term":[{"taxonomy":"product_brand","embeddable":true,"href":"https:\/\/diversityspace.de\/index.php?rest_route=%2Fwp%2Fv2%2Fproduct_brand&post=793"},{"taxonomy":"product_cat","embeddable":true,"href":"https:\/\/diversityspace.de\/index.php?rest_route=%2Fwp%2Fv2%2Fproduct_cat&post=793"},{"taxonomy":"product_tag","embeddable":true,"href":"https:\/\/diversityspace.de\/index.php?rest_route=%2Fwp%2Fv2%2Fproduct_tag&post=793"}],"curies":[{"name":"wp","href":"https:\/\/api.w.org\/{rel}","templated":true}]}}