{"id":795,"date":"2022-10-06T10:56:29","date_gmt":"2022-10-06T08:56:29","guid":{"rendered":"https:\/\/diversityspace.de\/?post_type=product&#038;p=795"},"modified":"2025-11-08T16:39:28","modified_gmt":"2025-11-08T15:39:28","slug":"puzzles-moderne-familien-regenbogenfamilie-adoptivfamilie-binational","status":"publish","type":"product","link":"https:\/\/diversityspace.de\/?product=puzzles-moderne-familien-regenbogenfamilie-adoptivfamilie-binational","title":{"rendered":"Puzzles \u201cmoderne Familien\u201d: Regenbogenfamilie, Adoptivfamilie, binational"},"content":{"rendered":"<p><strong>Beschreibung des Herstellers<\/strong><\/p>\n<p>Gro\u00dfe Familie, Adoptivfamilie, Regenbogenfamilie, Pflegefamilie, Patchworkfamilie oder binationale Familie \u2013 diese 4 Puzzles lassen Raum f\u00fcr verschiedene Konstellationen. Weil Diversity Spiele so wichtig sind! \u00a9 akros<\/p>\n<p><strong>Diversit\u00e4tsreflexivit\u00e4t des Produkts<\/strong><\/p>\n<p>Das Puzzle zeigt vier unterschiedliche Familienkonstellationen, z.B. gleichgeschlechtliche Familien, Gro\u00dffamilien oder Pflegefamilien. \u00dcber das Konstrukt der Familie kommen Kinder mit Vielfalt bez\u00fcglich Geschlecht, Sexualit\u00e4t, Hautfarbe, Herkunft und Alter in Kontakt und lernen, dass es nicht nur eine Form von Familie gibt. So f\u00f6rdert das Puzzle die Sensibilisierung von Kindern hinsichtlich diverser Familienformen und Lebensweisen, aber auch hinsichtlich Hautfarbe, Herkunft, Geschlecht, Sexualit\u00e4t und Alter. Klischees und normative Vorstellung der Dominanzkultur werden aufgebrochen. Die Puzzleteile sind gr\u00f6\u00dfer und f\u00fcr Kinder im Alter von 2 bis 5 Jahren geeignet.<\/p>\n","protected":false},"excerpt":{"rendered":"<p>Beschreibung des Herstellers Gro\u00dfe Familie, Adoptivfamilie, Regenbogenfamilie, Pflegefamilie, Patchworkfamilie oder binationale Familie \u2013 diese 4 Puzzles lassen Raum f\u00fcr verschiedene Konstellationen. Weil Diversity Spiele so wichtig sind! \u00a9 akros Diversit\u00e4tsreflexivit\u00e4t des Produkts Das Puzzle zeigt vier unterschiedliche Familienkonstellationen, z.B. gleichgeschlechtliche Familien, Gro\u00dffamilien oder Pflegefamilien. \u00dcber das Konstrukt der Familie kommen Kinder mit Vielfalt bez\u00fcglich Geschlecht, [&hellip;]<\/p>\n","protected":false},"featured_media":796,"comment_status":"open","ping_status":"closed","template":"","meta":[],"product_brand":[],"product_cat":[285,282],"product_tag":[201],"class_list":{"0":"post-795","1":"product","2":"type-product","3":"status-publish","4":"has-post-thumbnail","6":"product_cat-gender","7":"product_cat-race","8":"product_tag-normalisierung-und-empowerment","10":"first","11":"instock","12":"shipping-taxable","13":"purchasable","14":"product-type-simple"},"_links":{"self":[{"href":"https:\/\/diversityspace.de\/index.php?rest_route=\/wp\/v2\/product\/795","targetHints":{"allow":["GET"]}}],"collection":[{"href":"https:\/\/diversityspace.de\/index.php?rest_route=\/wp\/v2\/product"}],"about":[{"href":"https:\/\/diversityspace.de\/index.php?rest_route=\/wp\/v2\/types\/product"}],"replies":[{"embeddable":true,"href":"https:\/\/diversityspace.de\/index.php?rest_route=%2Fwp%2Fv2%2Fcomments&post=795"}],"wp:featuredmedia":[{"embeddable":true,"href":"https:\/\/diversityspace.de\/index.php?rest_route=\/wp\/v2\/media\/796"}],"wp:attachment":[{"href":"https:\/\/diversityspace.de\/index.php?rest_route=%2Fwp%2Fv2%2Fmedia&parent=795"}],"wp:term":[{"taxonomy":"product_brand","embeddable":true,"href":"https:\/\/diversityspace.de\/index.php?rest_route=%2Fwp%2Fv2%2Fproduct_brand&post=795"},{"taxonomy":"product_cat","embeddable":true,"href":"https:\/\/diversityspace.de\/index.php?rest_route=%2Fwp%2Fv2%2Fproduct_cat&post=795"},{"taxonomy":"product_tag","embeddable":true,"href":"https:\/\/diversityspace.de\/index.php?rest_route=%2Fwp%2Fv2%2Fproduct_tag&post=795"}],"curies":[{"name":"wp","href":"https:\/\/api.w.org\/{rel}","templated":true}]}}