{"id":801,"date":"2022-10-31T18:39:32","date_gmt":"2022-10-31T17:39:32","guid":{"rendered":"https:\/\/diversityspace.de\/?post_type=product&#038;p=801"},"modified":"2026-02-05T20:58:00","modified_gmt":"2026-02-05T19:58:00","slug":"family-memory-leona-games","status":"publish","type":"product","link":"https:\/\/diversityspace.de\/?product=family-memory-leona-games","title":{"rendered":"Family Memory | Leona Games"},"content":{"rendered":"<p><strong><a href=\"https:\/\/diversityspace.de\/wp-content\/uploads\/2024\/07\/04_DivSpace_Cloos_Garbade_Satz4-1.pdf\">2024_Cloos_Garbade_Familienmemo_AFA<\/a><\/strong><\/p>\n<p><strong>Beschreibung des Herstellers<\/strong><\/p>\n<p>\u201cSpielerisch Vielfalt entdecken:<br \/>\nMenschen sind unterschiedlich, Familien sind vielf\u00e4ltig und Spiele sollten das auch sein! Lasst uns achtsam in einen Austausch \u00fcber Gemeinsamkeiten und Unterschiede kommen. Das Family Memo thematisiert die Vielfalt und Diversit\u00e4t von Familien alters\u00fcbergreifend. Die liebevoll gestalteten Memo-Karten zeigen verschiedene Altersgruppen, Geschlechter, Religionen und Familienmodelle und lassen so erahnen, wie vielf\u00e4ltig Familien sein k\u00f6nnen.\u201d \u00a9 Leona Games<\/p>\n<p><strong>Diversit\u00e4tsreflexivit\u00e4t des Produkts<\/strong><\/p>\n<p>Das Memory-Spiel schl\u00e4gt die Br\u00fccke zwischen diversen Familienmodellen und Vielfalt, indem es beides verkn\u00fcpft. Kinder lernen \u00fcber ein einfaches Kartenspiel unterschiedliche Menschen kennen, sei es bezogen auf ihr Familienmodell, ihre Religion, Altersgruppe, ihr Geschlecht oder ihre Herkunft. In der Familie erfahren Kinder verschiedenste Werte und Normen, Haltungen und Zugeh\u00f6rigkeiten. Daher spielt die Familie bei der kindlichen Entwicklung eine besondere Rolle. Ein Spiel, welches Diversit\u00e4t in Familien abbildet, kann Kindern bei einer vorurteilsbewussten Haltung schulen.<\/p>\n","protected":false},"excerpt":{"rendered":"<p>2024_Cloos_Garbade_Familienmemo_AFA Beschreibung des Herstellers \u201cSpielerisch Vielfalt entdecken: Menschen sind unterschiedlich, Familien sind vielf\u00e4ltig und Spiele sollten das auch sein! Lasst uns achtsam in einen Austausch \u00fcber Gemeinsamkeiten und Unterschiede kommen. Das Family Memo thematisiert die Vielfalt und Diversit\u00e4t von Familien alters\u00fcbergreifend. Die liebevoll gestalteten Memo-Karten zeigen verschiedene Altersgruppen, Geschlechter, Religionen und Familienmodelle und lassen so [&hellip;]<\/p>\n","protected":false},"featured_media":802,"comment_status":"open","ping_status":"closed","template":"","meta":[],"product_brand":[],"product_cat":[285,282],"product_tag":[201],"class_list":{"0":"post-801","1":"product","2":"type-product","3":"status-publish","4":"has-post-thumbnail","6":"product_cat-gender","7":"product_cat-race","8":"product_tag-normalisierung-und-empowerment","10":"first","11":"instock","12":"shipping-taxable","13":"purchasable","14":"product-type-simple"},"_links":{"self":[{"href":"https:\/\/diversityspace.de\/index.php?rest_route=\/wp\/v2\/product\/801","targetHints":{"allow":["GET"]}}],"collection":[{"href":"https:\/\/diversityspace.de\/index.php?rest_route=\/wp\/v2\/product"}],"about":[{"href":"https:\/\/diversityspace.de\/index.php?rest_route=\/wp\/v2\/types\/product"}],"replies":[{"embeddable":true,"href":"https:\/\/diversityspace.de\/index.php?rest_route=%2Fwp%2Fv2%2Fcomments&post=801"}],"wp:featuredmedia":[{"embeddable":true,"href":"https:\/\/diversityspace.de\/index.php?rest_route=\/wp\/v2\/media\/802"}],"wp:attachment":[{"href":"https:\/\/diversityspace.de\/index.php?rest_route=%2Fwp%2Fv2%2Fmedia&parent=801"}],"wp:term":[{"taxonomy":"product_brand","embeddable":true,"href":"https:\/\/diversityspace.de\/index.php?rest_route=%2Fwp%2Fv2%2Fproduct_brand&post=801"},{"taxonomy":"product_cat","embeddable":true,"href":"https:\/\/diversityspace.de\/index.php?rest_route=%2Fwp%2Fv2%2Fproduct_cat&post=801"},{"taxonomy":"product_tag","embeddable":true,"href":"https:\/\/diversityspace.de\/index.php?rest_route=%2Fwp%2Fv2%2Fproduct_tag&post=801"}],"curies":[{"name":"wp","href":"https:\/\/api.w.org\/{rel}","templated":true}]}}