{"id":807,"date":"2022-11-12T15:11:45","date_gmt":"2022-11-12T14:11:45","guid":{"rendered":"https:\/\/diversityspace.de\/?post_type=product&#038;p=807"},"modified":"2025-11-08T16:32:12","modified_gmt":"2025-11-08T15:32:12","slug":"buch-ein-morgen-mit-mojo","status":"publish","type":"product","link":"https:\/\/diversityspace.de\/?product=buch-ein-morgen-mit-mojo","title":{"rendered":"Buch &#8211; Ein Morgen mit Mojo"},"content":{"rendered":"<p><strong>Verlagsbeschreibung\u00a0<\/strong><\/p>\n<p>Wir hoffen, dass Ihnen und Ihren kleinen Zuh\u00f6rerinnen und Zuh\u00f6rern die Geschichte von Sua und Mojo Spa\u00df gemacht hat! Sie zeigt einen Ausschnitt aus dem Leben einer Kleinbauernfamilie in Ghana in Westafrika. Dabei gibt sie einen kindgerechten Einblick, wie wir von Deutschland aus dazu beitragen, den Alltag von Menschen in armen Regionen zu verbessern. Zum Beispiel, indem wir vielf\u00e4ltige und gesunde Ern\u00e4hrung (S. 3) und Neuerungen (S. 5\/8) f\u00f6rdern. Oder indem wir Unternehmen unterst\u00fctzen, die Lebensmittel verarbeiten und Arbeitspl\u00e4tze schaffen (S. 6\u201311). Mit dem Kernthema \u201eLeben ohne Hunger \u2013 Transformation der Agrar- und Ern\u00e4hrungssysteme\u201c schaffen wir besondere Aufmerksamkeit. Durch solche Projekte haben Familien unter anderem in Ghana ihr Einkommen erh\u00f6ht. Sie haben zum Beispiel gelernt, Mangos haltbar zu machen, Reis mit Solarenergie zu trocknen und k\u00f6nnen ihre Kinder zur Schule schicken \u2013 wie in Suas und Mojos Geschichte. \u00a9 bmz.de<\/p>\n<p><strong>Diversit\u00e4tsreflexivit\u00e4t des Buches\u00a0<\/strong><\/p>\n<p>Das Kinderbuch verschafft einen Einblick in das Leben einer Kleinbauernfamilie in Ghana in Westafrika. Kinder und Leser*innen sollen durch das Buch auf nachhaltige Entwicklung aufmerksam gemacht werden. Armut und Hunger, welche die ersten zwei Ziele der Agenda &#8222;Bildung f\u00fcr nachhaltige Entwicklung&#8220; darstellen, sind die Hauptthemen. Suas und Mojos Geschichte soll somit zur Sensibilisierung beitragen und Kindern einen Zugang zu vielf\u00e4ltigen Lebensweisen und Nachhaltigkeit erm\u00f6glichen. Wichtig f\u00fcr die Analyse dieses Buches ist die Frage, inwiefern die gezeigten Menschen stereotypierend und klischeebehaftet dargestellt werden. Denn dies sollte bei der Darstellung vermieden werden.<\/p>\n<p>&nbsp;<\/p>\n","protected":false},"excerpt":{"rendered":"<p>Verlagsbeschreibung\u00a0 Wir hoffen, dass Ihnen und Ihren kleinen Zuh\u00f6rerinnen und Zuh\u00f6rern die Geschichte von Sua und Mojo Spa\u00df gemacht hat! Sie zeigt einen Ausschnitt aus dem Leben einer Kleinbauernfamilie in Ghana in Westafrika. Dabei gibt sie einen kindgerechten Einblick, wie wir von Deutschland aus dazu beitragen, den Alltag von Menschen in armen Regionen zu verbessern. [&hellip;]<\/p>\n","protected":false},"featured_media":808,"comment_status":"open","ping_status":"closed","template":"","meta":[],"product_brand":[],"product_cat":[282],"product_tag":[201],"class_list":{"0":"post-807","1":"product","2":"type-product","3":"status-publish","4":"has-post-thumbnail","6":"product_cat-race","7":"product_tag-normalisierung-und-empowerment","9":"first","10":"instock","11":"shipping-taxable","12":"purchasable","13":"product-type-simple"},"_links":{"self":[{"href":"https:\/\/diversityspace.de\/index.php?rest_route=\/wp\/v2\/product\/807","targetHints":{"allow":["GET"]}}],"collection":[{"href":"https:\/\/diversityspace.de\/index.php?rest_route=\/wp\/v2\/product"}],"about":[{"href":"https:\/\/diversityspace.de\/index.php?rest_route=\/wp\/v2\/types\/product"}],"replies":[{"embeddable":true,"href":"https:\/\/diversityspace.de\/index.php?rest_route=%2Fwp%2Fv2%2Fcomments&post=807"}],"wp:featuredmedia":[{"embeddable":true,"href":"https:\/\/diversityspace.de\/index.php?rest_route=\/wp\/v2\/media\/808"}],"wp:attachment":[{"href":"https:\/\/diversityspace.de\/index.php?rest_route=%2Fwp%2Fv2%2Fmedia&parent=807"}],"wp:term":[{"taxonomy":"product_brand","embeddable":true,"href":"https:\/\/diversityspace.de\/index.php?rest_route=%2Fwp%2Fv2%2Fproduct_brand&post=807"},{"taxonomy":"product_cat","embeddable":true,"href":"https:\/\/diversityspace.de\/index.php?rest_route=%2Fwp%2Fv2%2Fproduct_cat&post=807"},{"taxonomy":"product_tag","embeddable":true,"href":"https:\/\/diversityspace.de\/index.php?rest_route=%2Fwp%2Fv2%2Fproduct_tag&post=807"}],"curies":[{"name":"wp","href":"https:\/\/api.w.org\/{rel}","templated":true}]}}