{"id":81,"date":"2020-10-26T21:57:12","date_gmt":"2020-10-26T20:57:12","guid":{"rendered":"https:\/\/diversityspace.de\/?post_type=product&#038;p=81"},"modified":"2025-11-10T13:12:12","modified_gmt":"2025-11-10T12:12:12","slug":"mein-kleiner-fahrzeugspass-buddel-mit-dem-baggerhuhn","status":"publish","type":"product","link":"https:\/\/diversityspace.de\/?product=mein-kleiner-fahrzeugspass-buddel-mit-dem-baggerhuhn","title":{"rendered":"Mein kleiner Fahrzeugspa\u00df: Buddel mit dem Baggerhuhn"},"content":{"rendered":"<p><strong>Verlagsbeschreibung<\/strong><\/p>\n<p>&#8222;Ein lustiges und stabiles Baggerbuch in Fahrzeugform und mit Klappen. Das Baggerhuhn Anette Kuhn hilft auf vielen Baustellen: Hier baut sie ein neues Sportlerheim, gr\u00e4bt eine Drainage auf den Acker und verlegt Rohre, dort baut sie einen Spielplatz und setzt ein Dach aufs M\u00e4usehaus. Schlie\u00dflich macht auch das Baggerhuhn Feierabend: am Baggersee. Stolperfrei gereimte Vierzeiler f\u00fchren von einer Szene zur n\u00e4chsten. Auf jeder Doppelseite kann der Leser die T\u00fcr des gelben Baggers \u00f6ffnen und in das F\u00fchrerh\u00e4uschen schauen, um dem Baggerhuhn bei seiner Arbeit ganz nah zu sein. Kein Sachbuch, aber eine gro\u00dfer Spa\u00df f\u00fcr alle kleinen Fahrzeugfans ab 18 Monaten.&#8220; \u00a9 Carlsen<\/p>\n<p><strong>Diversit\u00e4tsreflexivit\u00e4t des Produkts:<\/strong><\/p>\n<p>Das Buch \u201eMein kleiner Fahrzeugspa\u00df: Buddel mit dem Baggerhuhn\u201c werden geschlechterstereotype Vorstellungen von Berufsbildern dekonstruiert. Das Huhn Anette Kuhn arbeitet als Baggerfahrerin in einem m\u00e4nnlich konnotierten Berufsfeld. Auch die B\u00fcrgermeisterin des Ortes wird als weiblich dargestellt. Es wird nicht explizit angesprochen, dass dies etwas \u201eBesonderes\u201c sei. Damit wird Kindern implizit eine Normalit\u00e4t der Berufswahl vermittelt. Zugleich wird durch Sprache und Illustrationen eine bin\u00e4re Geschlechterdifferenzierung aufrechterhalten (u. a. Bikini und weiblich konnotierte Accessoires)<br \/>\nIrritierend ist, dass in den aufklappbaren Baggert\u00fcren zwei Mal eine Zeitschrift mit dem Titel \u201eChick\u201c abgebildet ist, auf dem ein Huhn markant posiert (k\u00f6nnte je nach Auslegung entweder ein Modemagazin oder eine \u201eM\u00e4nnerzeitschrift\u201c sein). In beiden Lesarten ist die Darstellung solch eines Magazins kritisch zu betrachten im Hinblick auf Geschlechterstereotype und es bleibt fraglich, wozu es in einem Buch f\u00fcr Kinder ab 18 Monaten so einer Darstellung bedarf.<\/p>\n","protected":false},"excerpt":{"rendered":"<p>Verlagsbeschreibung &#8222;Ein lustiges und stabiles Baggerbuch in Fahrzeugform und mit Klappen. Das Baggerhuhn Anette Kuhn hilft auf vielen Baustellen: Hier baut sie ein neues Sportlerheim, gr\u00e4bt eine Drainage auf den Acker und verlegt Rohre, dort baut sie einen Spielplatz und setzt ein Dach aufs M\u00e4usehaus. Schlie\u00dflich macht auch das Baggerhuhn Feierabend: am Baggersee. Stolperfrei gereimte [&hellip;]<\/p>\n","protected":false},"featured_media":82,"comment_status":"open","ping_status":"closed","template":"","meta":[],"product_brand":[],"product_cat":[285],"product_tag":[201],"class_list":{"0":"post-81","1":"product","2":"type-product","3":"status-publish","4":"has-post-thumbnail","6":"product_cat-gender","7":"product_tag-normalisierung-und-empowerment","9":"first","10":"instock","11":"shipping-taxable","12":"purchasable","13":"product-type-simple"},"_links":{"self":[{"href":"https:\/\/diversityspace.de\/index.php?rest_route=\/wp\/v2\/product\/81","targetHints":{"allow":["GET"]}}],"collection":[{"href":"https:\/\/diversityspace.de\/index.php?rest_route=\/wp\/v2\/product"}],"about":[{"href":"https:\/\/diversityspace.de\/index.php?rest_route=\/wp\/v2\/types\/product"}],"replies":[{"embeddable":true,"href":"https:\/\/diversityspace.de\/index.php?rest_route=%2Fwp%2Fv2%2Fcomments&post=81"}],"wp:featuredmedia":[{"embeddable":true,"href":"https:\/\/diversityspace.de\/index.php?rest_route=\/wp\/v2\/media\/82"}],"wp:attachment":[{"href":"https:\/\/diversityspace.de\/index.php?rest_route=%2Fwp%2Fv2%2Fmedia&parent=81"}],"wp:term":[{"taxonomy":"product_brand","embeddable":true,"href":"https:\/\/diversityspace.de\/index.php?rest_route=%2Fwp%2Fv2%2Fproduct_brand&post=81"},{"taxonomy":"product_cat","embeddable":true,"href":"https:\/\/diversityspace.de\/index.php?rest_route=%2Fwp%2Fv2%2Fproduct_cat&post=81"},{"taxonomy":"product_tag","embeddable":true,"href":"https:\/\/diversityspace.de\/index.php?rest_route=%2Fwp%2Fv2%2Fproduct_tag&post=81"}],"curies":[{"name":"wp","href":"https:\/\/api.w.org\/{rel}","templated":true}]}}