{"id":813,"date":"2022-11-13T15:33:12","date_gmt":"2022-11-13T14:33:12","guid":{"rendered":"https:\/\/diversityspace.de\/?post_type=product&#038;p=813"},"modified":"2026-01-14T12:51:59","modified_gmt":"2026-01-14T11:51:59","slug":"sachbuch-100-kinder-von-christoph-droesser","status":"publish","type":"product","link":"https:\/\/diversityspace.de\/?product=sachbuch-100-kinder-von-christoph-droesser","title":{"rendered":"Sachbuch &#8211; 100 Kinder von Christoph Dr\u00f6sser"},"content":{"rendered":"<p><strong><a href=\"https:\/\/diversityspace.de\/wp-content\/uploads\/2024\/05\/2024_Prigge_Buch100_BDA.pdf\">2024_Prigge_Buch100_BDA<\/a><\/strong><\/p>\n<p><strong>Verlagsbeschreibung<\/strong><\/p>\n<p>Kindersachbuch ab 8 Jahren mit beeindruckenden Infografiken zum Entdecken und Staunen. Von ZEIT-Autor Christoph Dr\u00f6sser und ZEIT-Illustratorin Nora Coenenberg. Ausgezeichnet mit dem Deutschen Jugendliteraturpreis 2021 in der Kategorie Sachbuch. Verbl\u00fcffend, wie die Welt aussieht, wenn wir das Leben von 100 Kindern betrachten, die f\u00fcr die zwei Milliarden Kinder auf der Erde stehen. Ihr Alltag auf verschiedenen Kontinenten, in unterschiedlichen Religionen, fremden L\u00e4ndern und Kulturen wird anhand statistischer Zahlen f\u00fcr Kinder verst\u00e4ndlich erkl\u00e4rt und im Infografik-Stil anschaulich bebildert. \u00a9 Gabriel in der Thienemann-Esslinger Verlag GmbH<\/p>\n<p><strong>Diversit\u00e4tsreflexivit\u00e4t des Buches<\/strong><\/p>\n<p>Das Sachbilderbuch \u201e100 Kinder\u201c stellt die Weltbev\u00f6lkerung in 100 Kindern zusammen. So werden Themen wie Herkunft, Religion, Bildung, Gesundheit, Armut und Geschlechterverteilung anschaulich und kindgerecht vermittelt. Es wird deutlich, wie sich Lebenswelten von Kindern im Verh\u00e4ltnis gestalten. Das Buch enth\u00e4lt viel Text und ist vor allem f\u00fcr \u00e4ltere Kinder in Schule und Familienalltag geeignet. Aus diversit\u00e4tsreflexiver Perspektive f\u00f6rdert das Buch Perspektivenwechsel und Empathie: Kinder lernen, globale Ungleichheiten und Vielfalt zu erkennen. Es l\u00e4dt dazu ein, \u00fcber Gerechtigkeit, Teilhabe und Privilegien nachzudenken. Kritisch l\u00e4sst sich anmerken, dass komplexe gesellschaftliche Strukturen stark vereinfacht werden und einige Aspekte \u2013 etwa Behinderung, queere Identit\u00e4ten oder postkoloniale Perspektiven \u2013 kaum vorkommen. Dennoch bietet das Buch einen Einstieg, um mit Kindern \u00fcber weltweite Unterschiede, Chancen und Gemeinsamkeiten zu sprechen.<\/p>\n","protected":false},"excerpt":{"rendered":"<p>2024_Prigge_Buch100_BDA Verlagsbeschreibung Kindersachbuch ab 8 Jahren mit beeindruckenden Infografiken zum Entdecken und Staunen. Von ZEIT-Autor Christoph Dr\u00f6sser und ZEIT-Illustratorin Nora Coenenberg. Ausgezeichnet mit dem Deutschen Jugendliteraturpreis 2021 in der Kategorie Sachbuch. Verbl\u00fcffend, wie die Welt aussieht, wenn wir das Leben von 100 Kindern betrachten, die f\u00fcr die zwei Milliarden Kinder auf der Erde stehen. Ihr [&hellip;]<\/p>\n","protected":false},"featured_media":814,"comment_status":"open","ping_status":"closed","template":"","meta":[],"product_brand":[],"product_cat":[284,283,285,282],"product_tag":[201],"class_list":{"0":"post-813","1":"product","2":"type-product","3":"status-publish","4":"has-post-thumbnail","6":"product_cat-body","7":"product_cat-class","8":"product_cat-gender","9":"product_cat-race","10":"product_tag-normalisierung-und-empowerment","12":"first","13":"instock","14":"shipping-taxable","15":"purchasable","16":"product-type-simple"},"_links":{"self":[{"href":"https:\/\/diversityspace.de\/index.php?rest_route=\/wp\/v2\/product\/813","targetHints":{"allow":["GET"]}}],"collection":[{"href":"https:\/\/diversityspace.de\/index.php?rest_route=\/wp\/v2\/product"}],"about":[{"href":"https:\/\/diversityspace.de\/index.php?rest_route=\/wp\/v2\/types\/product"}],"replies":[{"embeddable":true,"href":"https:\/\/diversityspace.de\/index.php?rest_route=%2Fwp%2Fv2%2Fcomments&post=813"}],"wp:featuredmedia":[{"embeddable":true,"href":"https:\/\/diversityspace.de\/index.php?rest_route=\/wp\/v2\/media\/814"}],"wp:attachment":[{"href":"https:\/\/diversityspace.de\/index.php?rest_route=%2Fwp%2Fv2%2Fmedia&parent=813"}],"wp:term":[{"taxonomy":"product_brand","embeddable":true,"href":"https:\/\/diversityspace.de\/index.php?rest_route=%2Fwp%2Fv2%2Fproduct_brand&post=813"},{"taxonomy":"product_cat","embeddable":true,"href":"https:\/\/diversityspace.de\/index.php?rest_route=%2Fwp%2Fv2%2Fproduct_cat&post=813"},{"taxonomy":"product_tag","embeddable":true,"href":"https:\/\/diversityspace.de\/index.php?rest_route=%2Fwp%2Fv2%2Fproduct_tag&post=813"}],"curies":[{"name":"wp","href":"https:\/\/api.w.org\/{rel}","templated":true}]}}