{"id":819,"date":"2022-11-16T20:59:04","date_gmt":"2022-11-16T19:59:04","guid":{"rendered":"https:\/\/diversityspace.de\/?post_type=product&#038;p=819"},"modified":"2026-04-27T12:57:31","modified_gmt":"2026-04-27T10:57:31","slug":"wimmelbuch-mimis-kunterbunte-welt-von-ulrike-haas-und-nicola-boyne","status":"publish","type":"product","link":"https:\/\/diversityspace.de\/?product=wimmelbuch-mimis-kunterbunte-welt-von-ulrike-haas-und-nicola-boyne","title":{"rendered":"Wimmelbuch &#8211; Mimis kunterbunte Welt von Ulrike Haas und Nicola Boyne"},"content":{"rendered":"<p><a href=\"https:\/\/diversityspace.de\/wp-content\/uploads\/2024\/07\/14_DivSpace_Weigel_kunterbunte-Welt_Satz2_doi.pdf\">2024_Weigel_Mimis_kunterbunte_Welt_DKA<\/a><\/p>\n<p><a href=\"https:\/\/diversityspace.de\/wp-content\/uploads\/2024\/07\/13_DivSpace_Weigel_Vergleich_Satz2_doi.pdf\">2024_Weigel_Vergleich_zweier_Wimmelb\u00fccher_DKA<\/a><\/p>\n<p><strong>Verlagsbeschreibung<\/strong><\/p>\n<p>Das Wimmelbuch \u201eMimis kunterbunte Welt\u201c zeigt die Welt, in all ihren unterschiedlichen und wundersch\u00f6nen Facetten. In Mimis Welt wimmelt es von vielen wunderbaren Kindern und Erwachsenen, die alle unterschiedlicher nicht sein k\u00f6nnten. Mimi reist zu seinen Lieblingspl\u00e4tzen und seinen Freundinnen und Freunden: Findest Du zum Beispiel Toni, den rothaarigen Jungen im Prinzessinnenkleid oder Mali, die Frau von der Feuerwehr? Oder hast Du schon Freddy gesehen, wie er Papierflieger steigen l\u00e4sst? \u00a9 Ulila Verlag<\/p>\n<p><strong>Diversit\u00e4tsreflexivit\u00e4t des Buches<\/strong><\/p>\n<p>Das Wimmelbuch &#8222;Mimis kunterbunte Welt&#8220; zeigt auf vielf\u00e4ltigen Alltagsszenen Menschen in all ihrer Unterschiedlichkeit: mit verschiedenen Hautfarben, K\u00f6rperformen, Behinderungen, Geschlechtern und Lebensweisen. Ohne erkl\u00e4renden Text werden diese Unterschiede selbstverst\u00e4ndlich nebeneinander dargestellt und als Teil einer gemeinsamen Lebenswelt sichtbar. Aus diversit\u00e4tsreflexiver Perspektive bietet das Buch einen wertvollen Beitrag zur fr\u00fchen Bildung, indem es Vielfalt nicht als Besonderheit, sondern als Normalit\u00e4t pr\u00e4sentiert (Normalisierung). Kinder k\u00f6nnen sich in unterschiedlichen Figuren wiederfinden (Empowerment) und erleben, dass Zugeh\u00f6rigkeit vielf\u00e4ltig sein kann. So f\u00f6rdert das Buch sowohl Wahrnehmung von Diversit\u00e4t als auch Empathie und Selbstwertgef\u00fchl. Kritisch anzumerken ist, dass die Darstellung stark auf visuelle Repr\u00e4sentation setzt und gesellschaftliche Ungleichheiten oder Machtverh\u00e4ltnisse nicht vertieft reflektiert werden. Die Diversit\u00e4t bleibt somit eher auf der Ebene der Darstellung, ohne aktiv zur Dekonstruktion sozialer Normen anzuregen. Dennoch gelingt Mimis kunterbunte Welt eine niedrigschwellige, empowernde Ann\u00e4herung an Inklusion und Vielfalt im kindlichen Alltag.<\/p>\n","protected":false},"excerpt":{"rendered":"<p>2024_Weigel_Mimis_kunterbunte_Welt_DKA 2024_Weigel_Vergleich_zweier_Wimmelb\u00fccher_DKA Verlagsbeschreibung Das Wimmelbuch \u201eMimis kunterbunte Welt\u201c zeigt die Welt, in all ihren unterschiedlichen und wundersch\u00f6nen Facetten. In Mimis Welt wimmelt es von vielen wunderbaren Kindern und Erwachsenen, die alle unterschiedlicher nicht sein k\u00f6nnten. Mimi reist zu seinen Lieblingspl\u00e4tzen und seinen Freundinnen und Freunden: Findest Du zum Beispiel Toni, den rothaarigen Jungen im Prinzessinnenkleid [&hellip;]<\/p>\n","protected":false},"featured_media":820,"comment_status":"open","ping_status":"closed","template":"","meta":[],"product_brand":[],"product_cat":[284,283,285,282],"product_tag":[201],"class_list":{"0":"post-819","1":"product","2":"type-product","3":"status-publish","4":"has-post-thumbnail","6":"product_cat-body","7":"product_cat-class","8":"product_cat-gender","9":"product_cat-race","10":"product_tag-normalisierung-und-empowerment","12":"first","13":"instock","14":"shipping-taxable","15":"purchasable","16":"product-type-simple"},"_links":{"self":[{"href":"https:\/\/diversityspace.de\/index.php?rest_route=\/wp\/v2\/product\/819","targetHints":{"allow":["GET"]}}],"collection":[{"href":"https:\/\/diversityspace.de\/index.php?rest_route=\/wp\/v2\/product"}],"about":[{"href":"https:\/\/diversityspace.de\/index.php?rest_route=\/wp\/v2\/types\/product"}],"replies":[{"embeddable":true,"href":"https:\/\/diversityspace.de\/index.php?rest_route=%2Fwp%2Fv2%2Fcomments&post=819"}],"wp:featuredmedia":[{"embeddable":true,"href":"https:\/\/diversityspace.de\/index.php?rest_route=\/wp\/v2\/media\/820"}],"wp:attachment":[{"href":"https:\/\/diversityspace.de\/index.php?rest_route=%2Fwp%2Fv2%2Fmedia&parent=819"}],"wp:term":[{"taxonomy":"product_brand","embeddable":true,"href":"https:\/\/diversityspace.de\/index.php?rest_route=%2Fwp%2Fv2%2Fproduct_brand&post=819"},{"taxonomy":"product_cat","embeddable":true,"href":"https:\/\/diversityspace.de\/index.php?rest_route=%2Fwp%2Fv2%2Fproduct_cat&post=819"},{"taxonomy":"product_tag","embeddable":true,"href":"https:\/\/diversityspace.de\/index.php?rest_route=%2Fwp%2Fv2%2Fproduct_tag&post=819"}],"curies":[{"name":"wp","href":"https:\/\/api.w.org\/{rel}","templated":true}]}}