{"id":97,"date":"2020-10-27T09:06:49","date_gmt":"2020-10-27T08:06:49","guid":{"rendered":"https:\/\/diversityspace.de\/?post_type=product&#038;p=97"},"modified":"2024-05-02T10:09:08","modified_gmt":"2024-05-02T08:09:08","slug":"starke-maedchen-starke-jungen","status":"publish","type":"product","link":"https:\/\/diversityspace.de\/?product=starke-maedchen-starke-jungen","title":{"rendered":"Starke M\u00e4dchen, starke Jungen"},"content":{"rendered":"<p><strong>Verlagsbeschreibung<\/strong><\/p>\n<p>&#8222;Was hat Bildung und Erziehung mit Geschlecht zu tun? Warum zeigen viele Kinder im Kindergartenalter oft ein klischeehaftes Verhalten von M\u00e4dchen- und Jungesein?<br \/>\nEine geschlechterbewusste P\u00e4dagogik ist notwendig, um Kinder in ihren Interessen zu f\u00f6rdern und gleiche Chancen herzustellen. Im Buch werden die Erkenntnisse aus Theorie und Praxis geschlechterbewusster P\u00e4dagogik verst\u00e4ndlich und praxisorientiert dargestellt.&#8220; \u00a9 Herder<\/p>\n<p><strong>Diversit\u00e4tsreflexivit\u00e4t des Produkts<\/strong><\/p>\n<p>Das Fachbuch besch\u00e4ftigt sich in 13 Kapiteln mit einer genderbewussten P\u00e4dagogik in der Kindertagesst\u00e4tte. Es werden sowohl rechtliche Grundlagen, als auch theoretische Grundlagen beispielsweise zu Geschlechtskonstruktionen, praktische Tipps und Beispiele gegeben. Mithilfe von kleinen K\u00e4sten werden wichtige Definitionen, Experimente oder Fallbeispiele kurz und \u00fcbersichtlich erl\u00e4utert, sodass dieses Buch einen ersten Einstieg in die Thematik bietet. Die Autorin hinterfragt allgegenw\u00e4rtigen Symbolen, Strukturen, Verhaltensweisen, Gef\u00fchls\u00e4u\u00dferungen und Spielmaterial die h\u00e4ufig dem m\u00e4nnlichen oder weiblichen Geschlecht zugeschrieben werden. Da diese Zuschreibungen dann unreflektiert weitergegeben werden, k\u00f6nnen sie das Entfaltungs- und Entwicklungsspektrum des Kindes einschr\u00e4nken. Kinder die diesen Vorstellungen und Erwartungen nicht entsprechen, werden h\u00e4ufig ausgegrenzt und benachteiligt. So k\u00f6nnten Geschlechterkonstruktionen zu sozialen Benachteiligungen f\u00fchren und Ungleichheit verst\u00e4rken. Das Buch versucht die versteckten Machtprozesse aufzuzeigen, die mit dem Geschlecht und den stereotypischen Zuschreibungen in Zusammenhang stehen.<\/p>\n<p>Im gesamten Fachbuch wird gendersensible Sprache verwendet und es werden viele Problematiken im (Kita-) Alltag mit Kindern aufgegriffen. Zudem werden Hinweise und Denkanst\u00f6\u00dfe f\u00fcr P\u00e4dagog*innen gegeben, die sich mit dem Thema n\u00e4her besch\u00e4ftigen wollen. Das Wort &#8217;stark&#8216; welches im Titel verwendet und h\u00e4ufig eher Jungen* zugeschrieben wird, spielt ebenfalls eine Rolle und wird in einem Kapitel stark hinterfragt. Dieses Fachbuch bietet f\u00fcr Fachkr\u00e4fte einen guten und umfassenden \u00dcberblick und wirkt auch f\u00fcr Eltern und andere interessierte Personen sehr zug\u00e4nglich.<\/p>\n","protected":false},"excerpt":{"rendered":"<p>Verlagsbeschreibung &#8222;Was hat Bildung und Erziehung mit Geschlecht zu tun? Warum zeigen viele Kinder im Kindergartenalter oft ein klischeehaftes Verhalten von M\u00e4dchen- und Jungesein? Eine geschlechterbewusste P\u00e4dagogik ist notwendig, um Kinder in ihren Interessen zu f\u00f6rdern und gleiche Chancen herzustellen. Im Buch werden die Erkenntnisse aus Theorie und Praxis geschlechterbewusster P\u00e4dagogik verst\u00e4ndlich und praxisorientiert dargestellt.&#8220; [&hellip;]<\/p>\n","protected":false},"featured_media":98,"comment_status":"open","ping_status":"closed","template":"","meta":[],"product_brand":[],"product_cat":[15],"product_tag":[],"class_list":{"0":"post-97","1":"product","2":"type-product","3":"status-publish","4":"has-post-thumbnail","6":"product_cat-unkategorisiert","8":"first","9":"instock","10":"shipping-taxable","11":"purchasable","12":"product-type-simple"},"_links":{"self":[{"href":"https:\/\/diversityspace.de\/index.php?rest_route=\/wp\/v2\/product\/97","targetHints":{"allow":["GET"]}}],"collection":[{"href":"https:\/\/diversityspace.de\/index.php?rest_route=\/wp\/v2\/product"}],"about":[{"href":"https:\/\/diversityspace.de\/index.php?rest_route=\/wp\/v2\/types\/product"}],"replies":[{"embeddable":true,"href":"https:\/\/diversityspace.de\/index.php?rest_route=%2Fwp%2Fv2%2Fcomments&post=97"}],"wp:featuredmedia":[{"embeddable":true,"href":"https:\/\/diversityspace.de\/index.php?rest_route=\/wp\/v2\/media\/98"}],"wp:attachment":[{"href":"https:\/\/diversityspace.de\/index.php?rest_route=%2Fwp%2Fv2%2Fmedia&parent=97"}],"wp:term":[{"taxonomy":"product_brand","embeddable":true,"href":"https:\/\/diversityspace.de\/index.php?rest_route=%2Fwp%2Fv2%2Fproduct_brand&post=97"},{"taxonomy":"product_cat","embeddable":true,"href":"https:\/\/diversityspace.de\/index.php?rest_route=%2Fwp%2Fv2%2Fproduct_cat&post=97"},{"taxonomy":"product_tag","embeddable":true,"href":"https:\/\/diversityspace.de\/index.php?rest_route=%2Fwp%2Fv2%2Fproduct_tag&post=97"}],"curies":[{"name":"wp","href":"https:\/\/api.w.org\/{rel}","templated":true}]}}